{"id":4415,"date":"2023-07-03T12:29:33","date_gmt":"2023-07-03T10:29:33","guid":{"rendered":"https:\/\/site.evodeaf.com\/?page_id=4415"},"modified":"2023-08-02T15:07:16","modified_gmt":"2023-08-02T13:07:16","slug":"totem-interattivo","status":"publish","type":"page","link":"https:\/\/evodeaf.com\/ru\/totem-interattivo\/","title":{"rendered":"\u0418\u043d\u0442\u0435\u0440\u0430\u043a\u0442\u0438\u0432\u043d\u044b\u0439 \u0442\u043e\u0442\u0435\u043c"},"content":{"rendered":"<div data-elementor-type=\"wp-page\" data-elementor-id=\"4415\" class=\"elementor elementor-4415\" data-elementor-post-type=\"page\">\n\t\t\t\t\t\t<section class=\"elementor-section elementor-top-section elementor-element elementor-element-c611621 elementor-section-height-min-height elementor-section-boxed elementor-section-height-default elementor-section-items-middle\" data-id=\"c611621\" data-element_type=\"section\" data-settings=\"{&quot;background_background&quot;:&quot;classic&quot;}\">\n\t\t\t\t\t\t<div class=\"elementor-container elementor-column-gap-default\">\n\t\t\t\t\t<div class=\"elementor-column elementor-col-100 elementor-top-column elementor-element elementor-element-708d1bd\" data-id=\"708d1bd\" data-element_type=\"column\">\n\t\t\t<div class=\"elementor-widget-wrap elementor-element-populated\">\n\t\t\t\t\t\t<div class=\"elementor-element elementor-element-b949605 elementor-widget__width-initial elementor-widget elementor-widget-heading\" data-id=\"b949605\" data-element_type=\"widget\" data-widget_type=\"heading.default\">\n\t\t\t\t<div class=\"elementor-widget-container\">\n\t\t\t\t\t<h1 class=\"elementor-heading-title elementor-size-default\">\u0418\u043d\u0442\u0435\u0440\u0430\u043a\u0442\u0438\u0432\u043d\u044b\u0439 \u0442\u043e\u0442\u0435\u043c<\/h1>\t\t\t\t<\/div>\n\t\t\t\t<\/div>\n\t\t\t\t\t<\/div>\n\t\t<\/div>\n\t\t\t\t\t<\/div>\n\t\t<\/section>\n\t\t\t\t<section class=\"elementor-section elementor-top-section elementor-element elementor-element-3375abe elementor-section-boxed elementor-section-height-default elementor-section-height-default\" data-id=\"3375abe\" data-element_type=\"section\">\n\t\t\t\t\t\t<div class=\"elementor-container elementor-column-gap-default\">\n\t\t\t\t\t\t<\/div>\n\t\t<\/section>\n\t\t\t\t<section class=\"elementor-section elementor-top-section elementor-element elementor-element-e9961a5 elementor-section-height-min-height elementor-section-boxed elementor-section-height-default elementor-section-items-middle\" data-id=\"e9961a5\" data-element_type=\"section\">\n\t\t\t\t\t\t<div class=\"elementor-container elementor-column-gap-default\">\n\t\t\t\t\t<div class=\"elementor-column elementor-col-100 elementor-top-column elementor-element elementor-element-c19ac3b\" data-id=\"c19ac3b\" data-element_type=\"column\">\n\t\t\t<div class=\"elementor-widget-wrap elementor-element-populated\">\n\t\t\t\t\t\t<div class=\"elementor-element elementor-element-74a2af9 elementor-widget elementor-widget-image\" data-id=\"74a2af9\" data-element_type=\"widget\" data-widget_type=\"image.default\">\n\t\t\t\t<div class=\"elementor-widget-container\">\n\t\t\t\t\t\t\t\t\t\t\t\t\t\t\t<img fetchpriority=\"high\" decoding=\"async\" width=\"300\" height=\"300\" src=\"https:\/\/evodeaf.com\/wp-content\/uploads\/2023\/07\/EvodeafTotem-300x300.png\" class=\"attachment-medium size-medium wp-image-5882\" alt=\"\" srcset=\"https:\/\/evodeaf.com\/wp-content\/uploads\/2023\/07\/EvodeafTotem-300x300.png 300w, https:\/\/evodeaf.com\/wp-content\/uploads\/2023\/07\/EvodeafTotem-100x100.png 100w, https:\/\/evodeaf.com\/wp-content\/uploads\/2023\/07\/EvodeafTotem-150x150.png 150w, https:\/\/evodeaf.com\/wp-content\/uploads\/2023\/07\/EvodeafTotem.png 500w\" sizes=\"(max-width: 300px) 100vw, 300px\" \/>\t\t\t\t\t\t\t\t\t\t\t\t\t\t\t<\/div>\n\t\t\t\t<\/div>\n\t\t\t\t<div class=\"elementor-element elementor-element-1120247 elementor-widget__width-initial elementor-widget elementor-widget-text-editor\" data-id=\"1120247\" data-element_type=\"widget\" data-widget_type=\"text-editor.default\">\n\t\t\t\t<div class=\"elementor-widget-container\">\n\t\t\t\t\t\t\t\t\t<p class=\"p1\">Il Totem Interattivo di Evodeaf \u00e8 una soluzione innovativa che aiuta le persone affette da sordit\u00e0 di interfacciarsi con i servizi offerti. Questo totem digitale proietta segni e messaggi in lingua dei segni, eliminando le barriere dell&#8217;accessibilit\u00e0 e permettendo a tutti di offrire o ricevere assistenza in modo efficace e inclusivo. Posizionato in luoghi strategici, il totem offre un accesso immediato ai servizi e alle informazioni, facilitando la comunicazione e contribuendo a una societ\u00e0 pi\u00f9 inclusiva.<\/p>\t\t\t\t\t\t\t\t<\/div>\n\t\t\t\t<\/div>\n\t\t\t\t\t<\/div>\n\t\t<\/div>\n\t\t\t\t\t<\/div>\n\t\t<\/section>\n\t\t\t\t<section class=\"elementor-section elementor-top-section elementor-element elementor-element-a6445ec elementor-section-full_width elementor-section-height-default elementor-section-height-default\" data-id=\"a6445ec\" data-element_type=\"section\">\n\t\t\t\t\t\t<div class=\"elementor-container elementor-column-gap-default\">\n\t\t\t\t\t<div class=\"elementor-column elementor-col-100 elementor-top-column elementor-element elementor-element-a29a5ba\" data-id=\"a29a5ba\" data-element_type=\"column\">\n\t\t\t<div class=\"elementor-widget-wrap elementor-element-populated\">\n\t\t\t\t\t\t<section class=\"elementor-section elementor-inner-section elementor-element elementor-element-0b9f601 elementor-section-height-min-height elementor-section-boxed elementor-section-height-default\" data-id=\"0b9f601\" data-element_type=\"section\">\n\t\t\t\t\t\t<div class=\"elementor-container elementor-column-gap-default\">\n\t\t\t\t\t<div class=\"elementor-column elementor-col-33 elementor-inner-column elementor-element elementor-element-777c33b elementor-invisible\" data-id=\"777c33b\" data-element_type=\"column\" data-settings=\"{&quot;background_background&quot;:&quot;classic&quot;,&quot;animation&quot;:&quot;fadeInUp&quot;}\">\n\t\t\t<div class=\"elementor-widget-wrap elementor-element-populated\">\n\t\t\t\t\t\t<div class=\"elementor-element elementor-element-bc5d238 elementor-widget elementor-widget-heading\" data-id=\"bc5d238\" data-element_type=\"widget\" data-widget_type=\"heading.default\">\n\t\t\t\t<div class=\"elementor-widget-container\">\n\t\t\t\t\t<h5 class=\"elementor-heading-title elementor-size-default\">Accessibilit\u00e0 senza barriere<\/h5>\t\t\t\t<\/div>\n\t\t\t\t<\/div>\n\t\t\t\t<div class=\"elementor-element elementor-element-1187a3b elementor-widget elementor-widget-text-editor\" data-id=\"1187a3b\" data-element_type=\"widget\" data-widget_type=\"text-editor.default\">\n\t\t\t\t<div class=\"elementor-widget-container\">\n\t\t\t\t\t\t\t\t\t<p>Il Totem Interattivo di Evodeaf \u00e8 un passo verso una societ\u00e0 pi\u00f9 inclusiva, in cui l&#8217;accessibilit\u00e0 \u00e8 garantita per tutti, indipendentemente dalle capacit\u00e0 uditive.<\/p><p>Contribuisce a rompere le barriere dell&#8217;accesso alle informazioni e ai servizi, favorendo una comunicazione senza limiti.<\/p><p><span style=\"color: var( --e-global-color-primary ); font-family: var( --e-global-typography-text-font-family ), Sans-serif; font-size: var( --e-global-typography-text-font-size ); font-weight: var( --e-global-typography-text-font-weight ); letter-spacing: var( --e-global-typography-text-letter-spacing );\">\u0422\u043e\u0442\u0435\u043c \u043f\u0440\u0435\u0434\u043b\u0430\u0433\u0430\u0435\u0442 \u043c\u0433\u043d\u043e\u0432\u0435\u043d\u043d\u044b\u0439 \u0434\u043e\u0441\u0442\u0443\u043f \u043a \u0443\u0441\u043b\u0443\u0433\u0430\u043c \u0438 \u0438\u043d\u0444\u043e\u0440\u043c\u0430\u0446\u0438\u0438, \u0433\u0434\u0435 \u0433\u043b\u0443\u0445\u0438\u0435 \u043b\u044e\u0434\u0438 \u043c\u043e\u0433\u0443\u0442 \u0441\u043e\u043e\u0431\u0449\u0430\u0442\u044c \u043e \u0441\u0432\u043e\u0438\u0445 \u043f\u043e\u0442\u0440\u0435\u0431\u043d\u043e\u0441\u0442\u044f\u0445, \u043f\u043e\u043b\u0443\u0447\u0430\u0442\u044c \u0434\u043e\u0441\u0442\u0443\u043f \u043a \u0432\u0430\u0436\u043d\u043e\u0439 \u0438\u043d\u0444\u043e\u0440\u043c\u0430\u0446\u0438\u0438 \u0438 \u043f\u043e\u043b\u0443\u0447\u0430\u0442\u044c \u043f\u043e\u043c\u043e\u0449\u044c.<\/span><\/p>\t\t\t\t\t\t\t\t<\/div>\n\t\t\t\t<\/div>\n\t\t\t\t\t<\/div>\n\t\t<\/div>\n\t\t\t\t<div class=\"elementor-column elementor-col-33 elementor-inner-column elementor-element elementor-element-63608d9 elementor-invisible\" data-id=\"63608d9\" data-element_type=\"column\" data-settings=\"{&quot;background_background&quot;:&quot;classic&quot;,&quot;animation&quot;:&quot;fadeInUp&quot;}\">\n\t\t\t<div class=\"elementor-widget-wrap elementor-element-populated\">\n\t\t\t\t\t\t<div class=\"elementor-element elementor-element-dc469b5 elementor-widget elementor-widget-heading\" data-id=\"dc469b5\" data-element_type=\"widget\" data-widget_type=\"heading.default\">\n\t\t\t\t<div class=\"elementor-widget-container\">\n\t\t\t\t\t<h5 class=\"elementor-heading-title elementor-size-default\">\u0410\u0432\u0442\u043e\u043d\u043e\u043c\u0438\u044f \u0438 \u043d\u0435\u0437\u0430\u0432\u0438\u0441\u0438\u043c\u043e\u0441\u0442\u044c<\/h5>\t\t\t\t<\/div>\n\t\t\t\t<\/div>\n\t\t\t\t<div class=\"elementor-element elementor-element-9797145 elementor-widget elementor-widget-text-editor\" data-id=\"9797145\" data-element_type=\"widget\" data-widget_type=\"text-editor.default\">\n\t\t\t\t<div class=\"elementor-widget-container\">\n\t\t\t\t\t\t\t\t\t<p>\u0418\u0441\u043f\u043e\u043b\u044c\u0437\u043e\u0432\u0430\u043d\u0438\u0435 \u0438\u043d\u0442\u0435\u0440\u0430\u043a\u0442\u0438\u0432\u043d\u043e\u0433\u043e \u0442\u043e\u0442\u0435\u043c\u0430 Evodeaf \u043f\u043e\u0437\u0432\u043e\u043b\u044f\u0435\u0442 \u0433\u043b\u0443\u0445\u0438\u043c \u0431\u0435\u0441\u043f\u0440\u0435\u043f\u044f\u0442\u0441\u0442\u0432\u0435\u043d\u043d\u043e \u043f\u043e\u043b\u0443\u0447\u0430\u0442\u044c \u0434\u043e\u0441\u0442\u0443\u043f \u043a \u0443\u0441\u043b\u0443\u0433\u0430\u043c \u0438 \u0438\u043d\u0444\u043e\u0440\u043c\u0430\u0446\u0438\u0438.<\/p><p>La proiezione di segni e messaggi in lingua dei segni offre un&#8217;interfaccia visiva e intuitiva, consentendo di comprendere e comunicare in modo efficace.<\/p><p>Ci\u00f2 promuove l&#8217;accessibilit\u00e0 universale e garantisce a tutti l&#8217;opportunit\u00e0 di usufruire dei servizi disponibili.<\/p>\t\t\t\t\t\t\t\t<\/div>\n\t\t\t\t<\/div>\n\t\t\t\t\t<\/div>\n\t\t<\/div>\n\t\t\t\t<div class=\"elementor-column elementor-col-33 elementor-inner-column elementor-element elementor-element-d9cb292 elementor-invisible\" data-id=\"d9cb292\" data-element_type=\"column\" data-settings=\"{&quot;background_background&quot;:&quot;classic&quot;,&quot;animation&quot;:&quot;fadeInUp&quot;}\">\n\t\t\t<div class=\"elementor-widget-wrap elementor-element-populated\">\n\t\t\t\t\t\t<div class=\"elementor-element elementor-element-27a17ad elementor-widget elementor-widget-heading\" data-id=\"27a17ad\" data-element_type=\"widget\" data-widget_type=\"heading.default\">\n\t\t\t\t<div class=\"elementor-widget-container\">\n\t\t\t\t\t<h5 class=\"elementor-heading-title elementor-size-default\">\u0412\u043a\u043b\u044e\u0447\u0435\u043d\u0438\u0435 \u0438 \u044d\u0444\u0444\u0435\u043a\u0442\u0438\u0432\u043d\u043e\u0435 \u043e\u0431\u0449\u0435\u043d\u0438\u0435<\/h5>\t\t\t\t<\/div>\n\t\t\t\t<\/div>\n\t\t\t\t<div class=\"elementor-element elementor-element-fd09920 elementor-widget elementor-widget-text-editor\" data-id=\"fd09920\" data-element_type=\"widget\" data-widget_type=\"text-editor.default\">\n\t\t\t\t<div class=\"elementor-widget-container\">\n\t\t\t\t\t\t\t\t\t<p>Il Totem, inoltre, promuove l&#8217;inclusione sociale e la comunicazione efficace tra le persone.<\/p><p>Grazie alla proiezione di segni e messaggi in lingua dei segni, facilita la comprensione reciproca e crea un ambiente in cui tutti possono comunicare senza barriere linguistiche.<\/p><p>Ci\u00f2 favorisce cos\u00ec la collaborazione, la partecipazione attiva e la creazione di legami pi\u00f9 forti e inclusivi all&#8217;interno della societ\u00e0.<\/p>\t\t\t\t\t\t\t\t<\/div>\n\t\t\t\t<\/div>\n\t\t\t\t\t<\/div>\n\t\t<\/div>\n\t\t\t\t\t<\/div>\n\t\t<\/section>\n\t\t\t\t\t<\/div>\n\t\t<\/div>\n\t\t\t\t\t<\/div>\n\t\t<\/section>\n\t\t\t\t<\/div>","protected":false},"excerpt":{"rendered":"<p>Totem interattivo Il Totem Interattivo di Evodeaf \u00e8 una soluzione innovativa che aiuta le persone affette da sordit\u00e0 di interfacciarsi con i servizi offerti. Questo totem digitale proietta segni e messaggi in lingua dei segni, eliminando le barriere dell&#8217;accessibilit\u00e0 e permettendo a tutti di offrire o ricevere assistenza in modo efficace e inclusivo. Posizionato in [&hellip;]<\/p>","protected":false},"author":1,"featured_media":0,"parent":0,"menu_order":0,"comment_status":"closed","ping_status":"closed","template":"","meta":{"_acf_changed":false,"footnotes":""},"class_list":["post-4415","page","type-page","status-publish","hentry"],"acf":[],"yoast_head":"<!-- This site is optimized with the Yoast SEO plugin v24.5 - https:\/\/yoast.com\/wordpress\/plugins\/seo\/ -->\n<title>Totem interattivo - Evodeaf<\/title>\n<meta name=\"robots\" content=\"index, follow, max-snippet:-1, max-image-preview:large, max-video-preview:-1\" \/>\n<link rel=\"canonical\" href=\"https:\/\/evodeaf.com\/ru\/totem-interattivo\/\" \/>\n<meta property=\"og:locale\" content=\"ru_RU\" \/>\n<meta property=\"og:type\" content=\"article\" \/>\n<meta property=\"og:title\" content=\"Totem interattivo - Evodeaf\" \/>\n<meta property=\"og:description\" content=\"Totem interattivo Il Totem Interattivo di Evodeaf \u00e8 una soluzione innovativa che aiuta le persone affette da sordit\u00e0 di interfacciarsi con i servizi offerti. Questo totem digitale proietta segni e messaggi in lingua dei segni, eliminando le barriere dell&#8217;accessibilit\u00e0 e permettendo a tutti di offrire o ricevere assistenza in modo efficace e inclusivo. Posizionato in [&hellip;]\" \/>\n<meta property=\"og:url\" content=\"https:\/\/evodeaf.com\/ru\/totem-interattivo\/\" \/>\n<meta property=\"og:site_name\" content=\"Evodeaf\" \/>\n<meta property=\"article:modified_time\" content=\"2023-08-02T13:07:16+00:00\" \/>\n<meta property=\"og:image\" content=\"https:\/\/evodeaf.com\/wp-content\/uploads\/2023\/07\/EvodeafTotem-300x300.png\" \/>\n<meta name=\"twitter:card\" content=\"summary_large_image\" \/>\n<meta name=\"twitter:label1\" content=\"\u041f\u0440\u0438\u043c\u0435\u0440\u043d\u043e\u0435 \u0432\u0440\u0435\u043c\u044f \u0434\u043b\u044f \u0447\u0442\u0435\u043d\u0438\u044f\" \/>\n\t<meta name=\"twitter:data1\" content=\"2 \u043c\u0438\u043d\u0443\u0442\u044b\" \/>\n<script type=\"application\/ld+json\" class=\"yoast-schema-graph\">{\"@context\":\"https:\/\/schema.org\",\"@graph\":[{\"@type\":\"WebPage\",\"@id\":\"https:\/\/evodeaf.com\/en\/totem-interattivo\/\",\"url\":\"https:\/\/evodeaf.com\/en\/totem-interattivo\/\",\"name\":\"Totem interattivo - Evodeaf\",\"isPartOf\":{\"@id\":\"https:\/\/evodeaf.com\/#website\"},\"primaryImageOfPage\":{\"@id\":\"https:\/\/evodeaf.com\/en\/totem-interattivo\/#primaryimage\"},\"image\":{\"@id\":\"https:\/\/evodeaf.com\/en\/totem-interattivo\/#primaryimage\"},\"thumbnailUrl\":\"https:\/\/evodeaf.com\/wp-content\/uploads\/2023\/07\/EvodeafTotem-300x300.png\",\"datePublished\":\"2023-07-03T10:29:33+00:00\",\"dateModified\":\"2023-08-02T13:07:16+00:00\",\"breadcrumb\":{\"@id\":\"https:\/\/evodeaf.com\/en\/totem-interattivo\/#breadcrumb\"},\"inLanguage\":\"ru-RU\",\"potentialAction\":[{\"@type\":\"ReadAction\",\"target\":[\"https:\/\/evodeaf.com\/en\/totem-interattivo\/\"]}]},{\"@type\":\"ImageObject\",\"inLanguage\":\"ru-RU\",\"@id\":\"https:\/\/evodeaf.com\/en\/totem-interattivo\/#primaryimage\",\"url\":\"https:\/\/evodeaf.com\/wp-content\/uploads\/2023\/07\/EvodeafTotem-300x300.png\",\"contentUrl\":\"https:\/\/evodeaf.com\/wp-content\/uploads\/2023\/07\/EvodeafTotem-300x300.png\"},{\"@type\":\"BreadcrumbList\",\"@id\":\"https:\/\/evodeaf.com\/en\/totem-interattivo\/#breadcrumb\",\"itemListElement\":[{\"@type\":\"ListItem\",\"position\":1,\"name\":\"Home\",\"item\":\"https:\/\/evodeaf.com\/\"},{\"@type\":\"ListItem\",\"position\":2,\"name\":\"Totem interattivo\"}]},{\"@type\":\"WebSite\",\"@id\":\"https:\/\/evodeaf.com\/#website\",\"url\":\"https:\/\/evodeaf.com\/\",\"name\":\"Evodeaf\",\"description\":\"\",\"publisher\":{\"@id\":\"https:\/\/evodeaf.com\/#organization\"},\"potentialAction\":[{\"@type\":\"SearchAction\",\"target\":{\"@type\":\"EntryPoint\",\"urlTemplate\":\"https:\/\/evodeaf.com\/?s={search_term_string}\"},\"query-input\":{\"@type\":\"PropertyValueSpecification\",\"valueRequired\":true,\"valueName\":\"search_term_string\"}}],\"inLanguage\":\"ru-RU\"},{\"@type\":\"Organization\",\"@id\":\"https:\/\/evodeaf.com\/#organization\",\"name\":\"Evodeaf\",\"url\":\"https:\/\/evodeaf.com\/\",\"logo\":{\"@type\":\"ImageObject\",\"inLanguage\":\"ru-RU\",\"@id\":\"https:\/\/evodeaf.com\/#\/schema\/logo\/image\/\",\"url\":\"https:\/\/evodeaf.com\/wp-content\/uploads\/2023\/06\/logo_evodeaf_2_app_traduzione_lingua_segni.png\",\"contentUrl\":\"https:\/\/evodeaf.com\/wp-content\/uploads\/2023\/06\/logo_evodeaf_2_app_traduzione_lingua_segni.png\",\"width\":100,\"height\":132,\"caption\":\"Evodeaf\"},\"image\":{\"@id\":\"https:\/\/evodeaf.com\/#\/schema\/logo\/image\/\"}}]}<\/script>\n<!-- \/ Yoast SEO plugin. -->","yoast_head_json":{"title":"Totem interattivo - Evodeaf","robots":{"index":"index","follow":"follow","max-snippet":"max-snippet:-1","max-image-preview":"max-image-preview:large","max-video-preview":"max-video-preview:-1"},"canonical":"https:\/\/evodeaf.com\/ru\/totem-interattivo\/","og_locale":"ru_RU","og_type":"article","og_title":"Totem interattivo - Evodeaf","og_description":"Totem interattivo Il Totem Interattivo di Evodeaf \u00e8 una soluzione innovativa che aiuta le persone affette da sordit\u00e0 di interfacciarsi con i servizi offerti. Questo totem digitale proietta segni e messaggi in lingua dei segni, eliminando le barriere dell&#8217;accessibilit\u00e0 e permettendo a tutti di offrire o ricevere assistenza in modo efficace e inclusivo. Posizionato in [&hellip;]","og_url":"https:\/\/evodeaf.com\/ru\/totem-interattivo\/","og_site_name":"Evodeaf","article_modified_time":"2023-08-02T13:07:16+00:00","og_image":[{"url":"https:\/\/evodeaf.com\/wp-content\/uploads\/2023\/07\/EvodeafTotem-300x300.png","type":"","width":"","height":""}],"twitter_card":"summary_large_image","twitter_misc":{"\u041f\u0440\u0438\u043c\u0435\u0440\u043d\u043e\u0435 \u0432\u0440\u0435\u043c\u044f \u0434\u043b\u044f \u0447\u0442\u0435\u043d\u0438\u044f":"2 \u043c\u0438\u043d\u0443\u0442\u044b"},"schema":{"@context":"https:\/\/schema.org","@graph":[{"@type":"WebPage","@id":"https:\/\/evodeaf.com\/en\/totem-interattivo\/","url":"https:\/\/evodeaf.com\/en\/totem-interattivo\/","name":"Totem interattivo - Evodeaf","isPartOf":{"@id":"https:\/\/evodeaf.com\/#website"},"primaryImageOfPage":{"@id":"https:\/\/evodeaf.com\/en\/totem-interattivo\/#primaryimage"},"image":{"@id":"https:\/\/evodeaf.com\/en\/totem-interattivo\/#primaryimage"},"thumbnailUrl":"https:\/\/evodeaf.com\/wp-content\/uploads\/2023\/07\/EvodeafTotem-300x300.png","datePublished":"2023-07-03T10:29:33+00:00","dateModified":"2023-08-02T13:07:16+00:00","breadcrumb":{"@id":"https:\/\/evodeaf.com\/en\/totem-interattivo\/#breadcrumb"},"inLanguage":"ru-RU","potentialAction":[{"@type":"ReadAction","target":["https:\/\/evodeaf.com\/en\/totem-interattivo\/"]}]},{"@type":"ImageObject","inLanguage":"ru-RU","@id":"https:\/\/evodeaf.com\/en\/totem-interattivo\/#primaryimage","url":"https:\/\/evodeaf.com\/wp-content\/uploads\/2023\/07\/EvodeafTotem-300x300.png","contentUrl":"https:\/\/evodeaf.com\/wp-content\/uploads\/2023\/07\/EvodeafTotem-300x300.png"},{"@type":"BreadcrumbList","@id":"https:\/\/evodeaf.com\/en\/totem-interattivo\/#breadcrumb","itemListElement":[{"@type":"ListItem","position":1,"name":"Home","item":"https:\/\/evodeaf.com\/"},{"@type":"ListItem","position":2,"name":"Totem interattivo"}]},{"@type":"WebSite","@id":"https:\/\/evodeaf.com\/#website","url":"https:\/\/evodeaf.com\/","name":"Evodeaf","description":"","publisher":{"@id":"https:\/\/evodeaf.com\/#organization"},"potentialAction":[{"@type":"SearchAction","target":{"@type":"EntryPoint","urlTemplate":"https:\/\/evodeaf.com\/?s={search_term_string}"},"query-input":{"@type":"PropertyValueSpecification","valueRequired":true,"valueName":"search_term_string"}}],"inLanguage":"ru-RU"},{"@type":"Organization","@id":"https:\/\/evodeaf.com\/#organization","name":"Evodeaf","url":"https:\/\/evodeaf.com\/","logo":{"@type":"ImageObject","inLanguage":"ru-RU","@id":"https:\/\/evodeaf.com\/#\/schema\/logo\/image\/","url":"https:\/\/evodeaf.com\/wp-content\/uploads\/2023\/06\/logo_evodeaf_2_app_traduzione_lingua_segni.png","contentUrl":"https:\/\/evodeaf.com\/wp-content\/uploads\/2023\/06\/logo_evodeaf_2_app_traduzione_lingua_segni.png","width":100,"height":132,"caption":"Evodeaf"},"image":{"@id":"https:\/\/evodeaf.com\/#\/schema\/logo\/image\/"}}]}},"_links":{"self":[{"href":"https:\/\/evodeaf.com\/ru\/wp-json\/wp\/v2\/pages\/4415","targetHints":{"allow":["GET"]}}],"collection":[{"href":"https:\/\/evodeaf.com\/ru\/wp-json\/wp\/v2\/pages"}],"about":[{"href":"https:\/\/evodeaf.com\/ru\/wp-json\/wp\/v2\/types\/page"}],"author":[{"embeddable":true,"href":"https:\/\/evodeaf.com\/ru\/wp-json\/wp\/v2\/users\/1"}],"replies":[{"embeddable":true,"href":"https:\/\/evodeaf.com\/ru\/wp-json\/wp\/v2\/comments?post=4415"}],"version-history":[{"count":43,"href":"https:\/\/evodeaf.com\/ru\/wp-json\/wp\/v2\/pages\/4415\/revisions"}],"predecessor-version":[{"id":8324,"href":"https:\/\/evodeaf.com\/ru\/wp-json\/wp\/v2\/pages\/4415\/revisions\/8324"}],"wp:attachment":[{"href":"https:\/\/evodeaf.com\/ru\/wp-json\/wp\/v2\/media?parent=4415"}],"curies":[{"name":"wp","href":"https:\/\/api.w.org\/{rel}","templated":true}]}}