{"id":4394,"date":"2023-07-03T12:10:39","date_gmt":"2023-07-03T10:10:39","guid":{"rendered":"https:\/\/site.evodeaf.com\/?page_id=4394"},"modified":"2023-08-02T15:07:35","modified_gmt":"2023-08-02T13:07:35","slug":"evodeaf-kids","status":"publish","type":"page","link":"https:\/\/evodeaf.com\/ru\/evodeaf-kids\/","title":{"rendered":"Evodeaf kids"},"content":{"rendered":"<div data-elementor-type=\"wp-page\" data-elementor-id=\"4394\" class=\"elementor elementor-4394\" data-elementor-post-type=\"page\">\n\t\t\t\t\t\t<section class=\"elementor-section elementor-top-section elementor-element elementor-element-6b8bdd0 elementor-section-height-min-height elementor-section-boxed elementor-section-height-default elementor-section-items-middle\" data-id=\"6b8bdd0\" data-element_type=\"section\" data-settings=\"{&quot;background_background&quot;:&quot;classic&quot;}\">\n\t\t\t\t\t\t<div class=\"elementor-container elementor-column-gap-default\">\n\t\t\t\t\t<div class=\"elementor-column elementor-col-100 elementor-top-column elementor-element elementor-element-e4c5584\" data-id=\"e4c5584\" data-element_type=\"column\">\n\t\t\t<div class=\"elementor-widget-wrap elementor-element-populated\">\n\t\t\t\t\t\t<div class=\"elementor-element elementor-element-9ffd342 elementor-widget__width-initial elementor-widget elementor-widget-heading\" data-id=\"9ffd342\" data-element_type=\"widget\" data-widget_type=\"heading.default\">\n\t\t\t\t<div class=\"elementor-widget-container\">\n\t\t\t\t\t<h1 class=\"elementor-heading-title elementor-size-default\">Evodeaf kids<\/h1>\t\t\t\t<\/div>\n\t\t\t\t<\/div>\n\t\t\t\t\t<\/div>\n\t\t<\/div>\n\t\t\t\t\t<\/div>\n\t\t<\/section>\n\t\t\t\t<section class=\"elementor-section elementor-top-section elementor-element elementor-element-c446c42 elementor-section-boxed elementor-section-height-default elementor-section-height-default\" data-id=\"c446c42\" data-element_type=\"section\">\n\t\t\t\t\t\t<div class=\"elementor-container elementor-column-gap-default\">\n\t\t\t\t\t\t<\/div>\n\t\t<\/section>\n\t\t\t\t<section class=\"elementor-section elementor-top-section elementor-element elementor-element-adae6d0 elementor-section-height-min-height elementor-section-boxed elementor-section-height-default elementor-section-items-middle\" data-id=\"adae6d0\" data-element_type=\"section\">\n\t\t\t\t\t\t<div class=\"elementor-container elementor-column-gap-default\">\n\t\t\t\t\t<div class=\"elementor-column elementor-col-100 elementor-top-column elementor-element elementor-element-ee44a75\" data-id=\"ee44a75\" data-element_type=\"column\">\n\t\t\t<div class=\"elementor-widget-wrap elementor-element-populated\">\n\t\t\t\t\t\t<div class=\"elementor-element elementor-element-9b24dc1 elementor-widget elementor-widget-image\" data-id=\"9b24dc1\" data-element_type=\"widget\" data-widget_type=\"image.default\">\n\t\t\t\t<div class=\"elementor-widget-container\">\n\t\t\t\t\t\t\t\t\t\t\t\t\t\t\t<img fetchpriority=\"high\" decoding=\"async\" width=\"300\" height=\"300\" src=\"https:\/\/evodeaf.com\/wp-content\/uploads\/2023\/07\/EvodeafKids-300x300.png\" class=\"attachment-medium size-medium wp-image-5877\" alt=\"\" srcset=\"https:\/\/evodeaf.com\/wp-content\/uploads\/2023\/07\/EvodeafKids-300x300.png 300w, https:\/\/evodeaf.com\/wp-content\/uploads\/2023\/07\/EvodeafKids-100x100.png 100w, https:\/\/evodeaf.com\/wp-content\/uploads\/2023\/07\/EvodeafKids-150x150.png 150w, https:\/\/evodeaf.com\/wp-content\/uploads\/2023\/07\/EvodeafKids.png 500w\" sizes=\"(max-width: 300px) 100vw, 300px\" \/>\t\t\t\t\t\t\t\t\t\t\t\t\t\t\t<\/div>\n\t\t\t\t<\/div>\n\t\t\t\t<div class=\"elementor-element elementor-element-6ba1ce5 elementor-widget__width-initial elementor-widget elementor-widget-text-editor\" data-id=\"6ba1ce5\" data-element_type=\"widget\" data-widget_type=\"text-editor.default\">\n\t\t\t\t<div class=\"elementor-widget-container\">\n\t\t\t\t\t\t\t\t\t<p>Evodeaf Kids \u00e8 la funzione speciale di Evodeaf che rende l&#8217;apprendimento divertente per i bambini. Grazie a questa funzione, i pi\u00f9 piccoli possono imparare il linguaggio dei segni attraverso attivit\u00e0 interattive, giochi educativi e sfide stimolanti. Evodeaf Kids offre un&#8217;esperienza coinvolgente e colorata, progettata per sviluppare abilit\u00e0 linguistiche e comunicative in modo divertente e naturale. Questa funzione d\u00e0 ai bambini la possibilit\u00e0 di connettersi con altri, sordi o udenti, e sviluppare una competenza linguistica preziosa per tutta la vita.<\/p>\t\t\t\t\t\t\t\t<\/div>\n\t\t\t\t<\/div>\n\t\t\t\t\t<\/div>\n\t\t<\/div>\n\t\t\t\t\t<\/div>\n\t\t<\/section>\n\t\t\t\t<section class=\"elementor-section elementor-top-section elementor-element elementor-element-d7f2563 elementor-section-full_width elementor-section-height-default elementor-section-height-default\" data-id=\"d7f2563\" data-element_type=\"section\">\n\t\t\t\t\t\t<div class=\"elementor-container elementor-column-gap-default\">\n\t\t\t\t\t<div class=\"elementor-column elementor-col-100 elementor-top-column elementor-element elementor-element-e876373\" data-id=\"e876373\" data-element_type=\"column\">\n\t\t\t<div class=\"elementor-widget-wrap elementor-element-populated\">\n\t\t\t\t\t\t<section class=\"elementor-section elementor-inner-section elementor-element elementor-element-6f2ba0a elementor-section-height-min-height elementor-section-boxed elementor-section-height-default\" data-id=\"6f2ba0a\" data-element_type=\"section\">\n\t\t\t\t\t\t<div class=\"elementor-container elementor-column-gap-default\">\n\t\t\t\t\t<div class=\"elementor-column elementor-col-33 elementor-inner-column elementor-element elementor-element-9933da3 elementor-invisible\" data-id=\"9933da3\" data-element_type=\"column\" data-settings=\"{&quot;background_background&quot;:&quot;classic&quot;,&quot;animation&quot;:&quot;fadeInUp&quot;}\">\n\t\t\t<div class=\"elementor-widget-wrap elementor-element-populated\">\n\t\t\t\t\t\t<div class=\"elementor-element elementor-element-5391c74 elementor-widget elementor-widget-heading\" data-id=\"5391c74\" data-element_type=\"widget\" data-widget_type=\"heading.default\">\n\t\t\t\t<div class=\"elementor-widget-container\">\n\t\t\t\t\t<h5 class=\"elementor-heading-title elementor-size-default\">\u0412\u0435\u0441\u0435\u043b\u043e\u0435 \u043e\u0431\u0443\u0447\u0435\u043d\u0438\u0435<\/h5>\t\t\t\t<\/div>\n\t\t\t\t<\/div>\n\t\t\t\t<div class=\"elementor-element elementor-element-90b2c4b elementor-widget elementor-widget-text-editor\" data-id=\"90b2c4b\" data-element_type=\"widget\" data-widget_type=\"text-editor.default\">\n\t\t\t\t<div class=\"elementor-widget-container\">\n\t\t\t\t\t\t\t\t\t<p>Evodeaf Kids offre un approccio innovativo e coinvolgente per l&#8217;apprendimento del linguaggio dei segni nei bambini.<\/p><p>Attraverso giochi, attivit\u00e0 interattive e sfide stimolanti, i bambini possono imparare in modo divertente e giocoso, sviluppando abilit\u00e0 linguistiche e comunicative.<\/p><p>Questo metodo di apprendimento ludico li aiuta a mantenere l&#8217;attenzione e apprezzare il processo di acquisizione della LIS.<\/p>\t\t\t\t\t\t\t\t<\/div>\n\t\t\t\t<\/div>\n\t\t\t\t\t<\/div>\n\t\t<\/div>\n\t\t\t\t<div class=\"elementor-column elementor-col-33 elementor-inner-column elementor-element elementor-element-c5af920 elementor-invisible\" data-id=\"c5af920\" data-element_type=\"column\" data-settings=\"{&quot;background_background&quot;:&quot;classic&quot;,&quot;animation&quot;:&quot;fadeInUp&quot;}\">\n\t\t\t<div class=\"elementor-widget-wrap elementor-element-populated\">\n\t\t\t\t\t\t<div class=\"elementor-element elementor-element-cbd5833 elementor-widget elementor-widget-heading\" data-id=\"cbd5833\" data-element_type=\"widget\" data-widget_type=\"heading.default\">\n\t\t\t\t<div class=\"elementor-widget-container\">\n\t\t\t\t\t<h5 class=\"elementor-heading-title elementor-size-default\">\u0412\u043a\u043b\u044e\u0447\u0435\u043d\u0438\u0435 \u0438 \u043f\u043e\u0434\u043a\u043b\u044e\u0447\u0435\u043d\u0438\u0435<\/h5>\t\t\t\t<\/div>\n\t\t\t\t<\/div>\n\t\t\t\t<div class=\"elementor-element elementor-element-72b126f elementor-widget elementor-widget-text-editor\" data-id=\"72b126f\" data-element_type=\"widget\" data-widget_type=\"text-editor.default\">\n\t\t\t\t<div class=\"elementor-widget-container\">\n\t\t\t\t\t\t\t\t\t<p>Utilizzare la funzione di Evodeaf Kids promuove l&#8217;inclusione e la connessione tra bambini sordi e udenti.<\/p><p>L&#8217;apprendimento del linguaggio dei segni consente loro di comunicare e interagire in modo efficace con i loro coetanei.<\/p><p>Questo permette di creare un senso di appartenenza e favorire l&#8217;empatia, promuovendo la comprensione tra le diverse comunit\u00e0 linguistiche.<\/p>\t\t\t\t\t\t\t\t<\/div>\n\t\t\t\t<\/div>\n\t\t\t\t\t<\/div>\n\t\t<\/div>\n\t\t\t\t<div class=\"elementor-column elementor-col-33 elementor-inner-column elementor-element elementor-element-c7b408f elementor-invisible\" data-id=\"c7b408f\" data-element_type=\"column\" data-settings=\"{&quot;background_background&quot;:&quot;classic&quot;,&quot;animation&quot;:&quot;fadeInUp&quot;}\">\n\t\t\t<div class=\"elementor-widget-wrap elementor-element-populated\">\n\t\t\t\t\t\t<div class=\"elementor-element elementor-element-25bf192 elementor-widget elementor-widget-heading\" data-id=\"25bf192\" data-element_type=\"widget\" data-widget_type=\"heading.default\">\n\t\t\t\t<div class=\"elementor-widget-container\">\n\t\t\t\t\t<h5 class=\"elementor-heading-title elementor-size-default\">Sviluppo di abilit\u00e0 linguistiche<\/h5>\t\t\t\t<\/div>\n\t\t\t\t<\/div>\n\t\t\t\t<div class=\"elementor-element elementor-element-19faebf elementor-widget elementor-widget-text-editor\" data-id=\"19faebf\" data-element_type=\"widget\" data-widget_type=\"text-editor.default\">\n\t\t\t\t<div class=\"elementor-widget-container\">\n\t\t\t\t\t\t\t\t\t<p>Evodeaf Kids aiuta i pi\u00f9 piccoli a sviluppare solide abilit\u00e0 linguistiche e comunicative attraverso il linguaggio dei segni.<\/p>\n<p>L&#8217;apprendimento della LIS stimola il pensiero visuo-spaziale e la memoria visiva, promuovendo l&#8217;espressione creativa e l&#8217;acquisizione di un nuovo sistema di comunicazione.<\/p>\n<p>Questa preziosa competenza linguistica pu\u00f2 aprir loro nuove opportunit\u00e0 di comunicazione e connessione nella vita quotidiana e futura.<\/p>\t\t\t\t\t\t\t\t<\/div>\n\t\t\t\t<\/div>\n\t\t\t\t\t<\/div>\n\t\t<\/div>\n\t\t\t\t\t<\/div>\n\t\t<\/section>\n\t\t\t\t\t<\/div>\n\t\t<\/div>\n\t\t\t\t\t<\/div>\n\t\t<\/section>\n\t\t\t\t<\/div>","protected":false},"excerpt":{"rendered":"<p>Evodeaf kids Evodeaf Kids \u00e8 la funzione speciale di Evodeaf che rende l&#8217;apprendimento divertente per i bambini. Grazie a questa funzione, i pi\u00f9 piccoli possono imparare il linguaggio dei segni attraverso attivit\u00e0 interattive, giochi educativi e sfide stimolanti. Evodeaf Kids offre un&#8217;esperienza coinvolgente e colorata, progettata per sviluppare abilit\u00e0 linguistiche e comunicative in modo divertente [&hellip;]<\/p>","protected":false},"author":1,"featured_media":0,"parent":0,"menu_order":0,"comment_status":"closed","ping_status":"closed","template":"","meta":{"_acf_changed":false,"footnotes":""},"class_list":["post-4394","page","type-page","status-publish","hentry"],"acf":[],"yoast_head":"<!-- This site is optimized with the Yoast SEO plugin v24.5 - https:\/\/yoast.com\/wordpress\/plugins\/seo\/ -->\n<title>Evodeaf kids - Evodeaf<\/title>\n<meta name=\"robots\" content=\"index, follow, max-snippet:-1, max-image-preview:large, max-video-preview:-1\" \/>\n<link rel=\"canonical\" href=\"https:\/\/evodeaf.com\/ru\/evodeaf-kids\/\" \/>\n<meta property=\"og:locale\" content=\"ru_RU\" \/>\n<meta property=\"og:type\" content=\"article\" \/>\n<meta property=\"og:title\" content=\"Evodeaf kids - Evodeaf\" \/>\n<meta property=\"og:description\" content=\"Evodeaf kids Evodeaf Kids \u00e8 la funzione speciale di Evodeaf che rende l&#8217;apprendimento divertente per i bambini. Grazie a questa funzione, i pi\u00f9 piccoli possono imparare il linguaggio dei segni attraverso attivit\u00e0 interattive, giochi educativi e sfide stimolanti. Evodeaf Kids offre un&#8217;esperienza coinvolgente e colorata, progettata per sviluppare abilit\u00e0 linguistiche e comunicative in modo divertente [&hellip;]\" \/>\n<meta property=\"og:url\" content=\"https:\/\/evodeaf.com\/ru\/evodeaf-kids\/\" \/>\n<meta property=\"og:site_name\" content=\"Evodeaf\" \/>\n<meta property=\"article:modified_time\" content=\"2023-08-02T13:07:35+00:00\" \/>\n<meta property=\"og:image\" content=\"https:\/\/evodeaf.com\/wp-content\/uploads\/2023\/07\/EvodeafKids-300x300.png\" \/>\n<meta name=\"twitter:card\" content=\"summary_large_image\" \/>\n<meta name=\"twitter:label1\" content=\"\u041f\u0440\u0438\u043c\u0435\u0440\u043d\u043e\u0435 \u0432\u0440\u0435\u043c\u044f \u0434\u043b\u044f \u0447\u0442\u0435\u043d\u0438\u044f\" \/>\n\t<meta name=\"twitter:data1\" content=\"2 \u043c\u0438\u043d\u0443\u0442\u044b\" \/>\n<script type=\"application\/ld+json\" class=\"yoast-schema-graph\">{\"@context\":\"https:\/\/schema.org\",\"@graph\":[{\"@type\":\"WebPage\",\"@id\":\"https:\/\/evodeaf.com\/evodeaf-kids\/\",\"url\":\"https:\/\/evodeaf.com\/evodeaf-kids\/\",\"name\":\"Evodeaf kids - Evodeaf\",\"isPartOf\":{\"@id\":\"https:\/\/evodeaf.com\/#website\"},\"primaryImageOfPage\":{\"@id\":\"https:\/\/evodeaf.com\/evodeaf-kids\/#primaryimage\"},\"image\":{\"@id\":\"https:\/\/evodeaf.com\/evodeaf-kids\/#primaryimage\"},\"thumbnailUrl\":\"https:\/\/evodeaf.com\/wp-content\/uploads\/2023\/07\/EvodeafKids-300x300.png\",\"datePublished\":\"2023-07-03T10:10:39+00:00\",\"dateModified\":\"2023-08-02T13:07:35+00:00\",\"breadcrumb\":{\"@id\":\"https:\/\/evodeaf.com\/evodeaf-kids\/#breadcrumb\"},\"inLanguage\":\"ru-RU\",\"potentialAction\":[{\"@type\":\"ReadAction\",\"target\":[\"https:\/\/evodeaf.com\/evodeaf-kids\/\"]}]},{\"@type\":\"ImageObject\",\"inLanguage\":\"ru-RU\",\"@id\":\"https:\/\/evodeaf.com\/evodeaf-kids\/#primaryimage\",\"url\":\"https:\/\/evodeaf.com\/wp-content\/uploads\/2023\/07\/EvodeafKids-300x300.png\",\"contentUrl\":\"https:\/\/evodeaf.com\/wp-content\/uploads\/2023\/07\/EvodeafKids-300x300.png\"},{\"@type\":\"BreadcrumbList\",\"@id\":\"https:\/\/evodeaf.com\/evodeaf-kids\/#breadcrumb\",\"itemListElement\":[{\"@type\":\"ListItem\",\"position\":1,\"name\":\"Home\",\"item\":\"https:\/\/evodeaf.com\/\"},{\"@type\":\"ListItem\",\"position\":2,\"name\":\"Evodeaf kids\"}]},{\"@type\":\"WebSite\",\"@id\":\"https:\/\/evodeaf.com\/#website\",\"url\":\"https:\/\/evodeaf.com\/\",\"name\":\"Evodeaf\",\"description\":\"\",\"publisher\":{\"@id\":\"https:\/\/evodeaf.com\/#organization\"},\"potentialAction\":[{\"@type\":\"SearchAction\",\"target\":{\"@type\":\"EntryPoint\",\"urlTemplate\":\"https:\/\/evodeaf.com\/?s={search_term_string}\"},\"query-input\":{\"@type\":\"PropertyValueSpecification\",\"valueRequired\":true,\"valueName\":\"search_term_string\"}}],\"inLanguage\":\"ru-RU\"},{\"@type\":\"Organization\",\"@id\":\"https:\/\/evodeaf.com\/#organization\",\"name\":\"Evodeaf\",\"url\":\"https:\/\/evodeaf.com\/\",\"logo\":{\"@type\":\"ImageObject\",\"inLanguage\":\"ru-RU\",\"@id\":\"https:\/\/evodeaf.com\/#\/schema\/logo\/image\/\",\"url\":\"https:\/\/evodeaf.com\/wp-content\/uploads\/2023\/06\/logo_evodeaf_2_app_traduzione_lingua_segni.png\",\"contentUrl\":\"https:\/\/evodeaf.com\/wp-content\/uploads\/2023\/06\/logo_evodeaf_2_app_traduzione_lingua_segni.png\",\"width\":100,\"height\":132,\"caption\":\"Evodeaf\"},\"image\":{\"@id\":\"https:\/\/evodeaf.com\/#\/schema\/logo\/image\/\"}}]}<\/script>\n<!-- \/ Yoast SEO plugin. -->","yoast_head_json":{"title":"Evodeaf kids - Evodeaf","robots":{"index":"index","follow":"follow","max-snippet":"max-snippet:-1","max-image-preview":"max-image-preview:large","max-video-preview":"max-video-preview:-1"},"canonical":"https:\/\/evodeaf.com\/ru\/evodeaf-kids\/","og_locale":"ru_RU","og_type":"article","og_title":"Evodeaf kids - Evodeaf","og_description":"Evodeaf kids Evodeaf Kids \u00e8 la funzione speciale di Evodeaf che rende l&#8217;apprendimento divertente per i bambini. Grazie a questa funzione, i pi\u00f9 piccoli possono imparare il linguaggio dei segni attraverso attivit\u00e0 interattive, giochi educativi e sfide stimolanti. Evodeaf Kids offre un&#8217;esperienza coinvolgente e colorata, progettata per sviluppare abilit\u00e0 linguistiche e comunicative in modo divertente [&hellip;]","og_url":"https:\/\/evodeaf.com\/ru\/evodeaf-kids\/","og_site_name":"Evodeaf","article_modified_time":"2023-08-02T13:07:35+00:00","og_image":[{"url":"https:\/\/evodeaf.com\/wp-content\/uploads\/2023\/07\/EvodeafKids-300x300.png","type":"","width":"","height":""}],"twitter_card":"summary_large_image","twitter_misc":{"\u041f\u0440\u0438\u043c\u0435\u0440\u043d\u043e\u0435 \u0432\u0440\u0435\u043c\u044f \u0434\u043b\u044f \u0447\u0442\u0435\u043d\u0438\u044f":"2 \u043c\u0438\u043d\u0443\u0442\u044b"},"schema":{"@context":"https:\/\/schema.org","@graph":[{"@type":"WebPage","@id":"https:\/\/evodeaf.com\/evodeaf-kids\/","url":"https:\/\/evodeaf.com\/evodeaf-kids\/","name":"Evodeaf kids - Evodeaf","isPartOf":{"@id":"https:\/\/evodeaf.com\/#website"},"primaryImageOfPage":{"@id":"https:\/\/evodeaf.com\/evodeaf-kids\/#primaryimage"},"image":{"@id":"https:\/\/evodeaf.com\/evodeaf-kids\/#primaryimage"},"thumbnailUrl":"https:\/\/evodeaf.com\/wp-content\/uploads\/2023\/07\/EvodeafKids-300x300.png","datePublished":"2023-07-03T10:10:39+00:00","dateModified":"2023-08-02T13:07:35+00:00","breadcrumb":{"@id":"https:\/\/evodeaf.com\/evodeaf-kids\/#breadcrumb"},"inLanguage":"ru-RU","potentialAction":[{"@type":"ReadAction","target":["https:\/\/evodeaf.com\/evodeaf-kids\/"]}]},{"@type":"ImageObject","inLanguage":"ru-RU","@id":"https:\/\/evodeaf.com\/evodeaf-kids\/#primaryimage","url":"https:\/\/evodeaf.com\/wp-content\/uploads\/2023\/07\/EvodeafKids-300x300.png","contentUrl":"https:\/\/evodeaf.com\/wp-content\/uploads\/2023\/07\/EvodeafKids-300x300.png"},{"@type":"BreadcrumbList","@id":"https:\/\/evodeaf.com\/evodeaf-kids\/#breadcrumb","itemListElement":[{"@type":"ListItem","position":1,"name":"Home","item":"https:\/\/evodeaf.com\/"},{"@type":"ListItem","position":2,"name":"Evodeaf kids"}]},{"@type":"WebSite","@id":"https:\/\/evodeaf.com\/#website","url":"https:\/\/evodeaf.com\/","name":"Evodeaf","description":"","publisher":{"@id":"https:\/\/evodeaf.com\/#organization"},"potentialAction":[{"@type":"SearchAction","target":{"@type":"EntryPoint","urlTemplate":"https:\/\/evodeaf.com\/?s={search_term_string}"},"query-input":{"@type":"PropertyValueSpecification","valueRequired":true,"valueName":"search_term_string"}}],"inLanguage":"ru-RU"},{"@type":"Organization","@id":"https:\/\/evodeaf.com\/#organization","name":"Evodeaf","url":"https:\/\/evodeaf.com\/","logo":{"@type":"ImageObject","inLanguage":"ru-RU","@id":"https:\/\/evodeaf.com\/#\/schema\/logo\/image\/","url":"https:\/\/evodeaf.com\/wp-content\/uploads\/2023\/06\/logo_evodeaf_2_app_traduzione_lingua_segni.png","contentUrl":"https:\/\/evodeaf.com\/wp-content\/uploads\/2023\/06\/logo_evodeaf_2_app_traduzione_lingua_segni.png","width":100,"height":132,"caption":"Evodeaf"},"image":{"@id":"https:\/\/evodeaf.com\/#\/schema\/logo\/image\/"}}]}},"_links":{"self":[{"href":"https:\/\/evodeaf.com\/ru\/wp-json\/wp\/v2\/pages\/4394","targetHints":{"allow":["GET"]}}],"collection":[{"href":"https:\/\/evodeaf.com\/ru\/wp-json\/wp\/v2\/pages"}],"about":[{"href":"https:\/\/evodeaf.com\/ru\/wp-json\/wp\/v2\/types\/page"}],"author":[{"embeddable":true,"href":"https:\/\/evodeaf.com\/ru\/wp-json\/wp\/v2\/users\/1"}],"replies":[{"embeddable":true,"href":"https:\/\/evodeaf.com\/ru\/wp-json\/wp\/v2\/comments?post=4394"}],"version-history":[{"count":41,"href":"https:\/\/evodeaf.com\/ru\/wp-json\/wp\/v2\/pages\/4394\/revisions"}],"predecessor-version":[{"id":8333,"href":"https:\/\/evodeaf.com\/ru\/wp-json\/wp\/v2\/pages\/4394\/revisions\/8333"}],"wp:attachment":[{"href":"https:\/\/evodeaf.com\/ru\/wp-json\/wp\/v2\/media?parent=4394"}],"curies":[{"name":"wp","href":"https:\/\/api.w.org\/{rel}","templated":true}]}}