{"id":4348,"date":"2023-07-03T11:12:01","date_gmt":"2023-07-03T09:12:01","guid":{"rendered":"https:\/\/site.evodeaf.com\/?page_id=4348"},"modified":"2023-08-02T15:08:16","modified_gmt":"2023-08-02T13:08:16","slug":"evodeaf-wiki","status":"publish","type":"page","link":"https:\/\/evodeaf.com\/ru\/evodeaf-wiki\/","title":{"rendered":"Evodeaf wiki"},"content":{"rendered":"<div data-elementor-type=\"wp-page\" data-elementor-id=\"4348\" class=\"elementor elementor-4348\" data-elementor-post-type=\"page\">\n\t\t\t\t\t\t<section class=\"elementor-section elementor-top-section elementor-element elementor-element-b5708ff elementor-section-height-min-height elementor-section-boxed elementor-section-height-default elementor-section-items-middle\" data-id=\"b5708ff\" data-element_type=\"section\" data-settings=\"{&quot;background_background&quot;:&quot;classic&quot;}\">\n\t\t\t\t\t\t<div class=\"elementor-container elementor-column-gap-default\">\n\t\t\t\t\t<div class=\"elementor-column elementor-col-100 elementor-top-column elementor-element elementor-element-cf6a1f1\" data-id=\"cf6a1f1\" data-element_type=\"column\">\n\t\t\t<div class=\"elementor-widget-wrap elementor-element-populated\">\n\t\t\t\t\t\t<div class=\"elementor-element elementor-element-feb07b9 elementor-widget__width-initial elementor-widget elementor-widget-heading\" data-id=\"feb07b9\" data-element_type=\"widget\" data-widget_type=\"heading.default\">\n\t\t\t\t<div class=\"elementor-widget-container\">\n\t\t\t\t\t<h1 class=\"elementor-heading-title elementor-size-default\">Evodeaf wiki<\/h1>\t\t\t\t<\/div>\n\t\t\t\t<\/div>\n\t\t\t\t\t<\/div>\n\t\t<\/div>\n\t\t\t\t\t<\/div>\n\t\t<\/section>\n\t\t\t\t<section class=\"elementor-section elementor-top-section elementor-element elementor-element-15701e8 elementor-section-boxed elementor-section-height-default elementor-section-height-default\" data-id=\"15701e8\" data-element_type=\"section\">\n\t\t\t\t\t\t<div class=\"elementor-container elementor-column-gap-default\">\n\t\t\t\t\t\t<\/div>\n\t\t<\/section>\n\t\t\t\t<section class=\"elementor-section elementor-top-section elementor-element elementor-element-f7a53f1 elementor-section-height-min-height elementor-section-boxed elementor-section-height-default elementor-section-items-middle\" data-id=\"f7a53f1\" data-element_type=\"section\">\n\t\t\t\t\t\t<div class=\"elementor-container elementor-column-gap-default\">\n\t\t\t\t\t<div class=\"elementor-column elementor-col-100 elementor-top-column elementor-element elementor-element-f9243ec\" data-id=\"f9243ec\" data-element_type=\"column\">\n\t\t\t<div class=\"elementor-widget-wrap elementor-element-populated\">\n\t\t\t\t\t\t<div class=\"elementor-element elementor-element-b31645b elementor-widget elementor-widget-image\" data-id=\"b31645b\" data-element_type=\"widget\" data-widget_type=\"image.default\">\n\t\t\t\t<div class=\"elementor-widget-container\">\n\t\t\t\t\t\t\t\t\t\t\t\t\t\t\t<img fetchpriority=\"high\" decoding=\"async\" width=\"300\" height=\"300\" src=\"https:\/\/evodeaf.com\/wp-content\/uploads\/2023\/07\/EvodeafWiki-300x300.png\" class=\"attachment-medium size-medium wp-image-5883\" alt=\"\" srcset=\"https:\/\/evodeaf.com\/wp-content\/uploads\/2023\/07\/EvodeafWiki-300x300.png 300w, https:\/\/evodeaf.com\/wp-content\/uploads\/2023\/07\/EvodeafWiki-100x100.png 100w, https:\/\/evodeaf.com\/wp-content\/uploads\/2023\/07\/EvodeafWiki-150x150.png 150w, https:\/\/evodeaf.com\/wp-content\/uploads\/2023\/07\/EvodeafWiki.png 500w\" sizes=\"(max-width: 300px) 100vw, 300px\" \/>\t\t\t\t\t\t\t\t\t\t\t\t\t\t\t<\/div>\n\t\t\t\t<\/div>\n\t\t\t\t<div class=\"elementor-element elementor-element-f9a979e elementor-widget__width-initial elementor-widget elementor-widget-text-editor\" data-id=\"f9a979e\" data-element_type=\"widget\" data-widget_type=\"text-editor.default\">\n\t\t\t\t<div class=\"elementor-widget-container\">\n\t\t\t\t\t\t\t\t\tEvodeaf Wiki rappresenta una ricca risorsa linguistica che permette di accedere a una vasta raccolta di segni e parole\u00a0nelle sei lingue preimpostate,\u00a0espresse nella lingua dei segni. \u00c8 presente un&#8217;ampia variet\u00e0 di parole e segni in grado di coprire numerosi ambiti come alimentazione, salute, famiglia, professioni, interessi personali, oggetti di uso quotidiano e molto altro ancora. La sezione wiki \u00e8 organizzata in modo intuitivo e semplice da navigare, consentendo di cercare e scoprire ci\u00f2 che si desidera conoscere; ci\u00f2 permette di visualizzare i segni in movimento, apprendere la corretta esecuzione e familiarizzare con la lingua dei segni in modo interattivo ed efficace.\t\t\t\t\t\t\t\t<\/div>\n\t\t\t\t<\/div>\n\t\t\t\t\t<\/div>\n\t\t<\/div>\n\t\t\t\t\t<\/div>\n\t\t<\/section>\n\t\t\t\t<section class=\"elementor-section elementor-top-section elementor-element elementor-element-aa0494f elementor-section-full_width elementor-section-height-default elementor-section-height-default\" data-id=\"aa0494f\" data-element_type=\"section\">\n\t\t\t\t\t\t<div class=\"elementor-container elementor-column-gap-default\">\n\t\t\t\t\t<div class=\"elementor-column elementor-col-100 elementor-top-column elementor-element elementor-element-ba5c467\" data-id=\"ba5c467\" data-element_type=\"column\">\n\t\t\t<div class=\"elementor-widget-wrap elementor-element-populated\">\n\t\t\t\t\t\t<section class=\"elementor-section elementor-inner-section elementor-element elementor-element-a067a56 elementor-section-height-min-height elementor-section-boxed elementor-section-height-default\" data-id=\"a067a56\" data-element_type=\"section\">\n\t\t\t\t\t\t<div class=\"elementor-container elementor-column-gap-default\">\n\t\t\t\t\t<div class=\"elementor-column elementor-col-33 elementor-inner-column elementor-element elementor-element-f73261d elementor-invisible\" data-id=\"f73261d\" data-element_type=\"column\" data-settings=\"{&quot;background_background&quot;:&quot;classic&quot;,&quot;animation&quot;:&quot;fadeInUp&quot;}\">\n\t\t\t<div class=\"elementor-widget-wrap elementor-element-populated\">\n\t\t\t\t\t\t<div class=\"elementor-element elementor-element-785ed85 elementor-widget elementor-widget-heading\" data-id=\"785ed85\" data-element_type=\"widget\" data-widget_type=\"heading.default\">\n\t\t\t\t<div class=\"elementor-widget-container\">\n\t\t\t\t\t<h5 class=\"elementor-heading-title elementor-size-default\">Ampliare il vocabolario della lingua dei segni<\/h5>\t\t\t\t<\/div>\n\t\t\t\t<\/div>\n\t\t\t\t<div class=\"elementor-element elementor-element-d4cad6b elementor-widget elementor-widget-text-editor\" data-id=\"d4cad6b\" data-element_type=\"widget\" data-widget_type=\"text-editor.default\">\n\t\t\t\t<div class=\"elementor-widget-container\">\n\t\t\t\t\t\t\t\t\t<p>Con la funzione Evodeaf Wiki, \u00e8 possibile accedere a una vasta collezione di segni e parole nella lingua dei segni<span style=\"color: var( --e-global-color-primary ); font-family: var( --e-global-typography-text-font-family ), Sans-serif; font-size: var( --e-global-typography-text-font-size ); font-weight: var( --e-global-typography-text-font-weight ); letter-spacing: var( --e-global-typography-text-letter-spacing );\">.<\/span><\/p><p><span style=\"color: var( --e-global-color-primary ); font-family: var( --e-global-typography-text-font-family ), Sans-serif; font-size: var( --e-global-typography-text-font-size ); font-weight: var( --e-global-typography-text-font-weight ); letter-spacing: var( --e-global-typography-text-letter-spacing );\">Evodeaf Wiki \u043f\u043e\u0437\u0432\u043e\u043b\u044f\u0435\u0442<\/span><span style=\"color: var( --e-global-color-primary ); font-family: var( --e-global-typography-text-font-family ), Sans-serif; font-size: var( --e-global-typography-text-font-size ); font-weight: var( --e-global-typography-text-font-weight ); letter-spacing: var( --e-global-typography-text-letter-spacing );\">\u00a0<\/span><span style=\"color: var( --e-global-color-primary ); font-family: var( --e-global-typography-text-font-family ), Sans-serif; font-size: var( --e-global-typography-text-font-size ); font-weight: var( --e-global-typography-text-font-weight ); letter-spacing: var( --e-global-typography-text-letter-spacing );\">imparare segni per esprimere concetti, oggetti, azioni e molto altro, arricchendo cos\u00ec la propria comunicazione in LIS.<\/span><\/p><p>Ci\u00f2 consente di espandere il proprio vocabolario e migliorare la padronanza della lingua dei segni.<\/p>\t\t\t\t\t\t\t\t<\/div>\n\t\t\t\t<\/div>\n\t\t\t\t\t<\/div>\n\t\t<\/div>\n\t\t\t\t<div class=\"elementor-column elementor-col-33 elementor-inner-column elementor-element elementor-element-b06a783 elementor-invisible\" data-id=\"b06a783\" data-element_type=\"column\" data-settings=\"{&quot;background_background&quot;:&quot;classic&quot;,&quot;animation&quot;:&quot;fadeInUp&quot;}\">\n\t\t\t<div class=\"elementor-widget-wrap elementor-element-populated\">\n\t\t\t\t\t\t<div class=\"elementor-element elementor-element-d89f677 elementor-widget elementor-widget-heading\" data-id=\"d89f677\" data-element_type=\"widget\" data-widget_type=\"heading.default\">\n\t\t\t\t<div class=\"elementor-widget-container\">\n\t\t\t\t\t<h5 class=\"elementor-heading-title elementor-size-default\">Comunicazione pi\u00f9 efficace<\/h5>\t\t\t\t<\/div>\n\t\t\t\t<\/div>\n\t\t\t\t<div class=\"elementor-element elementor-element-ad46df8 elementor-widget elementor-widget-text-editor\" data-id=\"ad46df8\" data-element_type=\"widget\" data-widget_type=\"text-editor.default\">\n\t\t\t\t<div class=\"elementor-widget-container\">\n\t\t\t\t\t\t\t\t\t<p>Avere accesso a un&#8217;ampia gamma di parole e segni, permette di comunicare in modo pi\u00f9 efficace con chi affetto da sordit\u00e0.<\/p><p>Attraverso Evodeaf Wiki \u00e8 possibile trovare pi\u00f9 facilmente la corrispondenza di nuovi segni o parole in lingua dei segni.<\/p><p>Ci\u00f2 favorisce una comprensione pi\u00f9 accurata e una comunicazione senza intoppi tra persone sorde e udenti.<\/p>\t\t\t\t\t\t\t\t<\/div>\n\t\t\t\t<\/div>\n\t\t\t\t\t<\/div>\n\t\t<\/div>\n\t\t\t\t<div class=\"elementor-column elementor-col-33 elementor-inner-column elementor-element elementor-element-805b5be elementor-invisible\" data-id=\"805b5be\" data-element_type=\"column\" data-settings=\"{&quot;background_background&quot;:&quot;classic&quot;,&quot;animation&quot;:&quot;fadeInUp&quot;}\">\n\t\t\t<div class=\"elementor-widget-wrap elementor-element-populated\">\n\t\t\t\t\t\t<div class=\"elementor-element elementor-element-8fa3e74 elementor-widget elementor-widget-heading\" data-id=\"8fa3e74\" data-element_type=\"widget\" data-widget_type=\"heading.default\">\n\t\t\t\t<div class=\"elementor-widget-container\">\n\t\t\t\t\t<h5 class=\"elementor-heading-title elementor-size-default\">Inclusione e accessibilit\u00e0<\/h5>\t\t\t\t<\/div>\n\t\t\t\t<\/div>\n\t\t\t\t<div class=\"elementor-element elementor-element-d0ec77b elementor-widget elementor-widget-text-editor\" data-id=\"d0ec77b\" data-element_type=\"widget\" data-widget_type=\"text-editor.default\">\n\t\t\t\t<div class=\"elementor-widget-container\">\n\t\t\t\t\t\t\t\t\t<p>Utilizzando una funzione come Evodeaf Wiki, viene promossa l&#8217;inclusione e l&#8217;accessibilit\u00e0 per i sordi<\/p>\n<p><span style=\"color: var( --e-global-color-primary ); font-family: var( --e-global-typography-text-font-family ), Sans-serif; font-size: var( --e-global-typography-text-font-size ); font-weight: var( --e-global-typography-text-font-weight ); letter-spacing: var( --e-global-typography-text-letter-spacing );\">&nbsp;Offrendo una vasta raccolta di segni e parole, vengono superate le barriere linguistiche e facilitate le comunicazioni tra le diverse comunit\u00e0.<\/span><\/p>\n<p><span style=\"color: var( --e-global-color-primary ); font-family: var( --e-global-typography-text-font-family ), Sans-serif; font-size: var( --e-global-typography-text-font-size ); font-weight: var( --e-global-typography-text-font-weight ); letter-spacing: var( --e-global-typography-text-letter-spacing );\">Questa funzione \u00e8 un prezioso strumento per favorire l&#8217;uguaglianza di accesso alle informazioni e alla comunicazione.<\/span><br><\/p>\t\t\t\t\t\t\t\t<\/div>\n\t\t\t\t<\/div>\n\t\t\t\t\t<\/div>\n\t\t<\/div>\n\t\t\t\t\t<\/div>\n\t\t<\/section>\n\t\t\t\t\t<\/div>\n\t\t<\/div>\n\t\t\t\t\t<\/div>\n\t\t<\/section>\n\t\t\t\t<\/div>","protected":false},"excerpt":{"rendered":"<p>Evodeaf wiki Evodeaf Wiki rappresenta una ricca risorsa linguistica che permette di accedere a una vasta raccolta di segni e parole\u00a0nelle sei lingue preimpostate,\u00a0espresse nella lingua dei segni. \u00c8 presente un&#8217;ampia variet\u00e0 di parole e segni in grado di coprire numerosi ambiti come alimentazione, salute, famiglia, professioni, interessi personali, oggetti di uso quotidiano e molto [&hellip;]<\/p>","protected":false},"author":1,"featured_media":0,"parent":0,"menu_order":0,"comment_status":"closed","ping_status":"closed","template":"","meta":{"_acf_changed":false,"footnotes":""},"class_list":["post-4348","page","type-page","status-publish","hentry"],"acf":[],"yoast_head":"<!-- This site is optimized with the Yoast SEO plugin v24.5 - https:\/\/yoast.com\/wordpress\/plugins\/seo\/ -->\n<title>Evodeaf wiki - Evodeaf<\/title>\n<meta name=\"robots\" content=\"index, follow, max-snippet:-1, max-image-preview:large, max-video-preview:-1\" \/>\n<link rel=\"canonical\" href=\"https:\/\/evodeaf.com\/ru\/evodeaf-wiki\/\" \/>\n<meta property=\"og:locale\" content=\"ru_RU\" \/>\n<meta property=\"og:type\" content=\"article\" \/>\n<meta property=\"og:title\" content=\"Evodeaf wiki - Evodeaf\" \/>\n<meta property=\"og:description\" content=\"Evodeaf wiki Evodeaf Wiki rappresenta una ricca risorsa linguistica che permette di accedere a una vasta raccolta di segni e parole\u00a0nelle sei lingue preimpostate,\u00a0espresse nella lingua dei segni. \u00c8 presente un&#8217;ampia variet\u00e0 di parole e segni in grado di coprire numerosi ambiti come alimentazione, salute, famiglia, professioni, interessi personali, oggetti di uso quotidiano e molto [&hellip;]\" \/>\n<meta property=\"og:url\" content=\"https:\/\/evodeaf.com\/ru\/evodeaf-wiki\/\" \/>\n<meta property=\"og:site_name\" content=\"Evodeaf\" \/>\n<meta property=\"article:modified_time\" content=\"2023-08-02T13:08:16+00:00\" \/>\n<meta property=\"og:image\" content=\"https:\/\/evodeaf.com\/wp-content\/uploads\/2023\/07\/EvodeafWiki-300x300.png\" \/>\n<meta name=\"twitter:card\" content=\"summary_large_image\" \/>\n<meta name=\"twitter:label1\" content=\"\u041f\u0440\u0438\u043c\u0435\u0440\u043d\u043e\u0435 \u0432\u0440\u0435\u043c\u044f \u0434\u043b\u044f \u0447\u0442\u0435\u043d\u0438\u044f\" \/>\n\t<meta name=\"twitter:data1\" content=\"2 \u043c\u0438\u043d\u0443\u0442\u044b\" \/>\n<script type=\"application\/ld+json\" class=\"yoast-schema-graph\">{\"@context\":\"https:\/\/schema.org\",\"@graph\":[{\"@type\":\"WebPage\",\"@id\":\"https:\/\/evodeaf.com\/evodeaf-wiki\/\",\"url\":\"https:\/\/evodeaf.com\/evodeaf-wiki\/\",\"name\":\"Evodeaf wiki - Evodeaf\",\"isPartOf\":{\"@id\":\"https:\/\/evodeaf.com\/#website\"},\"primaryImageOfPage\":{\"@id\":\"https:\/\/evodeaf.com\/evodeaf-wiki\/#primaryimage\"},\"image\":{\"@id\":\"https:\/\/evodeaf.com\/evodeaf-wiki\/#primaryimage\"},\"thumbnailUrl\":\"https:\/\/evodeaf.com\/wp-content\/uploads\/2023\/07\/EvodeafWiki-300x300.png\",\"datePublished\":\"2023-07-03T09:12:01+00:00\",\"dateModified\":\"2023-08-02T13:08:16+00:00\",\"breadcrumb\":{\"@id\":\"https:\/\/evodeaf.com\/evodeaf-wiki\/#breadcrumb\"},\"inLanguage\":\"ru-RU\",\"potentialAction\":[{\"@type\":\"ReadAction\",\"target\":[\"https:\/\/evodeaf.com\/evodeaf-wiki\/\"]}]},{\"@type\":\"ImageObject\",\"inLanguage\":\"ru-RU\",\"@id\":\"https:\/\/evodeaf.com\/evodeaf-wiki\/#primaryimage\",\"url\":\"https:\/\/evodeaf.com\/wp-content\/uploads\/2023\/07\/EvodeafWiki-300x300.png\",\"contentUrl\":\"https:\/\/evodeaf.com\/wp-content\/uploads\/2023\/07\/EvodeafWiki-300x300.png\"},{\"@type\":\"BreadcrumbList\",\"@id\":\"https:\/\/evodeaf.com\/evodeaf-wiki\/#breadcrumb\",\"itemListElement\":[{\"@type\":\"ListItem\",\"position\":1,\"name\":\"Home\",\"item\":\"https:\/\/evodeaf.com\/\"},{\"@type\":\"ListItem\",\"position\":2,\"name\":\"Evodeaf wiki\"}]},{\"@type\":\"WebSite\",\"@id\":\"https:\/\/evodeaf.com\/#website\",\"url\":\"https:\/\/evodeaf.com\/\",\"name\":\"Evodeaf\",\"description\":\"\",\"publisher\":{\"@id\":\"https:\/\/evodeaf.com\/#organization\"},\"potentialAction\":[{\"@type\":\"SearchAction\",\"target\":{\"@type\":\"EntryPoint\",\"urlTemplate\":\"https:\/\/evodeaf.com\/?s={search_term_string}\"},\"query-input\":{\"@type\":\"PropertyValueSpecification\",\"valueRequired\":true,\"valueName\":\"search_term_string\"}}],\"inLanguage\":\"ru-RU\"},{\"@type\":\"Organization\",\"@id\":\"https:\/\/evodeaf.com\/#organization\",\"name\":\"Evodeaf\",\"url\":\"https:\/\/evodeaf.com\/\",\"logo\":{\"@type\":\"ImageObject\",\"inLanguage\":\"ru-RU\",\"@id\":\"https:\/\/evodeaf.com\/#\/schema\/logo\/image\/\",\"url\":\"https:\/\/evodeaf.com\/wp-content\/uploads\/2023\/06\/logo_evodeaf_2_app_traduzione_lingua_segni.png\",\"contentUrl\":\"https:\/\/evodeaf.com\/wp-content\/uploads\/2023\/06\/logo_evodeaf_2_app_traduzione_lingua_segni.png\",\"width\":100,\"height\":132,\"caption\":\"Evodeaf\"},\"image\":{\"@id\":\"https:\/\/evodeaf.com\/#\/schema\/logo\/image\/\"}}]}<\/script>\n<!-- \/ Yoast SEO plugin. -->","yoast_head_json":{"title":"Evodeaf wiki - Evodeaf","robots":{"index":"index","follow":"follow","max-snippet":"max-snippet:-1","max-image-preview":"max-image-preview:large","max-video-preview":"max-video-preview:-1"},"canonical":"https:\/\/evodeaf.com\/ru\/evodeaf-wiki\/","og_locale":"ru_RU","og_type":"article","og_title":"Evodeaf wiki - Evodeaf","og_description":"Evodeaf wiki Evodeaf Wiki rappresenta una ricca risorsa linguistica che permette di accedere a una vasta raccolta di segni e parole\u00a0nelle sei lingue preimpostate,\u00a0espresse nella lingua dei segni. \u00c8 presente un&#8217;ampia variet\u00e0 di parole e segni in grado di coprire numerosi ambiti come alimentazione, salute, famiglia, professioni, interessi personali, oggetti di uso quotidiano e molto [&hellip;]","og_url":"https:\/\/evodeaf.com\/ru\/evodeaf-wiki\/","og_site_name":"Evodeaf","article_modified_time":"2023-08-02T13:08:16+00:00","og_image":[{"url":"https:\/\/evodeaf.com\/wp-content\/uploads\/2023\/07\/EvodeafWiki-300x300.png","type":"","width":"","height":""}],"twitter_card":"summary_large_image","twitter_misc":{"\u041f\u0440\u0438\u043c\u0435\u0440\u043d\u043e\u0435 \u0432\u0440\u0435\u043c\u044f \u0434\u043b\u044f \u0447\u0442\u0435\u043d\u0438\u044f":"2 \u043c\u0438\u043d\u0443\u0442\u044b"},"schema":{"@context":"https:\/\/schema.org","@graph":[{"@type":"WebPage","@id":"https:\/\/evodeaf.com\/evodeaf-wiki\/","url":"https:\/\/evodeaf.com\/evodeaf-wiki\/","name":"Evodeaf wiki - Evodeaf","isPartOf":{"@id":"https:\/\/evodeaf.com\/#website"},"primaryImageOfPage":{"@id":"https:\/\/evodeaf.com\/evodeaf-wiki\/#primaryimage"},"image":{"@id":"https:\/\/evodeaf.com\/evodeaf-wiki\/#primaryimage"},"thumbnailUrl":"https:\/\/evodeaf.com\/wp-content\/uploads\/2023\/07\/EvodeafWiki-300x300.png","datePublished":"2023-07-03T09:12:01+00:00","dateModified":"2023-08-02T13:08:16+00:00","breadcrumb":{"@id":"https:\/\/evodeaf.com\/evodeaf-wiki\/#breadcrumb"},"inLanguage":"ru-RU","potentialAction":[{"@type":"ReadAction","target":["https:\/\/evodeaf.com\/evodeaf-wiki\/"]}]},{"@type":"ImageObject","inLanguage":"ru-RU","@id":"https:\/\/evodeaf.com\/evodeaf-wiki\/#primaryimage","url":"https:\/\/evodeaf.com\/wp-content\/uploads\/2023\/07\/EvodeafWiki-300x300.png","contentUrl":"https:\/\/evodeaf.com\/wp-content\/uploads\/2023\/07\/EvodeafWiki-300x300.png"},{"@type":"BreadcrumbList","@id":"https:\/\/evodeaf.com\/evodeaf-wiki\/#breadcrumb","itemListElement":[{"@type":"ListItem","position":1,"name":"Home","item":"https:\/\/evodeaf.com\/"},{"@type":"ListItem","position":2,"name":"Evodeaf wiki"}]},{"@type":"WebSite","@id":"https:\/\/evodeaf.com\/#website","url":"https:\/\/evodeaf.com\/","name":"Evodeaf","description":"","publisher":{"@id":"https:\/\/evodeaf.com\/#organization"},"potentialAction":[{"@type":"SearchAction","target":{"@type":"EntryPoint","urlTemplate":"https:\/\/evodeaf.com\/?s={search_term_string}"},"query-input":{"@type":"PropertyValueSpecification","valueRequired":true,"valueName":"search_term_string"}}],"inLanguage":"ru-RU"},{"@type":"Organization","@id":"https:\/\/evodeaf.com\/#organization","name":"Evodeaf","url":"https:\/\/evodeaf.com\/","logo":{"@type":"ImageObject","inLanguage":"ru-RU","@id":"https:\/\/evodeaf.com\/#\/schema\/logo\/image\/","url":"https:\/\/evodeaf.com\/wp-content\/uploads\/2023\/06\/logo_evodeaf_2_app_traduzione_lingua_segni.png","contentUrl":"https:\/\/evodeaf.com\/wp-content\/uploads\/2023\/06\/logo_evodeaf_2_app_traduzione_lingua_segni.png","width":100,"height":132,"caption":"Evodeaf"},"image":{"@id":"https:\/\/evodeaf.com\/#\/schema\/logo\/image\/"}}]}},"_links":{"self":[{"href":"https:\/\/evodeaf.com\/ru\/wp-json\/wp\/v2\/pages\/4348","targetHints":{"allow":["GET"]}}],"collection":[{"href":"https:\/\/evodeaf.com\/ru\/wp-json\/wp\/v2\/pages"}],"about":[{"href":"https:\/\/evodeaf.com\/ru\/wp-json\/wp\/v2\/types\/page"}],"author":[{"embeddable":true,"href":"https:\/\/evodeaf.com\/ru\/wp-json\/wp\/v2\/users\/1"}],"replies":[{"embeddable":true,"href":"https:\/\/evodeaf.com\/ru\/wp-json\/wp\/v2\/comments?post=4348"}],"version-history":[{"count":49,"href":"https:\/\/evodeaf.com\/ru\/wp-json\/wp\/v2\/pages\/4348\/revisions"}],"predecessor-version":[{"id":8345,"href":"https:\/\/evodeaf.com\/ru\/wp-json\/wp\/v2\/pages\/4348\/revisions\/8345"}],"wp:attachment":[{"href":"https:\/\/evodeaf.com\/ru\/wp-json\/wp\/v2\/media?parent=4348"}],"curies":[{"name":"wp","href":"https:\/\/api.w.org\/{rel}","templated":true}]}}