{"id":4329,"date":"2023-07-03T10:49:20","date_gmt":"2023-07-03T08:49:20","guid":{"rendered":"https:\/\/site.evodeaf.com\/?page_id=4329"},"modified":"2023-08-07T09:06:01","modified_gmt":"2023-08-07T07:06:01","slug":"comunicazione-bidirezionale","status":"publish","type":"page","link":"https:\/\/evodeaf.com\/ru\/comunicazione-bidirezionale\/","title":{"rendered":"\u0414\u0432\u0443\u0441\u0442\u043e\u0440\u043e\u043d\u043d\u044f\u044f \u0441\u0432\u044f\u0437\u044c"},"content":{"rendered":"<div data-elementor-type=\"wp-page\" data-elementor-id=\"4329\" class=\"elementor elementor-4329\" data-elementor-post-type=\"page\">\n\t\t\t\t\t\t<section class=\"elementor-section elementor-top-section elementor-element elementor-element-a8e3d54 elementor-section-height-min-height elementor-section-boxed elementor-section-height-default elementor-section-items-middle\" data-id=\"a8e3d54\" data-element_type=\"section\" data-settings=\"{&quot;background_background&quot;:&quot;classic&quot;}\">\n\t\t\t\t\t\t<div class=\"elementor-container elementor-column-gap-default\">\n\t\t\t\t\t<div class=\"elementor-column elementor-col-100 elementor-top-column elementor-element elementor-element-9ef6c0d\" data-id=\"9ef6c0d\" data-element_type=\"column\">\n\t\t\t<div class=\"elementor-widget-wrap elementor-element-populated\">\n\t\t\t\t\t\t<div class=\"elementor-element elementor-element-e0dc19e elementor-widget__width-initial elementor-widget elementor-widget-heading\" data-id=\"e0dc19e\" data-element_type=\"widget\" data-widget_type=\"heading.default\">\n\t\t\t\t<div class=\"elementor-widget-container\">\n\t\t\t\t\t<h1 class=\"elementor-heading-title elementor-size-default\">\u0414\u0432\u0443\u0441\u0442\u043e\u0440\u043e\u043d\u043d\u044f\u044f \u0441\u0432\u044f\u0437\u044c<\/h1>\t\t\t\t<\/div>\n\t\t\t\t<\/div>\n\t\t\t\t\t<\/div>\n\t\t<\/div>\n\t\t\t\t\t<\/div>\n\t\t<\/section>\n\t\t\t\t<section class=\"elementor-section elementor-top-section elementor-element elementor-element-2af9fae elementor-section-boxed elementor-section-height-default elementor-section-height-default\" data-id=\"2af9fae\" data-element_type=\"section\">\n\t\t\t\t\t\t<div class=\"elementor-container elementor-column-gap-default\">\n\t\t\t\t\t\t<\/div>\n\t\t<\/section>\n\t\t\t\t<section class=\"elementor-section elementor-top-section elementor-element elementor-element-ec92087 elementor-section-height-min-height elementor-section-boxed elementor-section-height-default elementor-section-items-middle\" data-id=\"ec92087\" data-element_type=\"section\">\n\t\t\t\t\t\t<div class=\"elementor-container elementor-column-gap-default\">\n\t\t\t\t\t<div class=\"elementor-column elementor-col-100 elementor-top-column elementor-element elementor-element-75b01ec\" data-id=\"75b01ec\" data-element_type=\"column\">\n\t\t\t<div class=\"elementor-widget-wrap elementor-element-populated\">\n\t\t\t\t\t\t<div class=\"elementor-element elementor-element-a143f55 elementor-widget elementor-widget-image\" data-id=\"a143f55\" data-element_type=\"widget\" data-widget_type=\"image.default\">\n\t\t\t\t<div class=\"elementor-widget-container\">\n\t\t\t\t\t\t\t\t\t\t\t\t\t\t\t<img fetchpriority=\"high\" decoding=\"async\" width=\"300\" height=\"300\" src=\"https:\/\/evodeaf.com\/wp-content\/uploads\/2023\/07\/EvodeafComunicazione-300x300.png\" class=\"attachment-medium size-medium wp-image-5875\" alt=\"\" srcset=\"https:\/\/evodeaf.com\/wp-content\/uploads\/2023\/07\/EvodeafComunicazione-300x300.png 300w, https:\/\/evodeaf.com\/wp-content\/uploads\/2023\/07\/EvodeafComunicazione-100x100.png 100w, https:\/\/evodeaf.com\/wp-content\/uploads\/2023\/07\/EvodeafComunicazione-150x150.png 150w, https:\/\/evodeaf.com\/wp-content\/uploads\/2023\/07\/EvodeafComunicazione.png 500w\" sizes=\"(max-width: 300px) 100vw, 300px\" \/>\t\t\t\t\t\t\t\t\t\t\t\t\t\t\t<\/div>\n\t\t\t\t<\/div>\n\t\t\t\t<div class=\"elementor-element elementor-element-8f08b48 elementor-widget__width-initial elementor-widget elementor-widget-text-editor\" data-id=\"8f08b48\" data-element_type=\"widget\" data-widget_type=\"text-editor.default\">\n\t\t\t\t<div class=\"elementor-widget-container\">\n\t\t\t\t\t\t\t\t\t<p>La funzione di comunicazione bidirezionale consente agli utenti di utilizzare l&#8217;app per tradurre istantaneamente il linguaggio dei segni in testo e viceversa; \u00e8 necessario solo inserire il testo nell\u2019app e selezionare l&#8217;opzione di traduzione in lingua dei segni, solo dopo sar\u00e0 visibile un avatar animato in grado di tradurre il testo in una sequenza chiara di segni. Allo stesso modo, le persone affette da sordit\u00e0 possono utilizzare l&#8217;app per comunicare con persone udenti, inserendo il messaggio in lingua dei segni e sfruttando il riconoscimento delle mani per la traduzione automatica; il testo verr\u00e0 cos\u00ec visualizzato sullo schermo consentendo una comunicazione fluida e senza intoppi.<\/p>\t\t\t\t\t\t\t\t<\/div>\n\t\t\t\t<\/div>\n\t\t\t\t\t<\/div>\n\t\t<\/div>\n\t\t\t\t\t<\/div>\n\t\t<\/section>\n\t\t\t\t<section class=\"elementor-section elementor-top-section elementor-element elementor-element-f7b9ed3 elementor-section-full_width elementor-section-height-default elementor-section-height-default\" data-id=\"f7b9ed3\" data-element_type=\"section\">\n\t\t\t\t\t\t<div class=\"elementor-container elementor-column-gap-default\">\n\t\t\t\t\t<div class=\"elementor-column elementor-col-100 elementor-top-column elementor-element elementor-element-edf41df\" data-id=\"edf41df\" data-element_type=\"column\">\n\t\t\t<div class=\"elementor-widget-wrap elementor-element-populated\">\n\t\t\t\t\t\t<section class=\"elementor-section elementor-inner-section elementor-element elementor-element-b5435d5 elementor-section-height-min-height elementor-section-boxed elementor-section-height-default\" data-id=\"b5435d5\" data-element_type=\"section\">\n\t\t\t\t\t\t<div class=\"elementor-container elementor-column-gap-default\">\n\t\t\t\t\t<div class=\"elementor-column elementor-col-33 elementor-inner-column elementor-element elementor-element-6fe9966 elementor-invisible\" data-id=\"6fe9966\" data-element_type=\"column\" data-settings=\"{&quot;background_background&quot;:&quot;classic&quot;,&quot;animation&quot;:&quot;fadeInUp&quot;}\">\n\t\t\t<div class=\"elementor-widget-wrap elementor-element-populated\">\n\t\t\t\t\t\t<div class=\"elementor-element elementor-element-5b9b910 elementor-widget elementor-widget-heading\" data-id=\"5b9b910\" data-element_type=\"widget\" data-widget_type=\"heading.default\">\n\t\t\t\t<div class=\"elementor-widget-container\">\n\t\t\t\t\t<h5 class=\"elementor-heading-title elementor-size-default\">\u0418\u043d\u043a\u043b\u044e\u0437\u0438\u0432\u043d\u043e\u0435 \u043e\u0431\u0449\u0435\u043d\u0438\u0435<\/h5>\t\t\t\t<\/div>\n\t\t\t\t<\/div>\n\t\t\t\t<div class=\"elementor-element elementor-element-07d1f26 elementor-widget elementor-widget-text-editor\" data-id=\"07d1f26\" data-element_type=\"widget\" data-widget_type=\"text-editor.default\">\n\t\t\t\t<div class=\"elementor-widget-container\">\n\t\t\t\t\t\t\t\t\t<p class=\"p1\">\u0414\u0432\u0443\u043c\u0435\u0440\u043d\u0430\u044f \u043a\u043e\u043c\u043c\u0443\u043d\u0438\u043a\u0430\u0446\u0438\u044f \u043f\u043e\u0437\u0432\u043e\u043b\u044f\u0435\u0442 \u0441\u043e\u0437\u0434\u0430\u0442\u044c \u0438\u043d\u043a\u043b\u044e\u0437\u0438\u0432\u043d\u0443\u044e \u043a\u043e\u043c\u043c\u0443\u043d\u0438\u043a\u0430\u0446\u0438\u043e\u043d\u043d\u0443\u044e \u0441\u0440\u0435\u0434\u0443, \u0432 \u043a\u043e\u0442\u043e\u0440\u043e\u0439 \u043b\u044e\u0431\u043e\u0439 \u043c\u043e\u0436\u0435\u0442 \u0432\u0437\u0430\u0438\u043c\u043e\u0434\u0435\u0439\u0441\u0442\u0432\u043e\u0432\u0430\u0442\u044c \u0431\u0435\u0437 \u044f\u0437\u044b\u043a\u043e\u0432\u044b\u0445 \u0431\u0430\u0440\u044c\u0435\u0440\u043e\u0432.<\/p><p class=\"p1\">La traduzione simultanea permette alle persone sorde di comunicare facilmente con coloro che non conoscono la lingua dei segni, e allo stesso tempo, mette in grado le persone udenti di comprendere e rispondere a questi messaggi.<\/p><p class=\"p1\">Tutto ci\u00f2 favorisce l&#8217;inclusione sociale creando opportunit\u00e0 di interazione e collaborazione tra le persone.<\/p>\t\t\t\t\t\t\t\t<\/div>\n\t\t\t\t<\/div>\n\t\t\t\t\t<\/div>\n\t\t<\/div>\n\t\t\t\t<div class=\"elementor-column elementor-col-33 elementor-inner-column elementor-element elementor-element-c825fb2 elementor-invisible\" data-id=\"c825fb2\" data-element_type=\"column\" data-settings=\"{&quot;background_background&quot;:&quot;classic&quot;,&quot;animation&quot;:&quot;fadeInUp&quot;}\">\n\t\t\t<div class=\"elementor-widget-wrap elementor-element-populated\">\n\t\t\t\t\t\t<div class=\"elementor-element elementor-element-6cd7294 elementor-widget elementor-widget-heading\" data-id=\"6cd7294\" data-element_type=\"widget\" data-widget_type=\"heading.default\">\n\t\t\t\t<div class=\"elementor-widget-container\">\n\t\t\t\t\t<h5 class=\"elementor-heading-title elementor-size-default\">\u0414\u043e\u0441\u0442\u0443\u043f \u043a \u0438\u043d\u0444\u043e\u0440\u043c\u0430\u0446\u0438\u0438<\/h5>\t\t\t\t<\/div>\n\t\t\t\t<\/div>\n\t\t\t\t<div class=\"elementor-element elementor-element-7f0117b elementor-widget elementor-widget-text-editor\" data-id=\"7f0117b\" data-element_type=\"widget\" data-widget_type=\"text-editor.default\">\n\t\t\t\t<div class=\"elementor-widget-container\">\n\t\t\t\t\t\t\t\t\t<p class=\"p1\">Utilizzando questa funzione, le persone affette da sordit\u00e0 possono accedere a informazioni in tempo reale, sia online che offline.<\/p><p class=\"p1\">La traduzione simultanea della lingua dei segni consente loro di comprendere video, presentazioni, testi scritti e qualsiasi altra forma di contenuto multimediale.<\/p><p class=\"p1\">Questo amplia le possibilit\u00e0 di apprendimento, partecipazione e accesso alle risorse digitali, consentendo loro di essere pienamente informati e aggiornati come altri.<\/p>\t\t\t\t\t\t\t\t<\/div>\n\t\t\t\t<\/div>\n\t\t\t\t\t<\/div>\n\t\t<\/div>\n\t\t\t\t<div class=\"elementor-column elementor-col-33 elementor-inner-column elementor-element elementor-element-782c04d elementor-invisible\" data-id=\"782c04d\" data-element_type=\"column\" data-settings=\"{&quot;background_background&quot;:&quot;classic&quot;,&quot;animation&quot;:&quot;fadeInUp&quot;}\">\n\t\t\t<div class=\"elementor-widget-wrap elementor-element-populated\">\n\t\t\t\t\t\t<div class=\"elementor-element elementor-element-18df4e3 elementor-widget elementor-widget-heading\" data-id=\"18df4e3\" data-element_type=\"widget\" data-widget_type=\"heading.default\">\n\t\t\t\t<div class=\"elementor-widget-container\">\n\t\t\t\t\t<h5 class=\"elementor-heading-title elementor-size-default\">\u041b\u0443\u0447\u0448\u0435\u0435 \u043c\u0435\u0436\u043b\u0438\u0447\u043d\u043e\u0441\u0442\u043d\u043e\u0435 \u043e\u0431\u0449\u0435\u043d\u0438\u0435<\/h5>\t\t\t\t<\/div>\n\t\t\t\t<\/div>\n\t\t\t\t<div class=\"elementor-element elementor-element-b9751bb elementor-widget elementor-widget-text-editor\" data-id=\"b9751bb\" data-element_type=\"widget\" data-widget_type=\"text-editor.default\">\n\t\t\t\t<div class=\"elementor-widget-container\">\n\t\t\t\t\t\t\t\t\t<p class=\"p1\">\u0424\u0443\u043d\u043a\u0446\u0438\u044f \u0434\u0432\u0443\u0441\u0442\u043e\u0440\u043e\u043d\u043d\u0435\u0439 \u0441\u0432\u044f\u0437\u0438 \u043f\u043e\u0437\u0432\u043e\u043b\u044f\u0435\u0442 \u0443\u043b\u0443\u0447\u0448\u0438\u0442\u044c \u043c\u0435\u0436\u043b\u0438\u0447\u043d\u043e\u0441\u0442\u043d\u043e\u0435 \u043e\u0431\u0449\u0435\u043d\u0438\u0435 \u043c\u0435\u0436\u0434\u0443 \u0433\u043b\u0443\u0445\u0438\u043c\u0438 \u0438 \u0441\u043b\u044b\u0448\u0430\u0449\u0438\u043c\u0438.<\/p>\n<p class=\"p1\">Grazie a questo, le conversazioni possono avvenire in tempo reale, senza bisogno di interpreti o intermediari, favorendo una comunicazione diretta, immediata ed efficace, e promuovendo la comprensione reciproca, la condivisione di idee e l&#8217;espressione emotiva.<\/p>\n<p class=\"p1\">L\u2019uso di questa funzione pu\u00f2 contribuire a creare una maggiore consapevolezza e sensibilit\u00e0 verso la cultura e la lingua dei segni, favorendo un ambiente di interazione pi\u00f9 inclusivo.<\/p>\t\t\t\t\t\t\t\t<\/div>\n\t\t\t\t<\/div>\n\t\t\t\t\t<\/div>\n\t\t<\/div>\n\t\t\t\t\t<\/div>\n\t\t<\/section>\n\t\t\t\t\t<\/div>\n\t\t<\/div>\n\t\t\t\t\t<\/div>\n\t\t<\/section>\n\t\t\t\t<\/div>","protected":false},"excerpt":{"rendered":"<p>Comunicazione bidirezionale La funzione di comunicazione bidirezionale consente agli utenti di utilizzare l&#8217;app per tradurre istantaneamente il linguaggio dei segni in testo e viceversa; \u00e8 necessario solo inserire il testo nell\u2019app e selezionare l&#8217;opzione di traduzione in lingua dei segni, solo dopo sar\u00e0 visibile un avatar animato in grado di tradurre il testo in una [&hellip;]<\/p>","protected":false},"author":1,"featured_media":0,"parent":0,"menu_order":0,"comment_status":"closed","ping_status":"closed","template":"","meta":{"_acf_changed":false,"footnotes":""},"class_list":["post-4329","page","type-page","status-publish","hentry"],"acf":[],"yoast_head":"<!-- This site is optimized with the Yoast SEO plugin v24.5 - https:\/\/yoast.com\/wordpress\/plugins\/seo\/ -->\n<title>Comunicazione bidirezionale - Evodeaf<\/title>\n<meta name=\"robots\" content=\"index, follow, max-snippet:-1, max-image-preview:large, max-video-preview:-1\" \/>\n<link rel=\"canonical\" href=\"https:\/\/evodeaf.com\/ru\/comunicazione-bidirezionale\/\" \/>\n<meta property=\"og:locale\" content=\"ru_RU\" \/>\n<meta property=\"og:type\" content=\"article\" \/>\n<meta property=\"og:title\" content=\"Comunicazione bidirezionale - Evodeaf\" \/>\n<meta property=\"og:description\" content=\"Comunicazione bidirezionale La funzione di comunicazione bidirezionale consente agli utenti di utilizzare l&#8217;app per tradurre istantaneamente il linguaggio dei segni in testo e viceversa; \u00e8 necessario solo inserire il testo nell\u2019app e selezionare l&#8217;opzione di traduzione in lingua dei segni, solo dopo sar\u00e0 visibile un avatar animato in grado di tradurre il testo in una [&hellip;]\" \/>\n<meta property=\"og:url\" content=\"https:\/\/evodeaf.com\/ru\/comunicazione-bidirezionale\/\" \/>\n<meta property=\"og:site_name\" content=\"Evodeaf\" \/>\n<meta property=\"article:modified_time\" content=\"2023-08-07T07:06:01+00:00\" \/>\n<meta property=\"og:image\" content=\"https:\/\/evodeaf.com\/wp-content\/uploads\/2023\/07\/EvodeafComunicazione-300x300.png\" \/>\n<meta name=\"twitter:card\" content=\"summary_large_image\" \/>\n<meta name=\"twitter:label1\" content=\"\u041f\u0440\u0438\u043c\u0435\u0440\u043d\u043e\u0435 \u0432\u0440\u0435\u043c\u044f \u0434\u043b\u044f \u0447\u0442\u0435\u043d\u0438\u044f\" \/>\n\t<meta name=\"twitter:data1\" content=\"2 \u043c\u0438\u043d\u0443\u0442\u044b\" \/>\n<script type=\"application\/ld+json\" class=\"yoast-schema-graph\">{\"@context\":\"https:\/\/schema.org\",\"@graph\":[{\"@type\":\"WebPage\",\"@id\":\"https:\/\/evodeaf.com\/comunicazione-bidirezionale\/\",\"url\":\"https:\/\/evodeaf.com\/comunicazione-bidirezionale\/\",\"name\":\"Comunicazione bidirezionale - Evodeaf\",\"isPartOf\":{\"@id\":\"https:\/\/evodeaf.com\/#website\"},\"primaryImageOfPage\":{\"@id\":\"https:\/\/evodeaf.com\/comunicazione-bidirezionale\/#primaryimage\"},\"image\":{\"@id\":\"https:\/\/evodeaf.com\/comunicazione-bidirezionale\/#primaryimage\"},\"thumbnailUrl\":\"https:\/\/evodeaf.com\/wp-content\/uploads\/2023\/07\/EvodeafComunicazione-300x300.png\",\"datePublished\":\"2023-07-03T08:49:20+00:00\",\"dateModified\":\"2023-08-07T07:06:01+00:00\",\"breadcrumb\":{\"@id\":\"https:\/\/evodeaf.com\/comunicazione-bidirezionale\/#breadcrumb\"},\"inLanguage\":\"ru-RU\",\"potentialAction\":[{\"@type\":\"ReadAction\",\"target\":[\"https:\/\/evodeaf.com\/comunicazione-bidirezionale\/\"]}]},{\"@type\":\"ImageObject\",\"inLanguage\":\"ru-RU\",\"@id\":\"https:\/\/evodeaf.com\/comunicazione-bidirezionale\/#primaryimage\",\"url\":\"https:\/\/evodeaf.com\/wp-content\/uploads\/2023\/07\/EvodeafComunicazione-300x300.png\",\"contentUrl\":\"https:\/\/evodeaf.com\/wp-content\/uploads\/2023\/07\/EvodeafComunicazione-300x300.png\"},{\"@type\":\"BreadcrumbList\",\"@id\":\"https:\/\/evodeaf.com\/comunicazione-bidirezionale\/#breadcrumb\",\"itemListElement\":[{\"@type\":\"ListItem\",\"position\":1,\"name\":\"Home\",\"item\":\"https:\/\/evodeaf.com\/\"},{\"@type\":\"ListItem\",\"position\":2,\"name\":\"Comunicazione bidirezionale\"}]},{\"@type\":\"WebSite\",\"@id\":\"https:\/\/evodeaf.com\/#website\",\"url\":\"https:\/\/evodeaf.com\/\",\"name\":\"Evodeaf\",\"description\":\"\",\"publisher\":{\"@id\":\"https:\/\/evodeaf.com\/#organization\"},\"potentialAction\":[{\"@type\":\"SearchAction\",\"target\":{\"@type\":\"EntryPoint\",\"urlTemplate\":\"https:\/\/evodeaf.com\/?s={search_term_string}\"},\"query-input\":{\"@type\":\"PropertyValueSpecification\",\"valueRequired\":true,\"valueName\":\"search_term_string\"}}],\"inLanguage\":\"ru-RU\"},{\"@type\":\"Organization\",\"@id\":\"https:\/\/evodeaf.com\/#organization\",\"name\":\"Evodeaf\",\"url\":\"https:\/\/evodeaf.com\/\",\"logo\":{\"@type\":\"ImageObject\",\"inLanguage\":\"ru-RU\",\"@id\":\"https:\/\/evodeaf.com\/#\/schema\/logo\/image\/\",\"url\":\"https:\/\/evodeaf.com\/wp-content\/uploads\/2023\/06\/logo_evodeaf_2_app_traduzione_lingua_segni.png\",\"contentUrl\":\"https:\/\/evodeaf.com\/wp-content\/uploads\/2023\/06\/logo_evodeaf_2_app_traduzione_lingua_segni.png\",\"width\":100,\"height\":132,\"caption\":\"Evodeaf\"},\"image\":{\"@id\":\"https:\/\/evodeaf.com\/#\/schema\/logo\/image\/\"}}]}<\/script>\n<!-- \/ Yoast SEO plugin. -->","yoast_head_json":{"title":"Comunicazione bidirezionale - Evodeaf","robots":{"index":"index","follow":"follow","max-snippet":"max-snippet:-1","max-image-preview":"max-image-preview:large","max-video-preview":"max-video-preview:-1"},"canonical":"https:\/\/evodeaf.com\/ru\/comunicazione-bidirezionale\/","og_locale":"ru_RU","og_type":"article","og_title":"Comunicazione bidirezionale - Evodeaf","og_description":"Comunicazione bidirezionale La funzione di comunicazione bidirezionale consente agli utenti di utilizzare l&#8217;app per tradurre istantaneamente il linguaggio dei segni in testo e viceversa; \u00e8 necessario solo inserire il testo nell\u2019app e selezionare l&#8217;opzione di traduzione in lingua dei segni, solo dopo sar\u00e0 visibile un avatar animato in grado di tradurre il testo in una [&hellip;]","og_url":"https:\/\/evodeaf.com\/ru\/comunicazione-bidirezionale\/","og_site_name":"Evodeaf","article_modified_time":"2023-08-07T07:06:01+00:00","og_image":[{"url":"https:\/\/evodeaf.com\/wp-content\/uploads\/2023\/07\/EvodeafComunicazione-300x300.png","type":"","width":"","height":""}],"twitter_card":"summary_large_image","twitter_misc":{"\u041f\u0440\u0438\u043c\u0435\u0440\u043d\u043e\u0435 \u0432\u0440\u0435\u043c\u044f \u0434\u043b\u044f \u0447\u0442\u0435\u043d\u0438\u044f":"2 \u043c\u0438\u043d\u0443\u0442\u044b"},"schema":{"@context":"https:\/\/schema.org","@graph":[{"@type":"WebPage","@id":"https:\/\/evodeaf.com\/comunicazione-bidirezionale\/","url":"https:\/\/evodeaf.com\/comunicazione-bidirezionale\/","name":"Comunicazione bidirezionale - Evodeaf","isPartOf":{"@id":"https:\/\/evodeaf.com\/#website"},"primaryImageOfPage":{"@id":"https:\/\/evodeaf.com\/comunicazione-bidirezionale\/#primaryimage"},"image":{"@id":"https:\/\/evodeaf.com\/comunicazione-bidirezionale\/#primaryimage"},"thumbnailUrl":"https:\/\/evodeaf.com\/wp-content\/uploads\/2023\/07\/EvodeafComunicazione-300x300.png","datePublished":"2023-07-03T08:49:20+00:00","dateModified":"2023-08-07T07:06:01+00:00","breadcrumb":{"@id":"https:\/\/evodeaf.com\/comunicazione-bidirezionale\/#breadcrumb"},"inLanguage":"ru-RU","potentialAction":[{"@type":"ReadAction","target":["https:\/\/evodeaf.com\/comunicazione-bidirezionale\/"]}]},{"@type":"ImageObject","inLanguage":"ru-RU","@id":"https:\/\/evodeaf.com\/comunicazione-bidirezionale\/#primaryimage","url":"https:\/\/evodeaf.com\/wp-content\/uploads\/2023\/07\/EvodeafComunicazione-300x300.png","contentUrl":"https:\/\/evodeaf.com\/wp-content\/uploads\/2023\/07\/EvodeafComunicazione-300x300.png"},{"@type":"BreadcrumbList","@id":"https:\/\/evodeaf.com\/comunicazione-bidirezionale\/#breadcrumb","itemListElement":[{"@type":"ListItem","position":1,"name":"Home","item":"https:\/\/evodeaf.com\/"},{"@type":"ListItem","position":2,"name":"Comunicazione bidirezionale"}]},{"@type":"WebSite","@id":"https:\/\/evodeaf.com\/#website","url":"https:\/\/evodeaf.com\/","name":"Evodeaf","description":"","publisher":{"@id":"https:\/\/evodeaf.com\/#organization"},"potentialAction":[{"@type":"SearchAction","target":{"@type":"EntryPoint","urlTemplate":"https:\/\/evodeaf.com\/?s={search_term_string}"},"query-input":{"@type":"PropertyValueSpecification","valueRequired":true,"valueName":"search_term_string"}}],"inLanguage":"ru-RU"},{"@type":"Organization","@id":"https:\/\/evodeaf.com\/#organization","name":"Evodeaf","url":"https:\/\/evodeaf.com\/","logo":{"@type":"ImageObject","inLanguage":"ru-RU","@id":"https:\/\/evodeaf.com\/#\/schema\/logo\/image\/","url":"https:\/\/evodeaf.com\/wp-content\/uploads\/2023\/06\/logo_evodeaf_2_app_traduzione_lingua_segni.png","contentUrl":"https:\/\/evodeaf.com\/wp-content\/uploads\/2023\/06\/logo_evodeaf_2_app_traduzione_lingua_segni.png","width":100,"height":132,"caption":"Evodeaf"},"image":{"@id":"https:\/\/evodeaf.com\/#\/schema\/logo\/image\/"}}]}},"_links":{"self":[{"href":"https:\/\/evodeaf.com\/ru\/wp-json\/wp\/v2\/pages\/4329","targetHints":{"allow":["GET"]}}],"collection":[{"href":"https:\/\/evodeaf.com\/ru\/wp-json\/wp\/v2\/pages"}],"about":[{"href":"https:\/\/evodeaf.com\/ru\/wp-json\/wp\/v2\/types\/page"}],"author":[{"embeddable":true,"href":"https:\/\/evodeaf.com\/ru\/wp-json\/wp\/v2\/users\/1"}],"replies":[{"embeddable":true,"href":"https:\/\/evodeaf.com\/ru\/wp-json\/wp\/v2\/comments?post=4329"}],"version-history":[{"count":71,"href":"https:\/\/evodeaf.com\/ru\/wp-json\/wp\/v2\/pages\/4329\/revisions"}],"predecessor-version":[{"id":8509,"href":"https:\/\/evodeaf.com\/ru\/wp-json\/wp\/v2\/pages\/4329\/revisions\/8509"}],"wp:attachment":[{"href":"https:\/\/evodeaf.com\/ru\/wp-json\/wp\/v2\/media?parent=4329"}],"curies":[{"name":"wp","href":"https:\/\/api.w.org\/{rel}","templated":true}]}}