{"id":3566,"date":"2023-06-29T10:25:09","date_gmt":"2023-06-29T08:25:09","guid":{"rendered":"https:\/\/site.evodeaf.com\/?page_id=3566"},"modified":"2023-08-07T08:59:50","modified_gmt":"2023-08-07T06:59:50","slug":"sicurezza","status":"publish","type":"page","link":"https:\/\/evodeaf.com\/ru\/sicurezza\/","title":{"rendered":"\u0411\u0435\u0437\u043e\u043f\u0430\u0441\u043d\u043e\u0441\u0442\u044c"},"content":{"rendered":"<div data-elementor-type=\"wp-page\" data-elementor-id=\"3566\" class=\"elementor elementor-3566\" data-elementor-post-type=\"page\">\n\t\t\t\t\t\t<section class=\"elementor-section elementor-top-section elementor-element elementor-element-5a907d2 elementor-section-height-min-height elementor-section-content-middle elementor-section-boxed elementor-section-height-default elementor-section-items-middle\" data-id=\"5a907d2\" data-element_type=\"section\" data-settings=\"{&quot;background_background&quot;:&quot;classic&quot;}\">\n\t\t\t\t\t\t<div class=\"elementor-container elementor-column-gap-default\">\n\t\t\t\t\t<div class=\"elementor-column elementor-col-100 elementor-top-column elementor-element elementor-element-0f18b34\" data-id=\"0f18b34\" data-element_type=\"column\">\n\t\t\t<div class=\"elementor-widget-wrap elementor-element-populated\">\n\t\t\t\t\t\t<div class=\"elementor-element elementor-element-ab5933f elementor-widget__width-initial elementor-widget elementor-widget-heading\" data-id=\"ab5933f\" data-element_type=\"widget\" data-widget_type=\"heading.default\">\n\t\t\t\t<div class=\"elementor-widget-container\">\n\t\t\t\t\t<h1 class=\"elementor-heading-title elementor-size-default\">\u0411\u0435\u0437\u043e\u043f\u0430\u0441\u043d\u043e\u0441\u0442\u044c<\/h1>\t\t\t\t<\/div>\n\t\t\t\t<\/div>\n\t\t\t\t\t<\/div>\n\t\t<\/div>\n\t\t\t\t\t<\/div>\n\t\t<\/section>\n\t\t\t\t<section class=\"elementor-section elementor-top-section elementor-element elementor-element-7677f87 elementor-section-height-min-height elementor-section-boxed elementor-section-height-default elementor-section-items-middle\" data-id=\"7677f87\" data-element_type=\"section\">\n\t\t\t\t\t\t<div class=\"elementor-container elementor-column-gap-default\">\n\t\t\t\t\t<div class=\"elementor-column elementor-col-100 elementor-top-column elementor-element elementor-element-72b3d79\" data-id=\"72b3d79\" data-element_type=\"column\">\n\t\t\t<div class=\"elementor-widget-wrap elementor-element-populated\">\n\t\t\t\t\t\t<div class=\"elementor-element elementor-element-eec139d elementor-widget elementor-widget-image\" data-id=\"eec139d\" data-element_type=\"widget\" data-widget_type=\"image.default\">\n\t\t\t\t<div class=\"elementor-widget-container\">\n\t\t\t\t\t\t\t\t\t\t\t\t\t\t\t<img fetchpriority=\"high\" decoding=\"async\" width=\"300\" height=\"300\" src=\"https:\/\/evodeaf.com\/wp-content\/uploads\/2023\/06\/grafica_personalizzata_sicurezza_evodeaf_app_traduzione_lingua_segni-1-300x300.png\" class=\"attachment-medium size-medium wp-image-495\" alt=\"grafica_personalizzata_sicurezza_evodeaf_app_traduzione_lingua_segni\" srcset=\"https:\/\/evodeaf.com\/wp-content\/uploads\/2023\/06\/grafica_personalizzata_sicurezza_evodeaf_app_traduzione_lingua_segni-1-300x300.png 300w, https:\/\/evodeaf.com\/wp-content\/uploads\/2023\/06\/grafica_personalizzata_sicurezza_evodeaf_app_traduzione_lingua_segni-1-150x150.png 150w, https:\/\/evodeaf.com\/wp-content\/uploads\/2023\/06\/grafica_personalizzata_sicurezza_evodeaf_app_traduzione_lingua_segni-1-100x100.png 100w, https:\/\/evodeaf.com\/wp-content\/uploads\/2023\/06\/grafica_personalizzata_sicurezza_evodeaf_app_traduzione_lingua_segni-1.png 500w\" sizes=\"(max-width: 300px) 100vw, 300px\" \/>\t\t\t\t\t\t\t\t\t\t\t\t\t\t\t<\/div>\n\t\t\t\t<\/div>\n\t\t\t\t<div class=\"elementor-element elementor-element-28534a5 elementor-widget__width-initial elementor-widget elementor-widget-heading\" data-id=\"28534a5\" data-element_type=\"widget\" data-widget_type=\"heading.default\">\n\t\t\t\t<div class=\"elementor-widget-container\">\n\t\t\t\t\t<h2 class=\"elementor-heading-title elementor-size-default\">Evodeaf ti fa sentire pi\u00f9 al sicuro<\/h2>\t\t\t\t<\/div>\n\t\t\t\t<\/div>\n\t\t\t\t<div class=\"elementor-element elementor-element-7ea90e4 elementor-widget__width-initial elementor-widget elementor-widget-text-editor\" data-id=\"7ea90e4\" data-element_type=\"widget\" data-widget_type=\"text-editor.default\">\n\t\t\t\t<div class=\"elementor-widget-container\">\n\t\t\t\t\t\t\t\t\t<p>\u00c8 un progetto innovativo che offre un servizio di traduzione simultanea dalla lingua parlata alla lingua dei segni. Grazie a un aiuto virtuale in grado di interpretare gesti e parole, le persone con disabilit\u00e0 uditiva possono, cos\u00ec, comunicare facilmente, migliorando la qualit\u00e0 della vita e favorendo l&#8217;integrazione sociale.<\/p>\t\t\t\t\t\t\t\t<\/div>\n\t\t\t\t<\/div>\n\t\t\t\t\t<\/div>\n\t\t<\/div>\n\t\t\t\t\t<\/div>\n\t\t<\/section>\n\t\t\t\t<section class=\"elementor-section elementor-top-section elementor-element elementor-element-136b826 elementor-section-full_width elementor-section-height-default elementor-section-height-default\" data-id=\"136b826\" data-element_type=\"section\">\n\t\t\t\t\t\t<div class=\"elementor-container elementor-column-gap-default\">\n\t\t\t\t\t<div class=\"elementor-column elementor-col-100 elementor-top-column elementor-element elementor-element-db77882\" data-id=\"db77882\" data-element_type=\"column\">\n\t\t\t<div class=\"elementor-widget-wrap elementor-element-populated\">\n\t\t\t\t\t\t<section class=\"elementor-section elementor-inner-section elementor-element elementor-element-be9218e elementor-section-height-min-height elementor-section-full_width elementor-section-height-default\" data-id=\"be9218e\" data-element_type=\"section\">\n\t\t\t\t\t\t<div class=\"elementor-container elementor-column-gap-default\">\n\t\t\t\t\t<div class=\"elementor-column elementor-col-33 elementor-inner-column elementor-element elementor-element-4853105 elementor-invisible\" data-id=\"4853105\" data-element_type=\"column\" data-settings=\"{&quot;background_background&quot;:&quot;classic&quot;,&quot;animation&quot;:&quot;fadeInUp&quot;}\">\n\t\t\t<div class=\"elementor-widget-wrap elementor-element-populated\">\n\t\t\t\t\t\t<div class=\"elementor-element elementor-element-e52da42 elementor-widget elementor-widget-heading\" data-id=\"e52da42\" data-element_type=\"widget\" data-widget_type=\"heading.default\">\n\t\t\t\t<div class=\"elementor-widget-container\">\n\t\t\t\t\t<h5 class=\"elementor-heading-title elementor-size-default\">\u041f\u043e\u0432\u044b\u0448\u0435\u043d\u043d\u0430\u044f \u0431\u0435\u0437\u043e\u043f\u0430\u0441\u043d\u043e\u0441\u0442\u044c<\/h5>\t\t\t\t<\/div>\n\t\t\t\t<\/div>\n\t\t\t\t<div class=\"elementor-element elementor-element-14494d7 elementor-widget elementor-widget-text-editor\" data-id=\"14494d7\" data-element_type=\"widget\" data-widget_type=\"text-editor.default\">\n\t\t\t\t<div class=\"elementor-widget-container\">\n\t\t\t\t\t\t\t\t\t<p>Evodeaf pu\u00f2 contribuire a garantire la sicurezza dei dipendenti sordi in caso di emergenza, fornendo loro istruzioni e avvisi importanti tradotti nella lingua dei segni.<\/p>\n<p>Questo pu\u00f2 aiutarli a prevenire possibili lesioni o incidenti all&#8217;interno dei vari luoghi di lavoro<\/p>\t\t\t\t\t\t\t\t<\/div>\n\t\t\t\t<\/div>\n\t\t\t\t\t<\/div>\n\t\t<\/div>\n\t\t\t\t<div class=\"elementor-column elementor-col-33 elementor-inner-column elementor-element elementor-element-bf4c789 elementor-invisible\" data-id=\"bf4c789\" data-element_type=\"column\" data-settings=\"{&quot;background_background&quot;:&quot;classic&quot;,&quot;animation&quot;:&quot;fadeInUp&quot;}\">\n\t\t\t<div class=\"elementor-widget-wrap elementor-element-populated\">\n\t\t\t\t\t\t<div class=\"elementor-element elementor-element-13f6f97 elementor-widget elementor-widget-heading\" data-id=\"13f6f97\" data-element_type=\"widget\" data-widget_type=\"heading.default\">\n\t\t\t\t<div class=\"elementor-widget-container\">\n\t\t\t\t\t<h5 class=\"elementor-heading-title elementor-size-default\">\u041f\u043e\u0432\u044b\u0448\u0435\u043d\u043d\u0430\u044f \u043e\u0441\u0432\u0435\u0434\u043e\u043c\u043b\u0435\u043d\u043d\u043e\u0441\u0442\u044c<\/h5>\t\t\t\t<\/div>\n\t\t\t\t<\/div>\n\t\t\t\t<div class=\"elementor-element elementor-element-43a7d5d elementor-widget elementor-widget-text-editor\" data-id=\"43a7d5d\" data-element_type=\"widget\" data-widget_type=\"text-editor.default\">\n\t\t\t\t<div class=\"elementor-widget-container\">\n\t\t\t\t\t\t\t\t\t<p>L&#8217;app pu\u00f2 fornire ai dipendenti sordi accesso immediato alle informazioni di sicurezza da seguire in determinate aree e situazioni.<\/p><p>Questo pu\u00f2 aiutarli a essere consapevoli dei potenziali rischi o pericoli presenti nell&#8217;ambiente circostante e di adottare le misure adeguate per proteggere la propria sicurezza.<\/p>\t\t\t\t\t\t\t\t<\/div>\n\t\t\t\t<\/div>\n\t\t\t\t\t<\/div>\n\t\t<\/div>\n\t\t\t\t<div class=\"elementor-column elementor-col-33 elementor-inner-column elementor-element elementor-element-1ce8c09 elementor-invisible\" data-id=\"1ce8c09\" data-element_type=\"column\" data-settings=\"{&quot;background_background&quot;:&quot;classic&quot;,&quot;animation&quot;:&quot;fadeInUp&quot;}\">\n\t\t\t<div class=\"elementor-widget-wrap elementor-element-populated\">\n\t\t\t\t\t\t<div class=\"elementor-element elementor-element-ea995d6 elementor-widget elementor-widget-heading\" data-id=\"ea995d6\" data-element_type=\"widget\" data-widget_type=\"heading.default\">\n\t\t\t\t<div class=\"elementor-widget-container\">\n\t\t\t\t\t<h5 class=\"elementor-heading-title elementor-size-default\">\u0411\u043e\u043b\u044c\u0448\u0435 \u043e\u0431\u0449\u0435\u043d\u0438\u044f<\/h5>\t\t\t\t<\/div>\n\t\t\t\t<\/div>\n\t\t\t\t<div class=\"elementor-element elementor-element-888092f elementor-widget elementor-widget-text-editor\" data-id=\"888092f\" data-element_type=\"widget\" data-widget_type=\"text-editor.default\">\n\t\t\t\t<div class=\"elementor-widget-container\">\n\t\t\t\t\t\t\t\t\t<p>Evodeaf \u043e\u0431\u043b\u0435\u0433\u0447\u0430\u0435\u0442 \u043e\u0431\u0449\u0435\u043d\u0438\u0435 \u043c\u0435\u0436\u0434\u0443 \u0433\u043b\u0443\u0445\u0438\u043c\u0438 \u0438 \u0441\u043e\u0442\u0440\u0443\u0434\u043d\u0438\u043a\u0430\u043c\u0438 \u0421\u043b\u0443\u0436\u0431\u044b \u0431\u0435\u0437\u043e\u043f\u0430\u0441\u043d\u043e\u0441\u0442\u0438 \u0438 \u043d\u0430\u0431\u043b\u044e\u0434\u0435\u043d\u0438\u044f.<\/p><p>Questo pu\u00f2 aiutare a migliorare la cooperazione tra i dipendenti e il personale di sicurezza, contribuendo a creare un ambiente di lavoro pi\u00f9 sicuro.<\/p>\t\t\t\t\t\t\t\t<\/div>\n\t\t\t\t<\/div>\n\t\t\t\t\t<\/div>\n\t\t<\/div>\n\t\t\t\t\t<\/div>\n\t\t<\/section>\n\t\t\t\t\t<\/div>\n\t\t<\/div>\n\t\t\t\t\t<\/div>\n\t\t<\/section>\n\t\t\t\t<\/div>","protected":false},"excerpt":{"rendered":"<p>Sicurezza Evodeaf ti fa sentire pi\u00f9 al sicuro \u00c8 un progetto innovativo che offre un servizio di traduzione simultanea dalla lingua parlata alla lingua dei segni. Grazie a un aiuto virtuale in grado di interpretare gesti e parole, le persone con disabilit\u00e0 uditiva possono, cos\u00ec, comunicare facilmente, migliorando la qualit\u00e0 della vita e favorendo l&#8217;integrazione [&hellip;]<\/p>","protected":false},"author":1,"featured_media":0,"parent":0,"menu_order":0,"comment_status":"closed","ping_status":"closed","template":"","meta":{"_acf_changed":false,"footnotes":""},"class_list":["post-3566","page","type-page","status-publish","hentry"],"acf":[],"yoast_head":"<!-- This site is optimized with the Yoast SEO plugin v24.5 - https:\/\/yoast.com\/wordpress\/plugins\/seo\/ -->\n<title>Sicurezza - Evodeaf<\/title>\n<meta name=\"robots\" content=\"index, follow, max-snippet:-1, max-image-preview:large, max-video-preview:-1\" \/>\n<link rel=\"canonical\" href=\"https:\/\/evodeaf.com\/ru\/sicurezza\/\" \/>\n<meta property=\"og:locale\" content=\"ru_RU\" \/>\n<meta property=\"og:type\" content=\"article\" \/>\n<meta property=\"og:title\" content=\"Sicurezza - Evodeaf\" \/>\n<meta property=\"og:description\" content=\"Sicurezza Evodeaf ti fa sentire pi\u00f9 al sicuro \u00c8 un progetto innovativo che offre un servizio di traduzione simultanea dalla lingua parlata alla lingua dei segni. Grazie a un aiuto virtuale in grado di interpretare gesti e parole, le persone con disabilit\u00e0 uditiva possono, cos\u00ec, comunicare facilmente, migliorando la qualit\u00e0 della vita e favorendo l&#8217;integrazione [&hellip;]\" \/>\n<meta property=\"og:url\" content=\"https:\/\/evodeaf.com\/ru\/sicurezza\/\" \/>\n<meta property=\"og:site_name\" content=\"Evodeaf\" \/>\n<meta property=\"article:modified_time\" content=\"2023-08-07T06:59:50+00:00\" \/>\n<meta property=\"og:image\" content=\"https:\/\/evodeaf.com\/wp-content\/uploads\/2023\/06\/grafica_personalizzata_sicurezza_evodeaf_app_traduzione_lingua_segni-1-300x300.png\" \/>\n<meta name=\"twitter:card\" content=\"summary_large_image\" \/>\n<meta name=\"twitter:label1\" content=\"\u041f\u0440\u0438\u043c\u0435\u0440\u043d\u043e\u0435 \u0432\u0440\u0435\u043c\u044f \u0434\u043b\u044f \u0447\u0442\u0435\u043d\u0438\u044f\" \/>\n\t<meta name=\"twitter:data1\" content=\"2 \u043c\u0438\u043d\u0443\u0442\u044b\" \/>\n<script type=\"application\/ld+json\" class=\"yoast-schema-graph\">{\"@context\":\"https:\/\/schema.org\",\"@graph\":[{\"@type\":\"WebPage\",\"@id\":\"https:\/\/evodeaf.com\/sicurezza\/\",\"url\":\"https:\/\/evodeaf.com\/sicurezza\/\",\"name\":\"Sicurezza - Evodeaf\",\"isPartOf\":{\"@id\":\"https:\/\/evodeaf.com\/#website\"},\"primaryImageOfPage\":{\"@id\":\"https:\/\/evodeaf.com\/sicurezza\/#primaryimage\"},\"image\":{\"@id\":\"https:\/\/evodeaf.com\/sicurezza\/#primaryimage\"},\"thumbnailUrl\":\"https:\/\/evodeaf.com\/wp-content\/uploads\/2023\/06\/grafica_personalizzata_sicurezza_evodeaf_app_traduzione_lingua_segni-1-300x300.png\",\"datePublished\":\"2023-06-29T08:25:09+00:00\",\"dateModified\":\"2023-08-07T06:59:50+00:00\",\"breadcrumb\":{\"@id\":\"https:\/\/evodeaf.com\/sicurezza\/#breadcrumb\"},\"inLanguage\":\"ru-RU\",\"potentialAction\":[{\"@type\":\"ReadAction\",\"target\":[\"https:\/\/evodeaf.com\/sicurezza\/\"]}]},{\"@type\":\"ImageObject\",\"inLanguage\":\"ru-RU\",\"@id\":\"https:\/\/evodeaf.com\/sicurezza\/#primaryimage\",\"url\":\"https:\/\/evodeaf.com\/wp-content\/uploads\/2023\/06\/grafica_personalizzata_sicurezza_evodeaf_app_traduzione_lingua_segni-1-300x300.png\",\"contentUrl\":\"https:\/\/evodeaf.com\/wp-content\/uploads\/2023\/06\/grafica_personalizzata_sicurezza_evodeaf_app_traduzione_lingua_segni-1-300x300.png\"},{\"@type\":\"BreadcrumbList\",\"@id\":\"https:\/\/evodeaf.com\/sicurezza\/#breadcrumb\",\"itemListElement\":[{\"@type\":\"ListItem\",\"position\":1,\"name\":\"Home\",\"item\":\"https:\/\/evodeaf.com\/\"},{\"@type\":\"ListItem\",\"position\":2,\"name\":\"Sicurezza\"}]},{\"@type\":\"WebSite\",\"@id\":\"https:\/\/evodeaf.com\/#website\",\"url\":\"https:\/\/evodeaf.com\/\",\"name\":\"Evodeaf\",\"description\":\"\",\"publisher\":{\"@id\":\"https:\/\/evodeaf.com\/#organization\"},\"potentialAction\":[{\"@type\":\"SearchAction\",\"target\":{\"@type\":\"EntryPoint\",\"urlTemplate\":\"https:\/\/evodeaf.com\/?s={search_term_string}\"},\"query-input\":{\"@type\":\"PropertyValueSpecification\",\"valueRequired\":true,\"valueName\":\"search_term_string\"}}],\"inLanguage\":\"ru-RU\"},{\"@type\":\"Organization\",\"@id\":\"https:\/\/evodeaf.com\/#organization\",\"name\":\"Evodeaf\",\"url\":\"https:\/\/evodeaf.com\/\",\"logo\":{\"@type\":\"ImageObject\",\"inLanguage\":\"ru-RU\",\"@id\":\"https:\/\/evodeaf.com\/#\/schema\/logo\/image\/\",\"url\":\"https:\/\/evodeaf.com\/wp-content\/uploads\/2023\/06\/logo_evodeaf_2_app_traduzione_lingua_segni.png\",\"contentUrl\":\"https:\/\/evodeaf.com\/wp-content\/uploads\/2023\/06\/logo_evodeaf_2_app_traduzione_lingua_segni.png\",\"width\":100,\"height\":132,\"caption\":\"Evodeaf\"},\"image\":{\"@id\":\"https:\/\/evodeaf.com\/#\/schema\/logo\/image\/\"}}]}<\/script>\n<!-- \/ Yoast SEO plugin. -->","yoast_head_json":{"title":"Sicurezza - Evodeaf","robots":{"index":"index","follow":"follow","max-snippet":"max-snippet:-1","max-image-preview":"max-image-preview:large","max-video-preview":"max-video-preview:-1"},"canonical":"https:\/\/evodeaf.com\/ru\/sicurezza\/","og_locale":"ru_RU","og_type":"article","og_title":"Sicurezza - Evodeaf","og_description":"Sicurezza Evodeaf ti fa sentire pi\u00f9 al sicuro \u00c8 un progetto innovativo che offre un servizio di traduzione simultanea dalla lingua parlata alla lingua dei segni. Grazie a un aiuto virtuale in grado di interpretare gesti e parole, le persone con disabilit\u00e0 uditiva possono, cos\u00ec, comunicare facilmente, migliorando la qualit\u00e0 della vita e favorendo l&#8217;integrazione [&hellip;]","og_url":"https:\/\/evodeaf.com\/ru\/sicurezza\/","og_site_name":"Evodeaf","article_modified_time":"2023-08-07T06:59:50+00:00","og_image":[{"url":"https:\/\/evodeaf.com\/wp-content\/uploads\/2023\/06\/grafica_personalizzata_sicurezza_evodeaf_app_traduzione_lingua_segni-1-300x300.png","type":"","width":"","height":""}],"twitter_card":"summary_large_image","twitter_misc":{"\u041f\u0440\u0438\u043c\u0435\u0440\u043d\u043e\u0435 \u0432\u0440\u0435\u043c\u044f \u0434\u043b\u044f \u0447\u0442\u0435\u043d\u0438\u044f":"2 \u043c\u0438\u043d\u0443\u0442\u044b"},"schema":{"@context":"https:\/\/schema.org","@graph":[{"@type":"WebPage","@id":"https:\/\/evodeaf.com\/sicurezza\/","url":"https:\/\/evodeaf.com\/sicurezza\/","name":"Sicurezza - Evodeaf","isPartOf":{"@id":"https:\/\/evodeaf.com\/#website"},"primaryImageOfPage":{"@id":"https:\/\/evodeaf.com\/sicurezza\/#primaryimage"},"image":{"@id":"https:\/\/evodeaf.com\/sicurezza\/#primaryimage"},"thumbnailUrl":"https:\/\/evodeaf.com\/wp-content\/uploads\/2023\/06\/grafica_personalizzata_sicurezza_evodeaf_app_traduzione_lingua_segni-1-300x300.png","datePublished":"2023-06-29T08:25:09+00:00","dateModified":"2023-08-07T06:59:50+00:00","breadcrumb":{"@id":"https:\/\/evodeaf.com\/sicurezza\/#breadcrumb"},"inLanguage":"ru-RU","potentialAction":[{"@type":"ReadAction","target":["https:\/\/evodeaf.com\/sicurezza\/"]}]},{"@type":"ImageObject","inLanguage":"ru-RU","@id":"https:\/\/evodeaf.com\/sicurezza\/#primaryimage","url":"https:\/\/evodeaf.com\/wp-content\/uploads\/2023\/06\/grafica_personalizzata_sicurezza_evodeaf_app_traduzione_lingua_segni-1-300x300.png","contentUrl":"https:\/\/evodeaf.com\/wp-content\/uploads\/2023\/06\/grafica_personalizzata_sicurezza_evodeaf_app_traduzione_lingua_segni-1-300x300.png"},{"@type":"BreadcrumbList","@id":"https:\/\/evodeaf.com\/sicurezza\/#breadcrumb","itemListElement":[{"@type":"ListItem","position":1,"name":"Home","item":"https:\/\/evodeaf.com\/"},{"@type":"ListItem","position":2,"name":"Sicurezza"}]},{"@type":"WebSite","@id":"https:\/\/evodeaf.com\/#website","url":"https:\/\/evodeaf.com\/","name":"Evodeaf","description":"","publisher":{"@id":"https:\/\/evodeaf.com\/#organization"},"potentialAction":[{"@type":"SearchAction","target":{"@type":"EntryPoint","urlTemplate":"https:\/\/evodeaf.com\/?s={search_term_string}"},"query-input":{"@type":"PropertyValueSpecification","valueRequired":true,"valueName":"search_term_string"}}],"inLanguage":"ru-RU"},{"@type":"Organization","@id":"https:\/\/evodeaf.com\/#organization","name":"Evodeaf","url":"https:\/\/evodeaf.com\/","logo":{"@type":"ImageObject","inLanguage":"ru-RU","@id":"https:\/\/evodeaf.com\/#\/schema\/logo\/image\/","url":"https:\/\/evodeaf.com\/wp-content\/uploads\/2023\/06\/logo_evodeaf_2_app_traduzione_lingua_segni.png","contentUrl":"https:\/\/evodeaf.com\/wp-content\/uploads\/2023\/06\/logo_evodeaf_2_app_traduzione_lingua_segni.png","width":100,"height":132,"caption":"Evodeaf"},"image":{"@id":"https:\/\/evodeaf.com\/#\/schema\/logo\/image\/"}}]}},"_links":{"self":[{"href":"https:\/\/evodeaf.com\/ru\/wp-json\/wp\/v2\/pages\/3566","targetHints":{"allow":["GET"]}}],"collection":[{"href":"https:\/\/evodeaf.com\/ru\/wp-json\/wp\/v2\/pages"}],"about":[{"href":"https:\/\/evodeaf.com\/ru\/wp-json\/wp\/v2\/types\/page"}],"author":[{"embeddable":true,"href":"https:\/\/evodeaf.com\/ru\/wp-json\/wp\/v2\/users\/1"}],"replies":[{"embeddable":true,"href":"https:\/\/evodeaf.com\/ru\/wp-json\/wp\/v2\/comments?post=3566"}],"version-history":[{"count":57,"href":"https:\/\/evodeaf.com\/ru\/wp-json\/wp\/v2\/pages\/3566\/revisions"}],"predecessor-version":[{"id":8470,"href":"https:\/\/evodeaf.com\/ru\/wp-json\/wp\/v2\/pages\/3566\/revisions\/8470"}],"wp:attachment":[{"href":"https:\/\/evodeaf.com\/ru\/wp-json\/wp\/v2\/media?parent=3566"}],"curies":[{"name":"wp","href":"https:\/\/api.w.org\/{rel}","templated":true}]}}