{"id":3538,"date":"2023-06-29T09:21:30","date_gmt":"2023-06-29T07:21:30","guid":{"rendered":"https:\/\/site.evodeaf.com\/?page_id=3538"},"modified":"2023-08-03T14:17:15","modified_gmt":"2023-08-03T12:17:15","slug":"gestione-del-personale","status":"publish","type":"page","link":"https:\/\/evodeaf.com\/ru\/gestione-del-personale\/","title":{"rendered":"\u0423\u043f\u0440\u0430\u0432\u043b\u0435\u043d\u0438\u0435 \u043f\u0435\u0440\u0441\u043e\u043d\u0430\u043b\u043e\u043c"},"content":{"rendered":"<div data-elementor-type=\"wp-page\" data-elementor-id=\"3538\" class=\"elementor elementor-3538\" data-elementor-post-type=\"page\">\n\t\t\t\t\t\t<section class=\"elementor-section elementor-top-section elementor-element elementor-element-db862a9 elementor-section-height-min-height elementor-section-content-middle elementor-section-boxed elementor-section-height-default elementor-section-items-middle\" data-id=\"db862a9\" data-element_type=\"section\" data-settings=\"{&quot;background_background&quot;:&quot;classic&quot;}\">\n\t\t\t\t\t\t<div class=\"elementor-container elementor-column-gap-default\">\n\t\t\t\t\t<div class=\"elementor-column elementor-col-100 elementor-top-column elementor-element elementor-element-4dcc6c4\" data-id=\"4dcc6c4\" data-element_type=\"column\">\n\t\t\t<div class=\"elementor-widget-wrap elementor-element-populated\">\n\t\t\t\t\t\t<div class=\"elementor-element elementor-element-e9ef7d4 elementor-widget__width-initial elementor-widget elementor-widget-heading\" data-id=\"e9ef7d4\" data-element_type=\"widget\" data-widget_type=\"heading.default\">\n\t\t\t\t<div class=\"elementor-widget-container\">\n\t\t\t\t\t<h1 class=\"elementor-heading-title elementor-size-default\">\u0423\u043f\u0440\u0430\u0432\u043b\u0435\u043d\u0438\u0435 \u043f\u0435\u0440\u0441\u043e\u043d\u0430\u043b\u043e\u043c<\/h1>\t\t\t\t<\/div>\n\t\t\t\t<\/div>\n\t\t\t\t\t<\/div>\n\t\t<\/div>\n\t\t\t\t\t<\/div>\n\t\t<\/section>\n\t\t\t\t<section class=\"elementor-section elementor-top-section elementor-element elementor-element-2bb4140 elementor-section-height-min-height elementor-section-boxed elementor-section-height-default elementor-section-items-middle\" data-id=\"2bb4140\" data-element_type=\"section\">\n\t\t\t\t\t\t<div class=\"elementor-container elementor-column-gap-default\">\n\t\t\t\t\t<div class=\"elementor-column elementor-col-100 elementor-top-column elementor-element elementor-element-0d8e32f\" data-id=\"0d8e32f\" data-element_type=\"column\">\n\t\t\t<div class=\"elementor-widget-wrap elementor-element-populated\">\n\t\t\t\t\t\t<div class=\"elementor-element elementor-element-8daeaf6 elementor-widget elementor-widget-image\" data-id=\"8daeaf6\" data-element_type=\"widget\" data-widget_type=\"image.default\">\n\t\t\t\t<div class=\"elementor-widget-container\">\n\t\t\t\t\t\t\t\t\t\t\t\t\t\t\t<img fetchpriority=\"high\" decoding=\"async\" width=\"300\" height=\"199\" src=\"https:\/\/evodeaf.com\/wp-content\/uploads\/2023\/06\/grafica_personalizzata_gestione_del_personale_evodeaf_app_traduzione_lingua_segni-300x199.png\" class=\"attachment-medium size-medium wp-image-499\" alt=\"grafica_personalizzata_gestione_del_personale_evodeaf_app_traduzione_lingua_segni\" srcset=\"https:\/\/evodeaf.com\/wp-content\/uploads\/2023\/06\/grafica_personalizzata_gestione_del_personale_evodeaf_app_traduzione_lingua_segni-300x199.png 300w, https:\/\/evodeaf.com\/wp-content\/uploads\/2023\/06\/grafica_personalizzata_gestione_del_personale_evodeaf_app_traduzione_lingua_segni-600x397.png 600w, https:\/\/evodeaf.com\/wp-content\/uploads\/2023\/06\/grafica_personalizzata_gestione_del_personale_evodeaf_app_traduzione_lingua_segni.png 755w\" sizes=\"(max-width: 300px) 100vw, 300px\" \/>\t\t\t\t\t\t\t\t\t\t\t\t\t\t\t<\/div>\n\t\t\t\t<\/div>\n\t\t\t\t<div class=\"elementor-element elementor-element-2f29561 elementor-widget__width-initial elementor-widget elementor-widget-heading\" data-id=\"2f29561\" data-element_type=\"widget\" data-widget_type=\"heading.default\">\n\t\t\t\t<div class=\"elementor-widget-container\">\n\t\t\t\t\t<h2 class=\"elementor-heading-title elementor-size-default\">Evodeaf \u0441\u043e\u043f\u0440\u043e\u0432\u043e\u0436\u0434\u0430\u0435\u0442 \u0432\u0430\u0441 \u0432 \u0432\u0430\u0448\u0435\u0439 \u0440\u0430\u0431\u043e\u0442\u0435<\/h2>\t\t\t\t<\/div>\n\t\t\t\t<\/div>\n\t\t\t\t<div class=\"elementor-element elementor-element-55559ee elementor-widget__width-initial elementor-widget elementor-widget-text-editor\" data-id=\"55559ee\" data-element_type=\"widget\" data-widget_type=\"text-editor.default\">\n\t\t\t\t<div class=\"elementor-widget-container\">\n\t\t\t\t\t\t\t\t\t<p>\u00c8 un progetto innovativo che offre un servizio di traduzione simultanea dalla lingua parlata alla lingua dei segni. Grazie a un aiuto virtuale in grado di interpretare gesti e parole, le persone con disabilit\u00e0 uditiva possono, cos\u00ec, comunicare facilmente, migliorando la qualit\u00e0 della vita e favorendo l&#8217;integrazione sociale.<\/p>\t\t\t\t\t\t\t\t<\/div>\n\t\t\t\t<\/div>\n\t\t\t\t\t<\/div>\n\t\t<\/div>\n\t\t\t\t\t<\/div>\n\t\t<\/section>\n\t\t\t\t<section class=\"elementor-section elementor-top-section elementor-element elementor-element-d37d10e elementor-section-full_width elementor-section-height-default elementor-section-height-default\" data-id=\"d37d10e\" data-element_type=\"section\">\n\t\t\t\t\t\t<div class=\"elementor-container elementor-column-gap-default\">\n\t\t\t\t\t<div class=\"elementor-column elementor-col-100 elementor-top-column elementor-element elementor-element-c87e73d\" data-id=\"c87e73d\" data-element_type=\"column\">\n\t\t\t<div class=\"elementor-widget-wrap elementor-element-populated\">\n\t\t\t\t\t\t<section class=\"elementor-section elementor-inner-section elementor-element elementor-element-4b332ca elementor-section-height-min-height elementor-section-full_width elementor-section-height-default\" data-id=\"4b332ca\" data-element_type=\"section\">\n\t\t\t\t\t\t<div class=\"elementor-container elementor-column-gap-default\">\n\t\t\t\t\t<div class=\"elementor-column elementor-col-33 elementor-inner-column elementor-element elementor-element-aa57005 elementor-invisible\" data-id=\"aa57005\" data-element_type=\"column\" data-settings=\"{&quot;background_background&quot;:&quot;classic&quot;,&quot;animation&quot;:&quot;fadeInUp&quot;}\">\n\t\t\t<div class=\"elementor-widget-wrap elementor-element-populated\">\n\t\t\t\t\t\t<div class=\"elementor-element elementor-element-d4ec7a6 elementor-widget elementor-widget-heading\" data-id=\"d4ec7a6\" data-element_type=\"widget\" data-widget_type=\"heading.default\">\n\t\t\t\t<div class=\"elementor-widget-container\">\n\t\t\t\t\t<h5 class=\"elementor-heading-title elementor-size-default\">Inclusione e diversit\u00e0<\/h5>\t\t\t\t<\/div>\n\t\t\t\t<\/div>\n\t\t\t\t<div class=\"elementor-element elementor-element-0b6926e elementor-widget elementor-widget-text-editor\" data-id=\"0b6926e\" data-element_type=\"widget\" data-widget_type=\"text-editor.default\">\n\t\t\t\t<div class=\"elementor-widget-container\">\n\t\t\t\t\t\t\t\t\t<p>Evodeaf favorisce l&#8217;inclusione delle persone sorde nel luogo di lavoro, promuovendo l&#8217;integrazione sociale e creando un ambiente dove ogni membro del team possa partecipare attivamente e sentirsi valorizzato.<\/p>\n<p><span style=\"color: var( --e-global-color-primary ); font-family: var( --e-global-typography-text-font-family ), Sans-serif; font-size: var( --e-global-typography-text-font-size ); font-weight: var( --e-global-typography-text-font-weight ); letter-spacing: var( --e-global-typography-text-letter-spacing );\">Grazie a questa tecnologia, il personale sordo pu\u00f2 comunicare facilmente con colleghi e supervisori rompendo le barriere linguistiche e facilitando una comunicazione pi\u00f9 efficace.<\/span><\/p>\n<p>L&#8217;inclusione e la diversit\u00e0 nel personale favoriscono una cultura aziendale positiva e possono portare a migliori risultati e soddisfazione professionale.<\/p>\t\t\t\t\t\t\t\t<\/div>\n\t\t\t\t<\/div>\n\t\t\t\t\t<\/div>\n\t\t<\/div>\n\t\t\t\t<div class=\"elementor-column elementor-col-33 elementor-inner-column elementor-element elementor-element-d25b821 elementor-invisible\" data-id=\"d25b821\" data-element_type=\"column\" data-settings=\"{&quot;background_background&quot;:&quot;classic&quot;,&quot;animation&quot;:&quot;fadeInUp&quot;}\">\n\t\t\t<div class=\"elementor-widget-wrap elementor-element-populated\">\n\t\t\t\t\t\t<div class=\"elementor-element elementor-element-1bb87d8 elementor-widget elementor-widget-heading\" data-id=\"1bb87d8\" data-element_type=\"widget\" data-widget_type=\"heading.default\">\n\t\t\t\t<div class=\"elementor-widget-container\">\n\t\t\t\t\t<h5 class=\"elementor-heading-title elementor-size-default\">\u041b\u0443\u0447\u0448\u0435\u0435 \u0432\u043d\u0443\u0442\u0440\u0435\u043d\u043d\u0435\u0435 \u043e\u0431\u0449\u0435\u043d\u0438\u0435<\/h5>\t\t\t\t<\/div>\n\t\t\t\t<\/div>\n\t\t\t\t<div class=\"elementor-element elementor-element-d5d94a3 elementor-widget elementor-widget-text-editor\" data-id=\"d5d94a3\" data-element_type=\"widget\" data-widget_type=\"text-editor.default\">\n\t\t\t\t<div class=\"elementor-widget-container\">\n\t\t\t\t\t\t\t\t\t<p class=\"p1\">L&#8217;app di Evodeaf facilita una migliore comunicazione interna nell&#8217;organizzazione,\u00a0favorendo una comunicazione chiara ed evitando fraintendimenti tra colleghi.<\/p><p class=\"p1\">Il personale sordo pu\u00f2 utilizzare l&#8217;app per comunicare con dipendenti, manager e altri membri del team che non conoscono la lingua dei segni.<\/p><p class=\"p1\">Una migliore comunicazione interna pu\u00f2 migliorare il flusso di informazioni, aumentare l&#8217;efficienza operativa e contribuire a un clima lavorativo pi\u00f9 armonioso.<\/p>\t\t\t\t\t\t\t\t<\/div>\n\t\t\t\t<\/div>\n\t\t\t\t\t<\/div>\n\t\t<\/div>\n\t\t\t\t<div class=\"elementor-column elementor-col-33 elementor-inner-column elementor-element elementor-element-62e1b35 elementor-invisible\" data-id=\"62e1b35\" data-element_type=\"column\" data-settings=\"{&quot;background_background&quot;:&quot;classic&quot;,&quot;animation&quot;:&quot;fadeInUp&quot;}\">\n\t\t\t<div class=\"elementor-widget-wrap elementor-element-populated\">\n\t\t\t\t\t\t<div class=\"elementor-element elementor-element-1be9df5 elementor-widget elementor-widget-heading\" data-id=\"1be9df5\" data-element_type=\"widget\" data-widget_type=\"heading.default\">\n\t\t\t\t<div class=\"elementor-widget-container\">\n\t\t\t\t\t<h5 class=\"elementor-heading-title elementor-size-default\">\u041e\u0431\u0443\u0447\u0435\u043d\u0438\u0435 \u0438 \u043f\u0440\u043e\u0444\u0435\u0441\u0441\u0438\u043e\u043d\u0430\u043b\u044c\u043d\u043e\u0435 \u0440\u0430\u0437\u0432\u0438\u0442\u0438\u0435<\/h5>\t\t\t\t<\/div>\n\t\t\t\t<\/div>\n\t\t\t\t<div class=\"elementor-element elementor-element-ad4bd5a elementor-widget elementor-widget-text-editor\" data-id=\"ad4bd5a\" data-element_type=\"widget\" data-widget_type=\"text-editor.default\">\n\t\t\t\t<div class=\"elementor-widget-container\">\n\t\t\t\t\t\t\t\t\t<p>Evodeaf pu\u00f2 essere utilizzata anche per supportare la formazione e lo sviluppo professionale del personale sordo.<\/p><p>Durante sessioni di formazione, workshop o presentazioni, l&#8217;app pu\u00f2 tradurre informazioni presentate in lingua dei segni, consentendo a chi affetto da sordit\u00e0 di partecipare appieno all&#8217;esperienza di apprendimento.<\/p><p>Ci\u00f2 favorisce l&#8217;accesso alle opportunit\u00e0 di formazione e sviluppo professionale, consentendo al personale sordo di acquisire nuove competenze, migliorare le proprie capacit\u00e0 e avanzare professionalmente.\u00a0<\/p>\t\t\t\t\t\t\t\t<\/div>\n\t\t\t\t<\/div>\n\t\t\t\t\t<\/div>\n\t\t<\/div>\n\t\t\t\t\t<\/div>\n\t\t<\/section>\n\t\t\t\t\t<\/div>\n\t\t<\/div>\n\t\t\t\t\t<\/div>\n\t\t<\/section>\n\t\t\t\t<\/div>","protected":false},"excerpt":{"rendered":"<p>Gestione del personale Evodeaf ti accompagna nel tuo lavoro \u00c8 un progetto innovativo che offre un servizio di traduzione simultanea dalla lingua parlata alla lingua dei segni. Grazie a un aiuto virtuale in grado di interpretare gesti e parole, le persone con disabilit\u00e0 uditiva possono, cos\u00ec, comunicare facilmente, migliorando la qualit\u00e0 della vita e favorendo [&hellip;]<\/p>","protected":false},"author":1,"featured_media":0,"parent":0,"menu_order":0,"comment_status":"closed","ping_status":"closed","template":"","meta":{"_acf_changed":false,"footnotes":""},"class_list":["post-3538","page","type-page","status-publish","hentry"],"acf":[],"yoast_head":"<!-- This site is optimized with the Yoast SEO plugin v24.5 - https:\/\/yoast.com\/wordpress\/plugins\/seo\/ -->\n<title>Gestione del personale - Evodeaf<\/title>\n<meta name=\"robots\" content=\"index, follow, max-snippet:-1, max-image-preview:large, max-video-preview:-1\" \/>\n<link rel=\"canonical\" href=\"https:\/\/evodeaf.com\/ru\/gestione-del-personale\/\" \/>\n<meta property=\"og:locale\" content=\"ru_RU\" \/>\n<meta property=\"og:type\" content=\"article\" \/>\n<meta property=\"og:title\" content=\"Gestione del personale - Evodeaf\" \/>\n<meta property=\"og:description\" content=\"Gestione del personale Evodeaf ti accompagna nel tuo lavoro \u00c8 un progetto innovativo che offre un servizio di traduzione simultanea dalla lingua parlata alla lingua dei segni. Grazie a un aiuto virtuale in grado di interpretare gesti e parole, le persone con disabilit\u00e0 uditiva possono, cos\u00ec, comunicare facilmente, migliorando la qualit\u00e0 della vita e favorendo [&hellip;]\" \/>\n<meta property=\"og:url\" content=\"https:\/\/evodeaf.com\/ru\/gestione-del-personale\/\" \/>\n<meta property=\"og:site_name\" content=\"Evodeaf\" \/>\n<meta property=\"article:modified_time\" content=\"2023-08-03T12:17:15+00:00\" \/>\n<meta property=\"og:image\" content=\"https:\/\/evodeaf.com\/wp-content\/uploads\/2023\/06\/grafica_personalizzata_gestione_del_personale_evodeaf_app_traduzione_lingua_segni-300x199.png\" \/>\n<meta name=\"twitter:card\" content=\"summary_large_image\" \/>\n<meta name=\"twitter:label1\" content=\"\u041f\u0440\u0438\u043c\u0435\u0440\u043d\u043e\u0435 \u0432\u0440\u0435\u043c\u044f \u0434\u043b\u044f \u0447\u0442\u0435\u043d\u0438\u044f\" \/>\n\t<meta name=\"twitter:data1\" content=\"2 \u043c\u0438\u043d\u0443\u0442\u044b\" \/>\n<script type=\"application\/ld+json\" class=\"yoast-schema-graph\">{\"@context\":\"https:\/\/schema.org\",\"@graph\":[{\"@type\":\"WebPage\",\"@id\":\"https:\/\/evodeaf.com\/gestione-del-personale\/\",\"url\":\"https:\/\/evodeaf.com\/gestione-del-personale\/\",\"name\":\"Gestione del personale - Evodeaf\",\"isPartOf\":{\"@id\":\"https:\/\/evodeaf.com\/#website\"},\"primaryImageOfPage\":{\"@id\":\"https:\/\/evodeaf.com\/gestione-del-personale\/#primaryimage\"},\"image\":{\"@id\":\"https:\/\/evodeaf.com\/gestione-del-personale\/#primaryimage\"},\"thumbnailUrl\":\"https:\/\/evodeaf.com\/wp-content\/uploads\/2023\/06\/grafica_personalizzata_gestione_del_personale_evodeaf_app_traduzione_lingua_segni-300x199.png\",\"datePublished\":\"2023-06-29T07:21:30+00:00\",\"dateModified\":\"2023-08-03T12:17:15+00:00\",\"breadcrumb\":{\"@id\":\"https:\/\/evodeaf.com\/gestione-del-personale\/#breadcrumb\"},\"inLanguage\":\"ru-RU\",\"potentialAction\":[{\"@type\":\"ReadAction\",\"target\":[\"https:\/\/evodeaf.com\/gestione-del-personale\/\"]}]},{\"@type\":\"ImageObject\",\"inLanguage\":\"ru-RU\",\"@id\":\"https:\/\/evodeaf.com\/gestione-del-personale\/#primaryimage\",\"url\":\"https:\/\/evodeaf.com\/wp-content\/uploads\/2023\/06\/grafica_personalizzata_gestione_del_personale_evodeaf_app_traduzione_lingua_segni-300x199.png\",\"contentUrl\":\"https:\/\/evodeaf.com\/wp-content\/uploads\/2023\/06\/grafica_personalizzata_gestione_del_personale_evodeaf_app_traduzione_lingua_segni-300x199.png\"},{\"@type\":\"BreadcrumbList\",\"@id\":\"https:\/\/evodeaf.com\/gestione-del-personale\/#breadcrumb\",\"itemListElement\":[{\"@type\":\"ListItem\",\"position\":1,\"name\":\"Home\",\"item\":\"https:\/\/evodeaf.com\/\"},{\"@type\":\"ListItem\",\"position\":2,\"name\":\"Gestione del personale\"}]},{\"@type\":\"WebSite\",\"@id\":\"https:\/\/evodeaf.com\/#website\",\"url\":\"https:\/\/evodeaf.com\/\",\"name\":\"Evodeaf\",\"description\":\"\",\"publisher\":{\"@id\":\"https:\/\/evodeaf.com\/#organization\"},\"potentialAction\":[{\"@type\":\"SearchAction\",\"target\":{\"@type\":\"EntryPoint\",\"urlTemplate\":\"https:\/\/evodeaf.com\/?s={search_term_string}\"},\"query-input\":{\"@type\":\"PropertyValueSpecification\",\"valueRequired\":true,\"valueName\":\"search_term_string\"}}],\"inLanguage\":\"ru-RU\"},{\"@type\":\"Organization\",\"@id\":\"https:\/\/evodeaf.com\/#organization\",\"name\":\"Evodeaf\",\"url\":\"https:\/\/evodeaf.com\/\",\"logo\":{\"@type\":\"ImageObject\",\"inLanguage\":\"ru-RU\",\"@id\":\"https:\/\/evodeaf.com\/#\/schema\/logo\/image\/\",\"url\":\"https:\/\/evodeaf.com\/wp-content\/uploads\/2023\/06\/logo_evodeaf_2_app_traduzione_lingua_segni.png\",\"contentUrl\":\"https:\/\/evodeaf.com\/wp-content\/uploads\/2023\/06\/logo_evodeaf_2_app_traduzione_lingua_segni.png\",\"width\":100,\"height\":132,\"caption\":\"Evodeaf\"},\"image\":{\"@id\":\"https:\/\/evodeaf.com\/#\/schema\/logo\/image\/\"}}]}<\/script>\n<!-- \/ Yoast SEO plugin. -->","yoast_head_json":{"title":"Gestione del personale - Evodeaf","robots":{"index":"index","follow":"follow","max-snippet":"max-snippet:-1","max-image-preview":"max-image-preview:large","max-video-preview":"max-video-preview:-1"},"canonical":"https:\/\/evodeaf.com\/ru\/gestione-del-personale\/","og_locale":"ru_RU","og_type":"article","og_title":"Gestione del personale - Evodeaf","og_description":"Gestione del personale Evodeaf ti accompagna nel tuo lavoro \u00c8 un progetto innovativo che offre un servizio di traduzione simultanea dalla lingua parlata alla lingua dei segni. Grazie a un aiuto virtuale in grado di interpretare gesti e parole, le persone con disabilit\u00e0 uditiva possono, cos\u00ec, comunicare facilmente, migliorando la qualit\u00e0 della vita e favorendo [&hellip;]","og_url":"https:\/\/evodeaf.com\/ru\/gestione-del-personale\/","og_site_name":"Evodeaf","article_modified_time":"2023-08-03T12:17:15+00:00","og_image":[{"url":"https:\/\/evodeaf.com\/wp-content\/uploads\/2023\/06\/grafica_personalizzata_gestione_del_personale_evodeaf_app_traduzione_lingua_segni-300x199.png","type":"","width":"","height":""}],"twitter_card":"summary_large_image","twitter_misc":{"\u041f\u0440\u0438\u043c\u0435\u0440\u043d\u043e\u0435 \u0432\u0440\u0435\u043c\u044f \u0434\u043b\u044f \u0447\u0442\u0435\u043d\u0438\u044f":"2 \u043c\u0438\u043d\u0443\u0442\u044b"},"schema":{"@context":"https:\/\/schema.org","@graph":[{"@type":"WebPage","@id":"https:\/\/evodeaf.com\/gestione-del-personale\/","url":"https:\/\/evodeaf.com\/gestione-del-personale\/","name":"Gestione del personale - Evodeaf","isPartOf":{"@id":"https:\/\/evodeaf.com\/#website"},"primaryImageOfPage":{"@id":"https:\/\/evodeaf.com\/gestione-del-personale\/#primaryimage"},"image":{"@id":"https:\/\/evodeaf.com\/gestione-del-personale\/#primaryimage"},"thumbnailUrl":"https:\/\/evodeaf.com\/wp-content\/uploads\/2023\/06\/grafica_personalizzata_gestione_del_personale_evodeaf_app_traduzione_lingua_segni-300x199.png","datePublished":"2023-06-29T07:21:30+00:00","dateModified":"2023-08-03T12:17:15+00:00","breadcrumb":{"@id":"https:\/\/evodeaf.com\/gestione-del-personale\/#breadcrumb"},"inLanguage":"ru-RU","potentialAction":[{"@type":"ReadAction","target":["https:\/\/evodeaf.com\/gestione-del-personale\/"]}]},{"@type":"ImageObject","inLanguage":"ru-RU","@id":"https:\/\/evodeaf.com\/gestione-del-personale\/#primaryimage","url":"https:\/\/evodeaf.com\/wp-content\/uploads\/2023\/06\/grafica_personalizzata_gestione_del_personale_evodeaf_app_traduzione_lingua_segni-300x199.png","contentUrl":"https:\/\/evodeaf.com\/wp-content\/uploads\/2023\/06\/grafica_personalizzata_gestione_del_personale_evodeaf_app_traduzione_lingua_segni-300x199.png"},{"@type":"BreadcrumbList","@id":"https:\/\/evodeaf.com\/gestione-del-personale\/#breadcrumb","itemListElement":[{"@type":"ListItem","position":1,"name":"Home","item":"https:\/\/evodeaf.com\/"},{"@type":"ListItem","position":2,"name":"Gestione del personale"}]},{"@type":"WebSite","@id":"https:\/\/evodeaf.com\/#website","url":"https:\/\/evodeaf.com\/","name":"Evodeaf","description":"","publisher":{"@id":"https:\/\/evodeaf.com\/#organization"},"potentialAction":[{"@type":"SearchAction","target":{"@type":"EntryPoint","urlTemplate":"https:\/\/evodeaf.com\/?s={search_term_string}"},"query-input":{"@type":"PropertyValueSpecification","valueRequired":true,"valueName":"search_term_string"}}],"inLanguage":"ru-RU"},{"@type":"Organization","@id":"https:\/\/evodeaf.com\/#organization","name":"Evodeaf","url":"https:\/\/evodeaf.com\/","logo":{"@type":"ImageObject","inLanguage":"ru-RU","@id":"https:\/\/evodeaf.com\/#\/schema\/logo\/image\/","url":"https:\/\/evodeaf.com\/wp-content\/uploads\/2023\/06\/logo_evodeaf_2_app_traduzione_lingua_segni.png","contentUrl":"https:\/\/evodeaf.com\/wp-content\/uploads\/2023\/06\/logo_evodeaf_2_app_traduzione_lingua_segni.png","width":100,"height":132,"caption":"Evodeaf"},"image":{"@id":"https:\/\/evodeaf.com\/#\/schema\/logo\/image\/"}}]}},"_links":{"self":[{"href":"https:\/\/evodeaf.com\/ru\/wp-json\/wp\/v2\/pages\/3538","targetHints":{"allow":["GET"]}}],"collection":[{"href":"https:\/\/evodeaf.com\/ru\/wp-json\/wp\/v2\/pages"}],"about":[{"href":"https:\/\/evodeaf.com\/ru\/wp-json\/wp\/v2\/types\/page"}],"author":[{"embeddable":true,"href":"https:\/\/evodeaf.com\/ru\/wp-json\/wp\/v2\/users\/1"}],"replies":[{"embeddable":true,"href":"https:\/\/evodeaf.com\/ru\/wp-json\/wp\/v2\/comments?post=3538"}],"version-history":[{"count":50,"href":"https:\/\/evodeaf.com\/ru\/wp-json\/wp\/v2\/pages\/3538\/revisions"}],"predecessor-version":[{"id":8423,"href":"https:\/\/evodeaf.com\/ru\/wp-json\/wp\/v2\/pages\/3538\/revisions\/8423"}],"wp:attachment":[{"href":"https:\/\/evodeaf.com\/ru\/wp-json\/wp\/v2\/media?parent=3538"}],"curies":[{"name":"wp","href":"https:\/\/api.w.org\/{rel}","templated":true}]}}