{"id":4357,"date":"2023-07-03T11:23:38","date_gmt":"2023-07-03T09:23:38","guid":{"rendered":"https:\/\/site.evodeaf.com\/?page_id=4357"},"modified":"2023-08-02T15:07:53","modified_gmt":"2023-08-02T13:07:53","slug":"evodeaf-scan","status":"publish","type":"page","link":"https:\/\/evodeaf.com\/fr\/evodeaf-scan\/","title":{"rendered":"Evodeaf scan"},"content":{"rendered":"<div data-elementor-type=\"wp-page\" data-elementor-id=\"4357\" class=\"elementor elementor-4357\" data-elementor-post-type=\"page\">\n\t\t\t\t\t\t<section class=\"elementor-section elementor-top-section elementor-element elementor-element-f85688f elementor-section-height-min-height elementor-section-boxed elementor-section-height-default elementor-section-items-middle\" data-id=\"f85688f\" data-element_type=\"section\" data-settings=\"{&quot;background_background&quot;:&quot;classic&quot;}\">\n\t\t\t\t\t\t<div class=\"elementor-container elementor-column-gap-default\">\n\t\t\t\t\t<div class=\"elementor-column elementor-col-100 elementor-top-column elementor-element elementor-element-86586b1\" data-id=\"86586b1\" data-element_type=\"column\">\n\t\t\t<div class=\"elementor-widget-wrap elementor-element-populated\">\n\t\t\t\t\t\t<div class=\"elementor-element elementor-element-c23e28e elementor-widget__width-initial elementor-widget elementor-widget-heading\" data-id=\"c23e28e\" data-element_type=\"widget\" data-widget_type=\"heading.default\">\n\t\t\t\t<div class=\"elementor-widget-container\">\n\t\t\t\t\t<h1 class=\"elementor-heading-title elementor-size-default\">Evodeaf scan<\/h1>\t\t\t\t<\/div>\n\t\t\t\t<\/div>\n\t\t\t\t\t<\/div>\n\t\t<\/div>\n\t\t\t\t\t<\/div>\n\t\t<\/section>\n\t\t\t\t<section class=\"elementor-section elementor-top-section elementor-element elementor-element-da02dd8 elementor-section-boxed elementor-section-height-default elementor-section-height-default\" data-id=\"da02dd8\" data-element_type=\"section\">\n\t\t\t\t\t\t<div class=\"elementor-container elementor-column-gap-default\">\n\t\t\t\t\t\t<\/div>\n\t\t<\/section>\n\t\t\t\t<section class=\"elementor-section elementor-top-section elementor-element elementor-element-b5ee609 elementor-section-height-min-height elementor-section-boxed elementor-section-height-default elementor-section-items-middle\" data-id=\"b5ee609\" data-element_type=\"section\">\n\t\t\t\t\t\t<div class=\"elementor-container elementor-column-gap-default\">\n\t\t\t\t\t<div class=\"elementor-column elementor-col-100 elementor-top-column elementor-element elementor-element-e1f0c6e\" data-id=\"e1f0c6e\" data-element_type=\"column\">\n\t\t\t<div class=\"elementor-widget-wrap elementor-element-populated\">\n\t\t\t\t\t\t<div class=\"elementor-element elementor-element-254ffc1 elementor-widget elementor-widget-image\" data-id=\"254ffc1\" data-element_type=\"widget\" data-widget_type=\"image.default\">\n\t\t\t\t<div class=\"elementor-widget-container\">\n\t\t\t\t\t\t\t\t\t\t\t\t\t\t\t<img fetchpriority=\"high\" decoding=\"async\" width=\"300\" height=\"300\" src=\"https:\/\/evodeaf.com\/wp-content\/uploads\/2023\/07\/EvodeafScan-300x300.png\" class=\"attachment-medium size-medium wp-image-5881\" alt=\"\" srcset=\"https:\/\/evodeaf.com\/wp-content\/uploads\/2023\/07\/EvodeafScan-300x300.png 300w, https:\/\/evodeaf.com\/wp-content\/uploads\/2023\/07\/EvodeafScan-100x100.png 100w, https:\/\/evodeaf.com\/wp-content\/uploads\/2023\/07\/EvodeafScan-150x150.png 150w, https:\/\/evodeaf.com\/wp-content\/uploads\/2023\/07\/EvodeafScan.png 500w\" sizes=\"(max-width: 300px) 100vw, 300px\" \/>\t\t\t\t\t\t\t\t\t\t\t\t\t\t\t<\/div>\n\t\t\t\t<\/div>\n\t\t\t\t<div class=\"elementor-element elementor-element-5e64681 elementor-widget__width-initial elementor-widget elementor-widget-text-editor\" data-id=\"5e64681\" data-element_type=\"widget\" data-widget_type=\"text-editor.default\">\n\t\t\t\t<div class=\"elementor-widget-container\">\n\t\t\t\t\t\t\t\t\t<p>Evodeaf Scan \u00e8 una funzione all&#8217;interno dell&#8217;app di Evodeaf che permette di scannerizzare un testo e tradurlo nella lingua dei segni, infatti, con un semplice gesto, \u00e8 possibile\u00a0<span style=\"color: var( --e-global-color-primary ); font-family: var( --e-global-typography-secondary-font-family ), Sans-serif; font-weight: var( --e-global-typography-secondary-font-weight ); letter-spacing: var( --e-global-typography-secondary-letter-spacing );\">analyse de texte\u00a0<\/span><span style=\"color: var( --e-global-color-primary ); font-family: var( --e-global-typography-secondary-font-family ), Sans-serif; font-weight: var( --e-global-typography-secondary-font-weight ); letter-spacing: var( --e-global-typography-secondary-letter-spacing );\">utilizzando la fotocamera del dispositivo, per avere subito una traduzione in LIS. Questa funzione offre accessibilit\u00e0 linguistica a chiunque sia affetto da sordit\u00e0, eliminando le barriere di comunicazione e consentendo loro di comprendere il testo in modo rapido e preciso. Evodeaf Scan favorisce l&#8217;apprendimento, l&#8217;inclusione sociale e l&#8217;accesso all&#8217;informazione, oltre a poter essere un prezioso strumento per chi desidera imparare la lingua dei segni.<\/span><\/p>\t\t\t\t\t\t\t\t<\/div>\n\t\t\t\t<\/div>\n\t\t\t\t\t<\/div>\n\t\t<\/div>\n\t\t\t\t\t<\/div>\n\t\t<\/section>\n\t\t\t\t<section class=\"elementor-section elementor-top-section elementor-element elementor-element-ef8ba8c elementor-section-full_width elementor-section-height-default elementor-section-height-default\" data-id=\"ef8ba8c\" data-element_type=\"section\">\n\t\t\t\t\t\t<div class=\"elementor-container elementor-column-gap-default\">\n\t\t\t\t\t<div class=\"elementor-column elementor-col-100 elementor-top-column elementor-element elementor-element-4b441ce\" data-id=\"4b441ce\" data-element_type=\"column\">\n\t\t\t<div class=\"elementor-widget-wrap elementor-element-populated\">\n\t\t\t\t\t\t<section class=\"elementor-section elementor-inner-section elementor-element elementor-element-aae9de1 elementor-section-height-min-height elementor-section-boxed elementor-section-height-default\" data-id=\"aae9de1\" data-element_type=\"section\">\n\t\t\t\t\t\t<div class=\"elementor-container elementor-column-gap-default\">\n\t\t\t\t\t<div class=\"elementor-column elementor-col-33 elementor-inner-column elementor-element elementor-element-9684b4e elementor-invisible\" data-id=\"9684b4e\" data-element_type=\"column\" data-settings=\"{&quot;background_background&quot;:&quot;classic&quot;,&quot;animation&quot;:&quot;fadeInUp&quot;}\">\n\t\t\t<div class=\"elementor-widget-wrap elementor-element-populated\">\n\t\t\t\t\t\t<div class=\"elementor-element elementor-element-712a249 elementor-widget elementor-widget-heading\" data-id=\"712a249\" data-element_type=\"widget\" data-widget_type=\"heading.default\">\n\t\t\t\t<div class=\"elementor-widget-container\">\n\t\t\t\t\t<h5 class=\"elementor-heading-title elementor-size-default\">Accessibilit\u00e0 linguistica per le persone sorde<\/h5>\t\t\t\t<\/div>\n\t\t\t\t<\/div>\n\t\t\t\t<div class=\"elementor-element elementor-element-c2dc9e4 elementor-widget elementor-widget-text-editor\" data-id=\"c2dc9e4\" data-element_type=\"widget\" data-widget_type=\"text-editor.default\">\n\t\t\t\t<div class=\"elementor-widget-container\">\n\t\t\t\t\t\t\t\t\t<p>\u00c0 l&#039;aide de Evodeaf Analyse, propose aux personnes sourdes comme un moyen efficace d&#039;acc\u00e9der \u00e0 l&#039;information \u00e9crite.<\/p><p><span style=\"color: var( --e-global-color-primary ); font-family: var( --e-global-typography-text-font-family ), Sans-serif; font-size: var( --e-global-typography-text-font-size ); font-weight: var( --e-global-typography-text-font-weight ); letter-spacing: var( --e-global-typography-text-letter-spacing );\">Questa funzione permette di eliminare le barriere linguistiche consentendo di comprendere testi attraverso la lingua dei segni.<\/span><\/p><p><span style=\"color: var( --e-global-color-primary ); font-family: var( --e-global-typography-text-font-family ), Sans-serif; font-size: var( --e-global-typography-text-font-size ); font-weight: var( --e-global-typography-text-font-weight ); letter-spacing: var( --e-global-typography-text-letter-spacing );\">Ci\u00f2 favorisce l&#8217;accessibilit\u00e0 linguistica dando la possibilit\u00e0 a chi \u00e8 sordo di partecipare attivamente alla comunicazione e all&#8217;apprendimento.<\/span><\/p>\t\t\t\t\t\t\t\t<\/div>\n\t\t\t\t<\/div>\n\t\t\t\t\t<\/div>\n\t\t<\/div>\n\t\t\t\t<div class=\"elementor-column elementor-col-33 elementor-inner-column elementor-element elementor-element-68549bb elementor-invisible\" data-id=\"68549bb\" data-element_type=\"column\" data-settings=\"{&quot;background_background&quot;:&quot;classic&quot;,&quot;animation&quot;:&quot;fadeInUp&quot;}\">\n\t\t\t<div class=\"elementor-widget-wrap elementor-element-populated\">\n\t\t\t\t\t\t<div class=\"elementor-element elementor-element-9f68ae6 elementor-widget elementor-widget-heading\" data-id=\"9f68ae6\" data-element_type=\"widget\" data-widget_type=\"heading.default\">\n\t\t\t\t<div class=\"elementor-widget-container\">\n\t\t\t\t\t<h5 class=\"elementor-heading-title elementor-size-default\">Velocit\u00e0 ed efficienza nella traduzione<\/h5>\t\t\t\t<\/div>\n\t\t\t\t<\/div>\n\t\t\t\t<div class=\"elementor-element elementor-element-be64849 elementor-widget elementor-widget-text-editor\" data-id=\"be64849\" data-element_type=\"widget\" data-widget_type=\"text-editor.default\">\n\t\t\t\t<div class=\"elementor-widget-container\">\n\t\t\t\t\t\t\t\t\t<p>Evodeaf Scan offre una soluzione rapida ed efficiente per tradurre un testo nella lingua dei segni.<\/p>\n<p>Avec un simple scan, le texte est trait\u00e9e instantan\u00e9ment et \u00eatre affich\u00e9e comme une vid\u00e9o explicative des signes respectifs.<\/p>\n<p>Questo passaggio permette di risparmiare tempo e sforzi nel cercare manualmente la traduzione di singoli termini o frasi in LIS.<\/p>\t\t\t\t\t\t\t\t<\/div>\n\t\t\t\t<\/div>\n\t\t\t\t\t<\/div>\n\t\t<\/div>\n\t\t\t\t<div class=\"elementor-column elementor-col-33 elementor-inner-column elementor-element elementor-element-411b8ac elementor-invisible\" data-id=\"411b8ac\" data-element_type=\"column\" data-settings=\"{&quot;background_background&quot;:&quot;classic&quot;,&quot;animation&quot;:&quot;fadeInUp&quot;}\">\n\t\t\t<div class=\"elementor-widget-wrap elementor-element-populated\">\n\t\t\t\t\t\t<div class=\"elementor-element elementor-element-3259859 elementor-widget elementor-widget-heading\" data-id=\"3259859\" data-element_type=\"widget\" data-widget_type=\"heading.default\">\n\t\t\t\t<div class=\"elementor-widget-container\">\n\t\t\t\t\t<h5 class=\"elementor-heading-title elementor-size-default\">L&#039;Inclusion et la prise de conscience interculturelle<\/h5>\t\t\t\t<\/div>\n\t\t\t\t<\/div>\n\t\t\t\t<div class=\"elementor-element elementor-element-d7187f4 elementor-widget elementor-widget-text-editor\" data-id=\"d7187f4\" data-element_type=\"widget\" data-widget_type=\"text-editor.default\">\n\t\t\t\t<div class=\"elementor-widget-container\">\n\t\t\t\t\t\t\t\t\t<p>La funzione di Evodeaf Scan favorisce l&#8217;inclusione sociale promuovendo la consapevolezza interculturale.<\/p><p>Consentire alle persone udenti di tradurre testi nella lingua dei segni, permette di aprire una finestra verso la comprensione e il rispetto per la comunit\u00e0 sorda.<\/p><p>Ci\u00f2 facilita l&#8217;apprendimento reciproco promuovendo l&#8217;accettazione della diversit\u00e0 linguistica e culturale.<\/p>\t\t\t\t\t\t\t\t<\/div>\n\t\t\t\t<\/div>\n\t\t\t\t\t<\/div>\n\t\t<\/div>\n\t\t\t\t\t<\/div>\n\t\t<\/section>\n\t\t\t\t\t<\/div>\n\t\t<\/div>\n\t\t\t\t\t<\/div>\n\t\t<\/section>\n\t\t\t\t<\/div>","protected":false},"excerpt":{"rendered":"<p>Evodeaf scan Evodeaf Scan \u00e8 una funzione all&#8217;interno dell&#8217;app di Evodeaf che permette di scannerizzare un testo e tradurlo nella lingua dei segni, infatti, con un semplice gesto, \u00e8 possibile\u00a0scannerizzare un testo\u00a0utilizzando la fotocamera del dispositivo, per avere subito una traduzione in LIS. Questa funzione offre accessibilit\u00e0 linguistica a chiunque sia affetto da sordit\u00e0, eliminando [&hellip;]<\/p>","protected":false},"author":1,"featured_media":0,"parent":0,"menu_order":0,"comment_status":"closed","ping_status":"closed","template":"","meta":{"_acf_changed":false,"footnotes":""},"class_list":["post-4357","page","type-page","status-publish","hentry"],"acf":[],"yoast_head":"<!-- This site is optimized with the Yoast SEO plugin v24.5 - https:\/\/yoast.com\/wordpress\/plugins\/seo\/ -->\n<title>Evodeaf scan - Evodeaf<\/title>\n<meta name=\"robots\" content=\"index, follow, max-snippet:-1, max-image-preview:large, max-video-preview:-1\" \/>\n<link rel=\"canonical\" href=\"https:\/\/evodeaf.com\/fr\/evodeaf-scan\/\" \/>\n<meta property=\"og:locale\" content=\"fr_FR\" \/>\n<meta property=\"og:type\" content=\"article\" \/>\n<meta property=\"og:title\" content=\"Evodeaf scan - Evodeaf\" \/>\n<meta property=\"og:description\" content=\"Evodeaf scan Evodeaf Scan \u00e8 una funzione all&#8217;interno dell&#8217;app di Evodeaf che permette di scannerizzare un testo e tradurlo nella lingua dei segni, infatti, con un semplice gesto, \u00e8 possibile\u00a0scannerizzare un testo\u00a0utilizzando la fotocamera del dispositivo, per avere subito una traduzione in LIS. Questa funzione offre accessibilit\u00e0 linguistica a chiunque sia affetto da sordit\u00e0, eliminando [&hellip;]\" \/>\n<meta property=\"og:url\" content=\"https:\/\/evodeaf.com\/fr\/evodeaf-scan\/\" \/>\n<meta property=\"og:site_name\" content=\"Evodeaf\" \/>\n<meta property=\"article:modified_time\" content=\"2023-08-02T13:07:53+00:00\" \/>\n<meta property=\"og:image\" content=\"https:\/\/evodeaf.com\/wp-content\/uploads\/2023\/07\/EvodeafScan-300x300.png\" \/>\n<meta name=\"twitter:card\" content=\"summary_large_image\" \/>\n<meta name=\"twitter:label1\" content=\"Dur\u00e9e de lecture estim\u00e9e\" \/>\n\t<meta name=\"twitter:data1\" content=\"2 minutes\" \/>\n<script type=\"application\/ld+json\" class=\"yoast-schema-graph\">{\"@context\":\"https:\/\/schema.org\",\"@graph\":[{\"@type\":\"WebPage\",\"@id\":\"https:\/\/evodeaf.com\/evodeaf-scan\/\",\"url\":\"https:\/\/evodeaf.com\/evodeaf-scan\/\",\"name\":\"Evodeaf scan - Evodeaf\",\"isPartOf\":{\"@id\":\"https:\/\/evodeaf.com\/#website\"},\"primaryImageOfPage\":{\"@id\":\"https:\/\/evodeaf.com\/evodeaf-scan\/#primaryimage\"},\"image\":{\"@id\":\"https:\/\/evodeaf.com\/evodeaf-scan\/#primaryimage\"},\"thumbnailUrl\":\"https:\/\/evodeaf.com\/wp-content\/uploads\/2023\/07\/EvodeafScan-300x300.png\",\"datePublished\":\"2023-07-03T09:23:38+00:00\",\"dateModified\":\"2023-08-02T13:07:53+00:00\",\"breadcrumb\":{\"@id\":\"https:\/\/evodeaf.com\/evodeaf-scan\/#breadcrumb\"},\"inLanguage\":\"fr-FR\",\"potentialAction\":[{\"@type\":\"ReadAction\",\"target\":[\"https:\/\/evodeaf.com\/evodeaf-scan\/\"]}]},{\"@type\":\"ImageObject\",\"inLanguage\":\"fr-FR\",\"@id\":\"https:\/\/evodeaf.com\/evodeaf-scan\/#primaryimage\",\"url\":\"https:\/\/evodeaf.com\/wp-content\/uploads\/2023\/07\/EvodeafScan-300x300.png\",\"contentUrl\":\"https:\/\/evodeaf.com\/wp-content\/uploads\/2023\/07\/EvodeafScan-300x300.png\"},{\"@type\":\"BreadcrumbList\",\"@id\":\"https:\/\/evodeaf.com\/evodeaf-scan\/#breadcrumb\",\"itemListElement\":[{\"@type\":\"ListItem\",\"position\":1,\"name\":\"Home\",\"item\":\"https:\/\/evodeaf.com\/\"},{\"@type\":\"ListItem\",\"position\":2,\"name\":\"Evodeaf scan\"}]},{\"@type\":\"WebSite\",\"@id\":\"https:\/\/evodeaf.com\/#website\",\"url\":\"https:\/\/evodeaf.com\/\",\"name\":\"Evodeaf\",\"description\":\"\",\"publisher\":{\"@id\":\"https:\/\/evodeaf.com\/#organization\"},\"potentialAction\":[{\"@type\":\"SearchAction\",\"target\":{\"@type\":\"EntryPoint\",\"urlTemplate\":\"https:\/\/evodeaf.com\/?s={search_term_string}\"},\"query-input\":{\"@type\":\"PropertyValueSpecification\",\"valueRequired\":true,\"valueName\":\"search_term_string\"}}],\"inLanguage\":\"fr-FR\"},{\"@type\":\"Organization\",\"@id\":\"https:\/\/evodeaf.com\/#organization\",\"name\":\"Evodeaf\",\"url\":\"https:\/\/evodeaf.com\/\",\"logo\":{\"@type\":\"ImageObject\",\"inLanguage\":\"fr-FR\",\"@id\":\"https:\/\/evodeaf.com\/#\/schema\/logo\/image\/\",\"url\":\"https:\/\/evodeaf.com\/wp-content\/uploads\/2023\/06\/logo_evodeaf_2_app_traduzione_lingua_segni.png\",\"contentUrl\":\"https:\/\/evodeaf.com\/wp-content\/uploads\/2023\/06\/logo_evodeaf_2_app_traduzione_lingua_segni.png\",\"width\":100,\"height\":132,\"caption\":\"Evodeaf\"},\"image\":{\"@id\":\"https:\/\/evodeaf.com\/#\/schema\/logo\/image\/\"}}]}<\/script>\n<!-- \/ Yoast SEO plugin. -->","yoast_head_json":{"title":"Evodeaf scan - Evodeaf","robots":{"index":"index","follow":"follow","max-snippet":"max-snippet:-1","max-image-preview":"max-image-preview:large","max-video-preview":"max-video-preview:-1"},"canonical":"https:\/\/evodeaf.com\/fr\/evodeaf-scan\/","og_locale":"fr_FR","og_type":"article","og_title":"Evodeaf scan - Evodeaf","og_description":"Evodeaf scan Evodeaf Scan \u00e8 una funzione all&#8217;interno dell&#8217;app di Evodeaf che permette di scannerizzare un testo e tradurlo nella lingua dei segni, infatti, con un semplice gesto, \u00e8 possibile\u00a0scannerizzare un testo\u00a0utilizzando la fotocamera del dispositivo, per avere subito una traduzione in LIS. Questa funzione offre accessibilit\u00e0 linguistica a chiunque sia affetto da sordit\u00e0, eliminando [&hellip;]","og_url":"https:\/\/evodeaf.com\/fr\/evodeaf-scan\/","og_site_name":"Evodeaf","article_modified_time":"2023-08-02T13:07:53+00:00","og_image":[{"url":"https:\/\/evodeaf.com\/wp-content\/uploads\/2023\/07\/EvodeafScan-300x300.png","type":"","width":"","height":""}],"twitter_card":"summary_large_image","twitter_misc":{"Dur\u00e9e de lecture estim\u00e9e":"2 minutes"},"schema":{"@context":"https:\/\/schema.org","@graph":[{"@type":"WebPage","@id":"https:\/\/evodeaf.com\/evodeaf-scan\/","url":"https:\/\/evodeaf.com\/evodeaf-scan\/","name":"Evodeaf scan - Evodeaf","isPartOf":{"@id":"https:\/\/evodeaf.com\/#website"},"primaryImageOfPage":{"@id":"https:\/\/evodeaf.com\/evodeaf-scan\/#primaryimage"},"image":{"@id":"https:\/\/evodeaf.com\/evodeaf-scan\/#primaryimage"},"thumbnailUrl":"https:\/\/evodeaf.com\/wp-content\/uploads\/2023\/07\/EvodeafScan-300x300.png","datePublished":"2023-07-03T09:23:38+00:00","dateModified":"2023-08-02T13:07:53+00:00","breadcrumb":{"@id":"https:\/\/evodeaf.com\/evodeaf-scan\/#breadcrumb"},"inLanguage":"fr-FR","potentialAction":[{"@type":"ReadAction","target":["https:\/\/evodeaf.com\/evodeaf-scan\/"]}]},{"@type":"ImageObject","inLanguage":"fr-FR","@id":"https:\/\/evodeaf.com\/evodeaf-scan\/#primaryimage","url":"https:\/\/evodeaf.com\/wp-content\/uploads\/2023\/07\/EvodeafScan-300x300.png","contentUrl":"https:\/\/evodeaf.com\/wp-content\/uploads\/2023\/07\/EvodeafScan-300x300.png"},{"@type":"BreadcrumbList","@id":"https:\/\/evodeaf.com\/evodeaf-scan\/#breadcrumb","itemListElement":[{"@type":"ListItem","position":1,"name":"Home","item":"https:\/\/evodeaf.com\/"},{"@type":"ListItem","position":2,"name":"Evodeaf scan"}]},{"@type":"WebSite","@id":"https:\/\/evodeaf.com\/#website","url":"https:\/\/evodeaf.com\/","name":"Evodeaf","description":"","publisher":{"@id":"https:\/\/evodeaf.com\/#organization"},"potentialAction":[{"@type":"SearchAction","target":{"@type":"EntryPoint","urlTemplate":"https:\/\/evodeaf.com\/?s={search_term_string}"},"query-input":{"@type":"PropertyValueSpecification","valueRequired":true,"valueName":"search_term_string"}}],"inLanguage":"fr-FR"},{"@type":"Organization","@id":"https:\/\/evodeaf.com\/#organization","name":"Evodeaf","url":"https:\/\/evodeaf.com\/","logo":{"@type":"ImageObject","inLanguage":"fr-FR","@id":"https:\/\/evodeaf.com\/#\/schema\/logo\/image\/","url":"https:\/\/evodeaf.com\/wp-content\/uploads\/2023\/06\/logo_evodeaf_2_app_traduzione_lingua_segni.png","contentUrl":"https:\/\/evodeaf.com\/wp-content\/uploads\/2023\/06\/logo_evodeaf_2_app_traduzione_lingua_segni.png","width":100,"height":132,"caption":"Evodeaf"},"image":{"@id":"https:\/\/evodeaf.com\/#\/schema\/logo\/image\/"}}]}},"_links":{"self":[{"href":"https:\/\/evodeaf.com\/fr\/wp-json\/wp\/v2\/pages\/4357","targetHints":{"allow":["GET"]}}],"collection":[{"href":"https:\/\/evodeaf.com\/fr\/wp-json\/wp\/v2\/pages"}],"about":[{"href":"https:\/\/evodeaf.com\/fr\/wp-json\/wp\/v2\/types\/page"}],"author":[{"embeddable":true,"href":"https:\/\/evodeaf.com\/fr\/wp-json\/wp\/v2\/users\/1"}],"replies":[{"embeddable":true,"href":"https:\/\/evodeaf.com\/fr\/wp-json\/wp\/v2\/comments?post=4357"}],"version-history":[{"count":46,"href":"https:\/\/evodeaf.com\/fr\/wp-json\/wp\/v2\/pages\/4357\/revisions"}],"predecessor-version":[{"id":8342,"href":"https:\/\/evodeaf.com\/fr\/wp-json\/wp\/v2\/pages\/4357\/revisions\/8342"}],"wp:attachment":[{"href":"https:\/\/evodeaf.com\/fr\/wp-json\/wp\/v2\/media?parent=4357"}],"curies":[{"name":"wp","href":"https:\/\/api.w.org\/{rel}","templated":true}]}}