{"id":3636,"date":"2023-06-29T11:36:39","date_gmt":"2023-06-29T09:36:39","guid":{"rendered":"https:\/\/site.evodeaf.com\/?page_id=3636"},"modified":"2023-08-03T14:15:40","modified_gmt":"2023-08-03T12:15:40","slug":"eventi","status":"publish","type":"page","link":"https:\/\/evodeaf.com\/fr\/eventi\/","title":{"rendered":"Les \u00e9v\u00e9nements"},"content":{"rendered":"<div data-elementor-type=\"wp-page\" data-elementor-id=\"3636\" class=\"elementor elementor-3636\" data-elementor-post-type=\"page\">\n\t\t\t\t\t\t<section class=\"elementor-section elementor-top-section elementor-element elementor-element-4c14638 elementor-section-height-min-height elementor-section-content-middle elementor-section-boxed elementor-section-height-default elementor-section-items-middle\" data-id=\"4c14638\" data-element_type=\"section\" data-settings=\"{&quot;background_background&quot;:&quot;classic&quot;}\">\n\t\t\t\t\t\t<div class=\"elementor-container elementor-column-gap-default\">\n\t\t\t\t\t<div class=\"elementor-column elementor-col-100 elementor-top-column elementor-element elementor-element-b532bb3\" data-id=\"b532bb3\" data-element_type=\"column\">\n\t\t\t<div class=\"elementor-widget-wrap elementor-element-populated\">\n\t\t\t\t\t\t<div class=\"elementor-element elementor-element-4ad082b elementor-widget__width-initial elementor-widget elementor-widget-heading\" data-id=\"4ad082b\" data-element_type=\"widget\" data-widget_type=\"heading.default\">\n\t\t\t\t<div class=\"elementor-widget-container\">\n\t\t\t\t\t<h1 class=\"elementor-heading-title elementor-size-default\">Les \u00e9v\u00e9nements<\/h1>\t\t\t\t<\/div>\n\t\t\t\t<\/div>\n\t\t\t\t\t<\/div>\n\t\t<\/div>\n\t\t\t\t\t<\/div>\n\t\t<\/section>\n\t\t\t\t<section class=\"elementor-section elementor-top-section elementor-element elementor-element-666c2a3 elementor-section-height-min-height elementor-section-boxed elementor-section-height-default elementor-section-items-middle\" data-id=\"666c2a3\" data-element_type=\"section\">\n\t\t\t\t\t\t<div class=\"elementor-container elementor-column-gap-default\">\n\t\t\t\t\t<div class=\"elementor-column elementor-col-100 elementor-top-column elementor-element elementor-element-aa14bd8\" data-id=\"aa14bd8\" data-element_type=\"column\">\n\t\t\t<div class=\"elementor-widget-wrap elementor-element-populated\">\n\t\t\t\t\t\t<div class=\"elementor-element elementor-element-8990d6f elementor-widget elementor-widget-image\" data-id=\"8990d6f\" data-element_type=\"widget\" data-widget_type=\"image.default\">\n\t\t\t\t<div class=\"elementor-widget-container\">\n\t\t\t\t\t\t\t\t\t\t\t\t\t\t\t<img fetchpriority=\"high\" decoding=\"async\" width=\"300\" height=\"224\" src=\"https:\/\/evodeaf.com\/wp-content\/uploads\/2023\/06\/grafica_personalizzata_eventi_evodeaf_app_traduzione_lingua_segni-300x224.png\" class=\"attachment-medium size-medium wp-image-3605\" alt=\"grafica_personalizzata_eventi_evodeaf_app_traduzione_lingua_segni\" srcset=\"https:\/\/evodeaf.com\/wp-content\/uploads\/2023\/06\/grafica_personalizzata_eventi_evodeaf_app_traduzione_lingua_segni-300x224.png 300w, https:\/\/evodeaf.com\/wp-content\/uploads\/2023\/06\/grafica_personalizzata_eventi_evodeaf_app_traduzione_lingua_segni-600x448.png 600w, https:\/\/evodeaf.com\/wp-content\/uploads\/2023\/06\/grafica_personalizzata_eventi_evodeaf_app_traduzione_lingua_segni.png 670w\" sizes=\"(max-width: 300px) 100vw, 300px\" \/>\t\t\t\t\t\t\t\t\t\t\t\t\t\t\t<\/div>\n\t\t\t\t<\/div>\n\t\t\t\t<div class=\"elementor-element elementor-element-47f8331 elementor-widget__width-initial elementor-widget elementor-widget-heading\" data-id=\"47f8331\" data-element_type=\"widget\" data-widget_type=\"heading.default\">\n\t\t\t\t<div class=\"elementor-widget-container\">\n\t\t\t\t\t<h2 class=\"elementor-heading-title elementor-size-default\">Evodeaf vous partager \u00e0 d&#039;autres<\/h2>\t\t\t\t<\/div>\n\t\t\t\t<\/div>\n\t\t\t\t<div class=\"elementor-element elementor-element-37e5e7b elementor-widget__width-initial elementor-widget elementor-widget-text-editor\" data-id=\"37e5e7b\" data-element_type=\"widget\" data-widget_type=\"text-editor.default\">\n\t\t\t\t<div class=\"elementor-widget-container\">\n\t\t\t\t\t\t\t\t\t<p class=\"p1\">\u00c8 un progetto innovativo che offre un servizio di traduzione simultanea dalla lingua parlata alla lingua dei segni. Grazie a un aiuto virtuale in grado di interpretare gesti e parole,\u00a0le persone con disabilit\u00e0 uditiva possono, cos\u00ec, comunicare facilmente, migliorando la qualit\u00e0 della vita e favorendo l&#8217;integrazione sociale.<\/p>\t\t\t\t\t\t\t\t<\/div>\n\t\t\t\t<\/div>\n\t\t\t\t\t<\/div>\n\t\t<\/div>\n\t\t\t\t\t<\/div>\n\t\t<\/section>\n\t\t\t\t<section class=\"elementor-section elementor-top-section elementor-element elementor-element-1b4df99 elementor-section-full_width elementor-section-height-default elementor-section-height-default\" data-id=\"1b4df99\" data-element_type=\"section\">\n\t\t\t\t\t\t<div class=\"elementor-container elementor-column-gap-default\">\n\t\t\t\t\t<div class=\"elementor-column elementor-col-100 elementor-top-column elementor-element elementor-element-8c924ce\" data-id=\"8c924ce\" data-element_type=\"column\">\n\t\t\t<div class=\"elementor-widget-wrap elementor-element-populated\">\n\t\t\t\t\t\t<section class=\"elementor-section elementor-inner-section elementor-element elementor-element-de7b649 elementor-section-height-min-height elementor-section-full_width elementor-section-height-default\" data-id=\"de7b649\" data-element_type=\"section\">\n\t\t\t\t\t\t<div class=\"elementor-container elementor-column-gap-default\">\n\t\t\t\t\t<div class=\"elementor-column elementor-col-33 elementor-inner-column elementor-element elementor-element-96e9158 elementor-invisible\" data-id=\"96e9158\" data-element_type=\"column\" data-settings=\"{&quot;background_background&quot;:&quot;classic&quot;,&quot;animation&quot;:&quot;fadeInUp&quot;}\">\n\t\t\t<div class=\"elementor-widget-wrap elementor-element-populated\">\n\t\t\t\t\t\t<div class=\"elementor-element elementor-element-1be6a4a elementor-widget elementor-widget-heading\" data-id=\"1be6a4a\" data-element_type=\"widget\" data-widget_type=\"heading.default\">\n\t\t\t\t<div class=\"elementor-widget-container\">\n\t\t\t\t\t<h5 class=\"elementor-heading-title elementor-size-default\">Augmentation de la satisfaction de la client\u00e8le<\/h5>\t\t\t\t<\/div>\n\t\t\t\t<\/div>\n\t\t\t\t<div class=\"elementor-element elementor-element-5ae0ada elementor-widget elementor-widget-text-editor\" data-id=\"5ae0ada\" data-element_type=\"widget\" data-widget_type=\"text-editor.default\">\n\t\t\t\t<div class=\"elementor-widget-container\">\n\t\t\t\t\t\t\t\t\t<p>Le persone sorde che sono in grado di partecipare pienamente agli eventi e di comunicare in modo efficace con gli altri partecipanti sono pi\u00f9 soddisfatte dei servizi ricevuti.<\/p><p>Questo pu\u00f2 portare a una maggiore fidelizzazione dei clienti e a un aumento del business.<\/p>\t\t\t\t\t\t\t\t<\/div>\n\t\t\t\t<\/div>\n\t\t\t\t\t<\/div>\n\t\t<\/div>\n\t\t\t\t<div class=\"elementor-column elementor-col-33 elementor-inner-column elementor-element elementor-element-2e42f0d elementor-invisible\" data-id=\"2e42f0d\" data-element_type=\"column\" data-settings=\"{&quot;background_background&quot;:&quot;classic&quot;,&quot;animation&quot;:&quot;fadeInUp&quot;}\">\n\t\t\t<div class=\"elementor-widget-wrap elementor-element-populated\">\n\t\t\t\t\t\t<div class=\"elementor-element elementor-element-3326b08 elementor-widget elementor-widget-heading\" data-id=\"3326b08\" data-element_type=\"widget\" data-widget_type=\"heading.default\">\n\t\t\t\t<div class=\"elementor-widget-container\">\n\t\t\t\t\t<h5 class=\"elementor-heading-title elementor-size-default\">Migliore qualit\u00e0 degli eventi<\/h5>\t\t\t\t<\/div>\n\t\t\t\t<\/div>\n\t\t\t\t<div class=\"elementor-element elementor-element-fc8cadc elementor-widget elementor-widget-text-editor\" data-id=\"fc8cadc\" data-element_type=\"widget\" data-widget_type=\"text-editor.default\">\n\t\t\t\t<div class=\"elementor-widget-container\">\n\t\t\t\t\t\t\t\t\t<p>L&#8217;app di Evodeaf pu\u00f2 aiutare a garantire che le informazioni fornite ai clienti sordi siano comprese appieno.<\/p><p>Quindi, ci\u00f2 pu\u00f2 portare a una migliore qualit\u00e0 degli eventi e a una maggiore soddisfazione dei clienti.<\/p>\t\t\t\t\t\t\t\t<\/div>\n\t\t\t\t<\/div>\n\t\t\t\t\t<\/div>\n\t\t<\/div>\n\t\t\t\t<div class=\"elementor-column elementor-col-33 elementor-inner-column elementor-element elementor-element-dc17322 elementor-invisible\" data-id=\"dc17322\" data-element_type=\"column\" data-settings=\"{&quot;background_background&quot;:&quot;classic&quot;,&quot;animation&quot;:&quot;fadeInUp&quot;}\">\n\t\t\t<div class=\"elementor-widget-wrap elementor-element-populated\">\n\t\t\t\t\t\t<div class=\"elementor-element elementor-element-d673e5e elementor-widget elementor-widget-heading\" data-id=\"d673e5e\" data-element_type=\"widget\" data-widget_type=\"heading.default\">\n\t\t\t\t<div class=\"elementor-widget-container\">\n\t\t\t\t\t<h5 class=\"elementor-heading-title elementor-size-default\">Une plus grande inclusion sociale<\/h5>\t\t\t\t<\/div>\n\t\t\t\t<\/div>\n\t\t\t\t<div class=\"elementor-element elementor-element-e0efffd elementor-widget elementor-widget-text-editor\" data-id=\"e0efffd\" data-element_type=\"widget\" data-widget_type=\"text-editor.default\">\n\t\t\t\t<div class=\"elementor-widget-container\">\n\t\t\t\t\t\t\t\t\t<p>L&#8217;uso di Evodeaf pu\u00f2 contribuire a migliorare l&#8217;inclusione sociale delle persone sorde, creando un ambiente pi\u00f9 accogliente e inclusivo per tutti.<\/p>\t\t\t\t\t\t\t\t<\/div>\n\t\t\t\t<\/div>\n\t\t\t\t\t<\/div>\n\t\t<\/div>\n\t\t\t\t\t<\/div>\n\t\t<\/section>\n\t\t\t\t\t<\/div>\n\t\t<\/div>\n\t\t\t\t\t<\/div>\n\t\t<\/section>\n\t\t\t\t<\/div>","protected":false},"excerpt":{"rendered":"<p>Eventi Evodeaf ti accumuna agli altri \u00c8 un progetto innovativo che offre un servizio di traduzione simultanea dalla lingua parlata alla lingua dei segni. Grazie a un aiuto virtuale in grado di interpretare gesti e parole,\u00a0le persone con disabilit\u00e0 uditiva possono, cos\u00ec, comunicare facilmente, migliorando la qualit\u00e0 della vita e favorendo l&#8217;integrazione sociale. Maggiore soddisfazione [&hellip;]<\/p>","protected":false},"author":1,"featured_media":0,"parent":0,"menu_order":0,"comment_status":"closed","ping_status":"closed","template":"","meta":{"_acf_changed":false,"footnotes":""},"class_list":["post-3636","page","type-page","status-publish","hentry"],"acf":[],"yoast_head":"<!-- This site is optimized with the Yoast SEO plugin v24.5 - https:\/\/yoast.com\/wordpress\/plugins\/seo\/ -->\n<title>Eventi - Evodeaf<\/title>\n<meta name=\"robots\" content=\"index, follow, max-snippet:-1, max-image-preview:large, max-video-preview:-1\" \/>\n<link rel=\"canonical\" href=\"https:\/\/evodeaf.com\/fr\/eventi\/\" \/>\n<meta property=\"og:locale\" content=\"fr_FR\" \/>\n<meta property=\"og:type\" content=\"article\" \/>\n<meta property=\"og:title\" content=\"Eventi - Evodeaf\" \/>\n<meta property=\"og:description\" content=\"Eventi Evodeaf ti accumuna agli altri \u00c8 un progetto innovativo che offre un servizio di traduzione simultanea dalla lingua parlata alla lingua dei segni. Grazie a un aiuto virtuale in grado di interpretare gesti e parole,\u00a0le persone con disabilit\u00e0 uditiva possono, cos\u00ec, comunicare facilmente, migliorando la qualit\u00e0 della vita e favorendo l&#8217;integrazione sociale. Maggiore soddisfazione [&hellip;]\" \/>\n<meta property=\"og:url\" content=\"https:\/\/evodeaf.com\/fr\/eventi\/\" \/>\n<meta property=\"og:site_name\" content=\"Evodeaf\" \/>\n<meta property=\"article:modified_time\" content=\"2023-08-03T12:15:40+00:00\" \/>\n<meta property=\"og:image\" content=\"https:\/\/evodeaf.com\/wp-content\/uploads\/2023\/06\/grafica_personalizzata_eventi_evodeaf_app_traduzione_lingua_segni-300x224.png\" \/>\n<meta name=\"twitter:card\" content=\"summary_large_image\" \/>\n<meta name=\"twitter:label1\" content=\"Dur\u00e9e de lecture estim\u00e9e\" \/>\n\t<meta name=\"twitter:data1\" content=\"2 minutes\" \/>\n<script type=\"application\/ld+json\" class=\"yoast-schema-graph\">{\"@context\":\"https:\/\/schema.org\",\"@graph\":[{\"@type\":\"WebPage\",\"@id\":\"https:\/\/evodeaf.com\/eventi\/\",\"url\":\"https:\/\/evodeaf.com\/eventi\/\",\"name\":\"Eventi - Evodeaf\",\"isPartOf\":{\"@id\":\"https:\/\/evodeaf.com\/#website\"},\"primaryImageOfPage\":{\"@id\":\"https:\/\/evodeaf.com\/eventi\/#primaryimage\"},\"image\":{\"@id\":\"https:\/\/evodeaf.com\/eventi\/#primaryimage\"},\"thumbnailUrl\":\"https:\/\/evodeaf.com\/wp-content\/uploads\/2023\/06\/grafica_personalizzata_eventi_evodeaf_app_traduzione_lingua_segni-300x224.png\",\"datePublished\":\"2023-06-29T09:36:39+00:00\",\"dateModified\":\"2023-08-03T12:15:40+00:00\",\"breadcrumb\":{\"@id\":\"https:\/\/evodeaf.com\/eventi\/#breadcrumb\"},\"inLanguage\":\"fr-FR\",\"potentialAction\":[{\"@type\":\"ReadAction\",\"target\":[\"https:\/\/evodeaf.com\/eventi\/\"]}]},{\"@type\":\"ImageObject\",\"inLanguage\":\"fr-FR\",\"@id\":\"https:\/\/evodeaf.com\/eventi\/#primaryimage\",\"url\":\"https:\/\/evodeaf.com\/wp-content\/uploads\/2023\/06\/grafica_personalizzata_eventi_evodeaf_app_traduzione_lingua_segni-300x224.png\",\"contentUrl\":\"https:\/\/evodeaf.com\/wp-content\/uploads\/2023\/06\/grafica_personalizzata_eventi_evodeaf_app_traduzione_lingua_segni-300x224.png\"},{\"@type\":\"BreadcrumbList\",\"@id\":\"https:\/\/evodeaf.com\/eventi\/#breadcrumb\",\"itemListElement\":[{\"@type\":\"ListItem\",\"position\":1,\"name\":\"Home\",\"item\":\"https:\/\/evodeaf.com\/\"},{\"@type\":\"ListItem\",\"position\":2,\"name\":\"Eventi\"}]},{\"@type\":\"WebSite\",\"@id\":\"https:\/\/evodeaf.com\/#website\",\"url\":\"https:\/\/evodeaf.com\/\",\"name\":\"Evodeaf\",\"description\":\"\",\"publisher\":{\"@id\":\"https:\/\/evodeaf.com\/#organization\"},\"potentialAction\":[{\"@type\":\"SearchAction\",\"target\":{\"@type\":\"EntryPoint\",\"urlTemplate\":\"https:\/\/evodeaf.com\/?s={search_term_string}\"},\"query-input\":{\"@type\":\"PropertyValueSpecification\",\"valueRequired\":true,\"valueName\":\"search_term_string\"}}],\"inLanguage\":\"fr-FR\"},{\"@type\":\"Organization\",\"@id\":\"https:\/\/evodeaf.com\/#organization\",\"name\":\"Evodeaf\",\"url\":\"https:\/\/evodeaf.com\/\",\"logo\":{\"@type\":\"ImageObject\",\"inLanguage\":\"fr-FR\",\"@id\":\"https:\/\/evodeaf.com\/#\/schema\/logo\/image\/\",\"url\":\"https:\/\/evodeaf.com\/wp-content\/uploads\/2023\/06\/logo_evodeaf_2_app_traduzione_lingua_segni.png\",\"contentUrl\":\"https:\/\/evodeaf.com\/wp-content\/uploads\/2023\/06\/logo_evodeaf_2_app_traduzione_lingua_segni.png\",\"width\":100,\"height\":132,\"caption\":\"Evodeaf\"},\"image\":{\"@id\":\"https:\/\/evodeaf.com\/#\/schema\/logo\/image\/\"}}]}<\/script>\n<!-- \/ Yoast SEO plugin. -->","yoast_head_json":{"title":"Eventi - Evodeaf","robots":{"index":"index","follow":"follow","max-snippet":"max-snippet:-1","max-image-preview":"max-image-preview:large","max-video-preview":"max-video-preview:-1"},"canonical":"https:\/\/evodeaf.com\/fr\/eventi\/","og_locale":"fr_FR","og_type":"article","og_title":"Eventi - Evodeaf","og_description":"Eventi Evodeaf ti accumuna agli altri \u00c8 un progetto innovativo che offre un servizio di traduzione simultanea dalla lingua parlata alla lingua dei segni. Grazie a un aiuto virtuale in grado di interpretare gesti e parole,\u00a0le persone con disabilit\u00e0 uditiva possono, cos\u00ec, comunicare facilmente, migliorando la qualit\u00e0 della vita e favorendo l&#8217;integrazione sociale. Maggiore soddisfazione [&hellip;]","og_url":"https:\/\/evodeaf.com\/fr\/eventi\/","og_site_name":"Evodeaf","article_modified_time":"2023-08-03T12:15:40+00:00","og_image":[{"url":"https:\/\/evodeaf.com\/wp-content\/uploads\/2023\/06\/grafica_personalizzata_eventi_evodeaf_app_traduzione_lingua_segni-300x224.png","type":"","width":"","height":""}],"twitter_card":"summary_large_image","twitter_misc":{"Dur\u00e9e de lecture estim\u00e9e":"2 minutes"},"schema":{"@context":"https:\/\/schema.org","@graph":[{"@type":"WebPage","@id":"https:\/\/evodeaf.com\/eventi\/","url":"https:\/\/evodeaf.com\/eventi\/","name":"Eventi - Evodeaf","isPartOf":{"@id":"https:\/\/evodeaf.com\/#website"},"primaryImageOfPage":{"@id":"https:\/\/evodeaf.com\/eventi\/#primaryimage"},"image":{"@id":"https:\/\/evodeaf.com\/eventi\/#primaryimage"},"thumbnailUrl":"https:\/\/evodeaf.com\/wp-content\/uploads\/2023\/06\/grafica_personalizzata_eventi_evodeaf_app_traduzione_lingua_segni-300x224.png","datePublished":"2023-06-29T09:36:39+00:00","dateModified":"2023-08-03T12:15:40+00:00","breadcrumb":{"@id":"https:\/\/evodeaf.com\/eventi\/#breadcrumb"},"inLanguage":"fr-FR","potentialAction":[{"@type":"ReadAction","target":["https:\/\/evodeaf.com\/eventi\/"]}]},{"@type":"ImageObject","inLanguage":"fr-FR","@id":"https:\/\/evodeaf.com\/eventi\/#primaryimage","url":"https:\/\/evodeaf.com\/wp-content\/uploads\/2023\/06\/grafica_personalizzata_eventi_evodeaf_app_traduzione_lingua_segni-300x224.png","contentUrl":"https:\/\/evodeaf.com\/wp-content\/uploads\/2023\/06\/grafica_personalizzata_eventi_evodeaf_app_traduzione_lingua_segni-300x224.png"},{"@type":"BreadcrumbList","@id":"https:\/\/evodeaf.com\/eventi\/#breadcrumb","itemListElement":[{"@type":"ListItem","position":1,"name":"Home","item":"https:\/\/evodeaf.com\/"},{"@type":"ListItem","position":2,"name":"Eventi"}]},{"@type":"WebSite","@id":"https:\/\/evodeaf.com\/#website","url":"https:\/\/evodeaf.com\/","name":"Evodeaf","description":"","publisher":{"@id":"https:\/\/evodeaf.com\/#organization"},"potentialAction":[{"@type":"SearchAction","target":{"@type":"EntryPoint","urlTemplate":"https:\/\/evodeaf.com\/?s={search_term_string}"},"query-input":{"@type":"PropertyValueSpecification","valueRequired":true,"valueName":"search_term_string"}}],"inLanguage":"fr-FR"},{"@type":"Organization","@id":"https:\/\/evodeaf.com\/#organization","name":"Evodeaf","url":"https:\/\/evodeaf.com\/","logo":{"@type":"ImageObject","inLanguage":"fr-FR","@id":"https:\/\/evodeaf.com\/#\/schema\/logo\/image\/","url":"https:\/\/evodeaf.com\/wp-content\/uploads\/2023\/06\/logo_evodeaf_2_app_traduzione_lingua_segni.png","contentUrl":"https:\/\/evodeaf.com\/wp-content\/uploads\/2023\/06\/logo_evodeaf_2_app_traduzione_lingua_segni.png","width":100,"height":132,"caption":"Evodeaf"},"image":{"@id":"https:\/\/evodeaf.com\/#\/schema\/logo\/image\/"}}]}},"_links":{"self":[{"href":"https:\/\/evodeaf.com\/fr\/wp-json\/wp\/v2\/pages\/3636","targetHints":{"allow":["GET"]}}],"collection":[{"href":"https:\/\/evodeaf.com\/fr\/wp-json\/wp\/v2\/pages"}],"about":[{"href":"https:\/\/evodeaf.com\/fr\/wp-json\/wp\/v2\/types\/page"}],"author":[{"embeddable":true,"href":"https:\/\/evodeaf.com\/fr\/wp-json\/wp\/v2\/users\/1"}],"replies":[{"embeddable":true,"href":"https:\/\/evodeaf.com\/fr\/wp-json\/wp\/v2\/comments?post=3636"}],"version-history":[{"count":50,"href":"https:\/\/evodeaf.com\/fr\/wp-json\/wp\/v2\/pages\/3636\/revisions"}],"predecessor-version":[{"id":8414,"href":"https:\/\/evodeaf.com\/fr\/wp-json\/wp\/v2\/pages\/3636\/revisions\/8414"}],"wp:attachment":[{"href":"https:\/\/evodeaf.com\/fr\/wp-json\/wp\/v2\/media?parent=3636"}],"curies":[{"name":"wp","href":"https:\/\/api.w.org\/{rel}","templated":true}]}}