{"id":3558,"date":"2023-06-29T10:19:44","date_gmt":"2023-06-29T08:19:44","guid":{"rendered":"https:\/\/site.evodeaf.com\/?page_id=3558"},"modified":"2023-08-07T09:00:35","modified_gmt":"2023-08-07T07:00:35","slug":"ristorazione","status":"publish","type":"page","link":"https:\/\/evodeaf.com\/es\/ristorazione\/","title":{"rendered":"Comedor"},"content":{"rendered":"<div data-elementor-type=\"wp-page\" data-elementor-id=\"3558\" class=\"elementor elementor-3558\" data-elementor-post-type=\"page\">\n\t\t\t\t\t\t<section class=\"elementor-section elementor-top-section elementor-element elementor-element-17b6ad5 elementor-section-height-min-height elementor-section-content-middle elementor-section-boxed elementor-section-height-default elementor-section-items-middle\" data-id=\"17b6ad5\" data-element_type=\"section\" data-settings=\"{&quot;background_background&quot;:&quot;classic&quot;}\">\n\t\t\t\t\t\t<div class=\"elementor-container elementor-column-gap-default\">\n\t\t\t\t\t<div class=\"elementor-column elementor-col-100 elementor-top-column elementor-element elementor-element-c7089da\" data-id=\"c7089da\" data-element_type=\"column\">\n\t\t\t<div class=\"elementor-widget-wrap elementor-element-populated\">\n\t\t\t\t\t\t<div class=\"elementor-element elementor-element-14bbfb8 elementor-widget__width-initial elementor-widget elementor-widget-heading\" data-id=\"14bbfb8\" data-element_type=\"widget\" data-widget_type=\"heading.default\">\n\t\t\t\t<div class=\"elementor-widget-container\">\n\t\t\t\t\t<h1 class=\"elementor-heading-title elementor-size-default\">Comedor<\/h1>\t\t\t\t<\/div>\n\t\t\t\t<\/div>\n\t\t\t\t\t<\/div>\n\t\t<\/div>\n\t\t\t\t\t<\/div>\n\t\t<\/section>\n\t\t\t\t<section class=\"elementor-section elementor-top-section elementor-element elementor-element-b1fc034 elementor-section-height-min-height elementor-section-boxed elementor-section-height-default elementor-section-items-middle\" data-id=\"b1fc034\" data-element_type=\"section\">\n\t\t\t\t\t\t<div class=\"elementor-container elementor-column-gap-default\">\n\t\t\t\t\t<div class=\"elementor-column elementor-col-100 elementor-top-column elementor-element elementor-element-bb11a96\" data-id=\"bb11a96\" data-element_type=\"column\">\n\t\t\t<div class=\"elementor-widget-wrap elementor-element-populated\">\n\t\t\t\t\t\t<div class=\"elementor-element elementor-element-970489f elementor-widget elementor-widget-image\" data-id=\"970489f\" data-element_type=\"widget\" data-widget_type=\"image.default\">\n\t\t\t\t<div class=\"elementor-widget-container\">\n\t\t\t\t\t\t\t\t\t\t\t\t\t\t\t<img decoding=\"async\" width=\"300\" height=\"149\" src=\"https:\/\/evodeaf.com\/wp-content\/uploads\/2023\/08\/Ristorante_02_08_2023_15_24_58-300x149.png\" class=\"attachment-medium size-medium wp-image-8362\" alt=\"\" srcset=\"https:\/\/evodeaf.com\/wp-content\/uploads\/2023\/08\/Ristorante_02_08_2023_15_24_58-300x150.png 300w, https:\/\/evodeaf.com\/wp-content\/uploads\/2023\/08\/Ristorante_02_08_2023_15_24_58-18x9.png 18w, https:\/\/evodeaf.com\/wp-content\/uploads\/2023\/08\/Ristorante_02_08_2023_15_24_58.png 303w\" sizes=\"(max-width: 300px) 100vw, 300px\" \/>\t\t\t\t\t\t\t\t\t\t\t\t\t\t\t<\/div>\n\t\t\t\t<\/div>\n\t\t\t\t<div class=\"elementor-element elementor-element-a2e4535 elementor-widget__width-initial elementor-widget elementor-widget-heading\" data-id=\"a2e4535\" data-element_type=\"widget\" data-widget_type=\"heading.default\">\n\t\t\t\t<div class=\"elementor-widget-container\">\n\t\t\t\t\t<h2 class=\"elementor-heading-title elementor-size-default\">Evodeaf \u00e8 ti accompagna durante i pasti<\/h2>\t\t\t\t<\/div>\n\t\t\t\t<\/div>\n\t\t\t\t<div class=\"elementor-element elementor-element-ccf0d3a elementor-widget__width-initial elementor-widget elementor-widget-text-editor\" data-id=\"ccf0d3a\" data-element_type=\"widget\" data-widget_type=\"text-editor.default\">\n\t\t\t\t<div class=\"elementor-widget-container\">\n\t\t\t\t\t\t\t\t\t<p>\u00c8 un progetto innovativo che offre un servizio di traduzione simultanea dalla lingua parlata alla lingua dei segni. Grazie a un aiuto virtuale in grado di interpretare gesti e parole, le persone con disabilit\u00e0 uditiva possono, cos\u00ec, comunicare facilmente, migliorando la qualit\u00e0 della vita e favorendo l&#8217;integrazione sociale.<\/p>\t\t\t\t\t\t\t\t<\/div>\n\t\t\t\t<\/div>\n\t\t\t\t\t<\/div>\n\t\t<\/div>\n\t\t\t\t\t<\/div>\n\t\t<\/section>\n\t\t\t\t<section class=\"elementor-section elementor-top-section elementor-element elementor-element-07a6bd4 elementor-section-full_width elementor-section-height-default elementor-section-height-default\" data-id=\"07a6bd4\" data-element_type=\"section\">\n\t\t\t\t\t\t<div class=\"elementor-container elementor-column-gap-default\">\n\t\t\t\t\t<div class=\"elementor-column elementor-col-100 elementor-top-column elementor-element elementor-element-2b2c371\" data-id=\"2b2c371\" data-element_type=\"column\">\n\t\t\t<div class=\"elementor-widget-wrap elementor-element-populated\">\n\t\t\t\t\t\t<section class=\"elementor-section elementor-inner-section elementor-element elementor-element-b295a3e elementor-section-height-min-height elementor-section-full_width elementor-section-height-default\" data-id=\"b295a3e\" data-element_type=\"section\">\n\t\t\t\t\t\t<div class=\"elementor-container elementor-column-gap-default\">\n\t\t\t\t\t<div class=\"elementor-column elementor-col-33 elementor-inner-column elementor-element elementor-element-b091a05 elementor-invisible\" data-id=\"b091a05\" data-element_type=\"column\" data-settings=\"{&quot;background_background&quot;:&quot;classic&quot;,&quot;animation&quot;:&quot;fadeInUp&quot;}\">\n\t\t\t<div class=\"elementor-widget-wrap elementor-element-populated\">\n\t\t\t\t\t\t<div class=\"elementor-element elementor-element-2794fe4 elementor-widget elementor-widget-heading\" data-id=\"2794fe4\" data-element_type=\"widget\" data-widget_type=\"heading.default\">\n\t\t\t\t<div class=\"elementor-widget-container\">\n\t\t\t\t\t<h5 class=\"elementor-heading-title elementor-size-default\">Facilitar la comunicaci\u00f3n con el personal de catering<\/h5>\t\t\t\t<\/div>\n\t\t\t\t<\/div>\n\t\t\t\t<div class=\"elementor-element elementor-element-bca86a5 elementor-widget elementor-widget-text-editor\" data-id=\"bca86a5\" data-element_type=\"widget\" data-widget_type=\"text-editor.default\">\n\t\t\t\t<div class=\"elementor-widget-container\">\n\t\t\t\t\t\t\t\t\t<p>Evodeaf facilita la comunicazione tra il personale del ristorante e clienti sordi, consentendo di offrire un servizio pi\u00f9 rapido, accurato e personalizzato.<\/p><p><span style=\"color: var( --e-global-color-primary ); font-family: var( --e-global-typography-text-font-family ), Sans-serif; font-size: var( --e-global-typography-text-font-size ); font-weight: var( --e-global-typography-text-font-weight ); letter-spacing: var( --e-global-typography-text-letter-spacing );\">Questo pu\u00f2 portare a una maggiore soddisfazione dei clienti, a un aumento delle vendite e a una migliore reputazione del ristorante.<\/span><\/p>\t\t\t\t\t\t\t\t<\/div>\n\t\t\t\t<\/div>\n\t\t\t\t\t<\/div>\n\t\t<\/div>\n\t\t\t\t<div class=\"elementor-column elementor-col-33 elementor-inner-column elementor-element elementor-element-c486bcb elementor-invisible\" data-id=\"c486bcb\" data-element_type=\"column\" data-settings=\"{&quot;background_background&quot;:&quot;classic&quot;,&quot;animation&quot;:&quot;fadeInUp&quot;}\">\n\t\t\t<div class=\"elementor-widget-wrap elementor-element-populated\">\n\t\t\t\t\t\t<div class=\"elementor-element elementor-element-703dd41 elementor-widget elementor-widget-heading\" data-id=\"703dd41\" data-element_type=\"widget\" data-widget_type=\"heading.default\">\n\t\t\t\t<div class=\"elementor-widget-container\">\n\t\t\t\t\t<h5 class=\"elementor-heading-title elementor-size-default\">Accessibilit\u00e0 delle informazioni sul menu<\/h5>\t\t\t\t<\/div>\n\t\t\t\t<\/div>\n\t\t\t\t<div class=\"elementor-element elementor-element-bc47681 elementor-widget elementor-widget-text-editor\" data-id=\"bc47681\" data-element_type=\"widget\" data-widget_type=\"text-editor.default\">\n\t\t\t\t<div class=\"elementor-widget-container\">\n\t\t\t\t\t\t\t\t\t<p>&nbsp;Evodeaf promuove l&#8217;inclusione dei clienti sordi dimostrando un impegno per la diversit\u00e0.<\/p>\n<p>Questo pu\u00f2 creare un ambiente pi\u00f9 accogliente e inclusivo nel ristorante, portando alla fidelizzazione dei clienti che si sentiranno apprezzati e benvenuti nel locale.<\/p>\t\t\t\t\t\t\t\t<\/div>\n\t\t\t\t<\/div>\n\t\t\t\t\t<\/div>\n\t\t<\/div>\n\t\t\t\t<div class=\"elementor-column elementor-col-33 elementor-inner-column elementor-element elementor-element-204757d elementor-invisible\" data-id=\"204757d\" data-element_type=\"column\" data-settings=\"{&quot;background_background&quot;:&quot;classic&quot;,&quot;animation&quot;:&quot;fadeInUp&quot;}\">\n\t\t\t<div class=\"elementor-widget-wrap elementor-element-populated\">\n\t\t\t\t\t\t<div class=\"elementor-element elementor-element-ae737c6 elementor-widget elementor-widget-heading\" data-id=\"ae737c6\" data-element_type=\"widget\" data-widget_type=\"heading.default\">\n\t\t\t\t<div class=\"elementor-widget-container\">\n\t\t\t\t\t<h5 class=\"elementor-heading-title elementor-size-default\">La inclusi\u00f3n y la lealtad de los clientes<\/h5>\t\t\t\t<\/div>\n\t\t\t\t<\/div>\n\t\t\t\t<div class=\"elementor-element elementor-element-9f58202 elementor-widget elementor-widget-text-editor\" data-id=\"9f58202\" data-element_type=\"widget\" data-widget_type=\"text-editor.default\">\n\t\t\t\t<div class=\"elementor-widget-container\">\n\t\t\t\t\t\t\t\t\t<p>L&#8217;inclusione dei sordi pu\u00f2 portare anche a una maggiore visibilit\u00e0 per il ristorante.<\/p>\n<p>Infatti, la condivisione della loro esperienza positiva, pu\u00f2 attirare l&#8217;attenzione di altre persone sorde, aumentando la possibilit\u00e0 di nuovi clienti.<\/p>\t\t\t\t\t\t\t\t<\/div>\n\t\t\t\t<\/div>\n\t\t\t\t\t<\/div>\n\t\t<\/div>\n\t\t\t\t\t<\/div>\n\t\t<\/section>\n\t\t\t\t\t<\/div>\n\t\t<\/div>\n\t\t\t\t\t<\/div>\n\t\t<\/section>\n\t\t\t\t<\/div>","protected":false},"excerpt":{"rendered":"<p>Ristorazione Evodeaf \u00e8 ti accompagna durante i pasti \u00c8 un progetto innovativo che offre un servizio di traduzione simultanea dalla lingua parlata alla lingua dei segni. Grazie a un aiuto virtuale in grado di interpretare gesti e parole, le persone con disabilit\u00e0 uditiva possono, cos\u00ec, comunicare facilmente, migliorando la qualit\u00e0 della vita e favorendo l&#8217;integrazione [&hellip;]<\/p>","protected":false},"author":1,"featured_media":0,"parent":0,"menu_order":0,"comment_status":"closed","ping_status":"closed","template":"","meta":{"_acf_changed":false,"footnotes":""},"class_list":["post-3558","page","type-page","status-publish","hentry"],"acf":[],"yoast_head":"<!-- This site is optimized with the Yoast SEO plugin v24.5 - https:\/\/yoast.com\/wordpress\/plugins\/seo\/ -->\n<title>Ristorazione - Evodeaf<\/title>\n<meta name=\"robots\" content=\"index, follow, max-snippet:-1, max-image-preview:large, max-video-preview:-1\" \/>\n<link rel=\"canonical\" href=\"https:\/\/evodeaf.com\/es\/ristorazione\/\" \/>\n<meta property=\"og:locale\" content=\"es_ES\" \/>\n<meta property=\"og:type\" content=\"article\" \/>\n<meta property=\"og:title\" content=\"Ristorazione - Evodeaf\" \/>\n<meta property=\"og:description\" content=\"Ristorazione Evodeaf \u00e8 ti accompagna durante i pasti \u00c8 un progetto innovativo che offre un servizio di traduzione simultanea dalla lingua parlata alla lingua dei segni. Grazie a un aiuto virtuale in grado di interpretare gesti e parole, le persone con disabilit\u00e0 uditiva possono, cos\u00ec, comunicare facilmente, migliorando la qualit\u00e0 della vita e favorendo l&#8217;integrazione [&hellip;]\" \/>\n<meta property=\"og:url\" content=\"https:\/\/evodeaf.com\/es\/ristorazione\/\" \/>\n<meta property=\"og:site_name\" content=\"Evodeaf\" \/>\n<meta property=\"article:modified_time\" content=\"2023-08-07T07:00:35+00:00\" \/>\n<meta property=\"og:image\" content=\"https:\/\/evodeaf.com\/wp-content\/uploads\/2023\/08\/Ristorante_02_08_2023_15_24_58-300x149.png\" \/>\n<meta name=\"twitter:card\" content=\"summary_large_image\" \/>\n<meta name=\"twitter:label1\" content=\"Tiempo de lectura\" \/>\n\t<meta name=\"twitter:data1\" content=\"2 minutos\" \/>\n<script type=\"application\/ld+json\" class=\"yoast-schema-graph\">{\"@context\":\"https:\/\/schema.org\",\"@graph\":[{\"@type\":\"WebPage\",\"@id\":\"https:\/\/evodeaf.com\/en\/ristorazione\/\",\"url\":\"https:\/\/evodeaf.com\/en\/ristorazione\/\",\"name\":\"Ristorazione - Evodeaf\",\"isPartOf\":{\"@id\":\"https:\/\/evodeaf.com\/#website\"},\"primaryImageOfPage\":{\"@id\":\"https:\/\/evodeaf.com\/en\/ristorazione\/#primaryimage\"},\"image\":{\"@id\":\"https:\/\/evodeaf.com\/en\/ristorazione\/#primaryimage\"},\"thumbnailUrl\":\"https:\/\/evodeaf.com\/wp-content\/uploads\/2023\/08\/Ristorante_02_08_2023_15_24_58-300x149.png\",\"datePublished\":\"2023-06-29T08:19:44+00:00\",\"dateModified\":\"2023-08-07T07:00:35+00:00\",\"breadcrumb\":{\"@id\":\"https:\/\/evodeaf.com\/en\/ristorazione\/#breadcrumb\"},\"inLanguage\":\"es\",\"potentialAction\":[{\"@type\":\"ReadAction\",\"target\":[\"https:\/\/evodeaf.com\/en\/ristorazione\/\"]}]},{\"@type\":\"ImageObject\",\"inLanguage\":\"es\",\"@id\":\"https:\/\/evodeaf.com\/en\/ristorazione\/#primaryimage\",\"url\":\"https:\/\/evodeaf.com\/wp-content\/uploads\/2023\/08\/Ristorante_02_08_2023_15_24_58-300x149.png\",\"contentUrl\":\"https:\/\/evodeaf.com\/wp-content\/uploads\/2023\/08\/Ristorante_02_08_2023_15_24_58-300x149.png\"},{\"@type\":\"BreadcrumbList\",\"@id\":\"https:\/\/evodeaf.com\/en\/ristorazione\/#breadcrumb\",\"itemListElement\":[{\"@type\":\"ListItem\",\"position\":1,\"name\":\"Home\",\"item\":\"https:\/\/evodeaf.com\/\"},{\"@type\":\"ListItem\",\"position\":2,\"name\":\"Ristorazione\"}]},{\"@type\":\"WebSite\",\"@id\":\"https:\/\/evodeaf.com\/#website\",\"url\":\"https:\/\/evodeaf.com\/\",\"name\":\"Evodeaf\",\"description\":\"\",\"publisher\":{\"@id\":\"https:\/\/evodeaf.com\/#organization\"},\"potentialAction\":[{\"@type\":\"SearchAction\",\"target\":{\"@type\":\"EntryPoint\",\"urlTemplate\":\"https:\/\/evodeaf.com\/?s={search_term_string}\"},\"query-input\":{\"@type\":\"PropertyValueSpecification\",\"valueRequired\":true,\"valueName\":\"search_term_string\"}}],\"inLanguage\":\"es\"},{\"@type\":\"Organization\",\"@id\":\"https:\/\/evodeaf.com\/#organization\",\"name\":\"Evodeaf\",\"url\":\"https:\/\/evodeaf.com\/\",\"logo\":{\"@type\":\"ImageObject\",\"inLanguage\":\"es\",\"@id\":\"https:\/\/evodeaf.com\/#\/schema\/logo\/image\/\",\"url\":\"https:\/\/evodeaf.com\/wp-content\/uploads\/2023\/06\/logo_evodeaf_2_app_traduzione_lingua_segni.png\",\"contentUrl\":\"https:\/\/evodeaf.com\/wp-content\/uploads\/2023\/06\/logo_evodeaf_2_app_traduzione_lingua_segni.png\",\"width\":100,\"height\":132,\"caption\":\"Evodeaf\"},\"image\":{\"@id\":\"https:\/\/evodeaf.com\/#\/schema\/logo\/image\/\"}}]}<\/script>\n<!-- \/ Yoast SEO plugin. -->","yoast_head_json":{"title":"Ristorazione - Evodeaf","robots":{"index":"index","follow":"follow","max-snippet":"max-snippet:-1","max-image-preview":"max-image-preview:large","max-video-preview":"max-video-preview:-1"},"canonical":"https:\/\/evodeaf.com\/es\/ristorazione\/","og_locale":"es_ES","og_type":"article","og_title":"Ristorazione - Evodeaf","og_description":"Ristorazione Evodeaf \u00e8 ti accompagna durante i pasti \u00c8 un progetto innovativo che offre un servizio di traduzione simultanea dalla lingua parlata alla lingua dei segni. Grazie a un aiuto virtuale in grado di interpretare gesti e parole, le persone con disabilit\u00e0 uditiva possono, cos\u00ec, comunicare facilmente, migliorando la qualit\u00e0 della vita e favorendo l&#8217;integrazione [&hellip;]","og_url":"https:\/\/evodeaf.com\/es\/ristorazione\/","og_site_name":"Evodeaf","article_modified_time":"2023-08-07T07:00:35+00:00","og_image":[{"url":"https:\/\/evodeaf.com\/wp-content\/uploads\/2023\/08\/Ristorante_02_08_2023_15_24_58-300x149.png","type":"","width":"","height":""}],"twitter_card":"summary_large_image","twitter_misc":{"Tiempo de lectura":"2 minutos"},"schema":{"@context":"https:\/\/schema.org","@graph":[{"@type":"WebPage","@id":"https:\/\/evodeaf.com\/en\/ristorazione\/","url":"https:\/\/evodeaf.com\/en\/ristorazione\/","name":"Ristorazione - Evodeaf","isPartOf":{"@id":"https:\/\/evodeaf.com\/#website"},"primaryImageOfPage":{"@id":"https:\/\/evodeaf.com\/en\/ristorazione\/#primaryimage"},"image":{"@id":"https:\/\/evodeaf.com\/en\/ristorazione\/#primaryimage"},"thumbnailUrl":"https:\/\/evodeaf.com\/wp-content\/uploads\/2023\/08\/Ristorante_02_08_2023_15_24_58-300x149.png","datePublished":"2023-06-29T08:19:44+00:00","dateModified":"2023-08-07T07:00:35+00:00","breadcrumb":{"@id":"https:\/\/evodeaf.com\/en\/ristorazione\/#breadcrumb"},"inLanguage":"es","potentialAction":[{"@type":"ReadAction","target":["https:\/\/evodeaf.com\/en\/ristorazione\/"]}]},{"@type":"ImageObject","inLanguage":"es","@id":"https:\/\/evodeaf.com\/en\/ristorazione\/#primaryimage","url":"https:\/\/evodeaf.com\/wp-content\/uploads\/2023\/08\/Ristorante_02_08_2023_15_24_58-300x149.png","contentUrl":"https:\/\/evodeaf.com\/wp-content\/uploads\/2023\/08\/Ristorante_02_08_2023_15_24_58-300x149.png"},{"@type":"BreadcrumbList","@id":"https:\/\/evodeaf.com\/en\/ristorazione\/#breadcrumb","itemListElement":[{"@type":"ListItem","position":1,"name":"Home","item":"https:\/\/evodeaf.com\/"},{"@type":"ListItem","position":2,"name":"Ristorazione"}]},{"@type":"WebSite","@id":"https:\/\/evodeaf.com\/#website","url":"https:\/\/evodeaf.com\/","name":"Evodeaf","description":"","publisher":{"@id":"https:\/\/evodeaf.com\/#organization"},"potentialAction":[{"@type":"SearchAction","target":{"@type":"EntryPoint","urlTemplate":"https:\/\/evodeaf.com\/?s={search_term_string}"},"query-input":{"@type":"PropertyValueSpecification","valueRequired":true,"valueName":"search_term_string"}}],"inLanguage":"es"},{"@type":"Organization","@id":"https:\/\/evodeaf.com\/#organization","name":"Evodeaf","url":"https:\/\/evodeaf.com\/","logo":{"@type":"ImageObject","inLanguage":"es","@id":"https:\/\/evodeaf.com\/#\/schema\/logo\/image\/","url":"https:\/\/evodeaf.com\/wp-content\/uploads\/2023\/06\/logo_evodeaf_2_app_traduzione_lingua_segni.png","contentUrl":"https:\/\/evodeaf.com\/wp-content\/uploads\/2023\/06\/logo_evodeaf_2_app_traduzione_lingua_segni.png","width":100,"height":132,"caption":"Evodeaf"},"image":{"@id":"https:\/\/evodeaf.com\/#\/schema\/logo\/image\/"}}]}},"_links":{"self":[{"href":"https:\/\/evodeaf.com\/es\/wp-json\/wp\/v2\/pages\/3558","targetHints":{"allow":["GET"]}}],"collection":[{"href":"https:\/\/evodeaf.com\/es\/wp-json\/wp\/v2\/pages"}],"about":[{"href":"https:\/\/evodeaf.com\/es\/wp-json\/wp\/v2\/types\/page"}],"author":[{"embeddable":true,"href":"https:\/\/evodeaf.com\/es\/wp-json\/wp\/v2\/users\/1"}],"replies":[{"embeddable":true,"href":"https:\/\/evodeaf.com\/es\/wp-json\/wp\/v2\/comments?post=3558"}],"version-history":[{"count":54,"href":"https:\/\/evodeaf.com\/es\/wp-json\/wp\/v2\/pages\/3558\/revisions"}],"predecessor-version":[{"id":8484,"href":"https:\/\/evodeaf.com\/es\/wp-json\/wp\/v2\/pages\/3558\/revisions\/8484"}],"wp:attachment":[{"href":"https:\/\/evodeaf.com\/es\/wp-json\/wp\/v2\/media?parent=3558"}],"curies":[{"name":"wp","href":"https:\/\/api.w.org\/{rel}","templated":true}]}}