{"id":568,"date":"2023-06-28T16:32:57","date_gmt":"2023-06-28T14:32:57","guid":{"rendered":"https:\/\/site.evodeaf.com\/?page_id=568"},"modified":"2023-08-02T14:51:59","modified_gmt":"2023-08-02T12:51:59","slug":"salute","status":"publish","type":"page","link":"https:\/\/evodeaf.com\/en\/salute\/","title":{"rendered":"Health"},"content":{"rendered":"<div data-elementor-type=\"wp-page\" data-elementor-id=\"568\" class=\"elementor elementor-568\" data-elementor-post-type=\"page\">\n\t\t\t\t\t\t<section class=\"elementor-section elementor-top-section elementor-element elementor-element-b5913e3 elementor-section-height-min-height elementor-section-content-middle elementor-section-boxed elementor-section-height-default elementor-section-items-middle\" data-id=\"b5913e3\" data-element_type=\"section\" data-settings=\"{&quot;background_background&quot;:&quot;classic&quot;}\">\n\t\t\t\t\t\t<div class=\"elementor-container elementor-column-gap-default\">\n\t\t\t\t\t<div class=\"elementor-column elementor-col-100 elementor-top-column elementor-element elementor-element-6bb741e\" data-id=\"6bb741e\" data-element_type=\"column\">\n\t\t\t<div class=\"elementor-widget-wrap elementor-element-populated\">\n\t\t\t\t\t\t<div class=\"elementor-element elementor-element-2c19d27 elementor-widget__width-initial elementor-widget elementor-widget-heading\" data-id=\"2c19d27\" data-element_type=\"widget\" data-widget_type=\"heading.default\">\n\t\t\t\t<div class=\"elementor-widget-container\">\n\t\t\t\t\t<h1 class=\"elementor-heading-title elementor-size-default\">Health<\/h1>\t\t\t\t<\/div>\n\t\t\t\t<\/div>\n\t\t\t\t\t<\/div>\n\t\t<\/div>\n\t\t\t\t\t<\/div>\n\t\t<\/section>\n\t\t\t\t<section class=\"elementor-section elementor-top-section elementor-element elementor-element-9427bef elementor-section-height-min-height elementor-section-boxed elementor-section-height-default elementor-section-items-middle\" data-id=\"9427bef\" data-element_type=\"section\">\n\t\t\t\t\t\t<div class=\"elementor-container elementor-column-gap-default\">\n\t\t\t\t\t<div class=\"elementor-column elementor-col-100 elementor-top-column elementor-element elementor-element-f5c3c85\" data-id=\"f5c3c85\" data-element_type=\"column\">\n\t\t\t<div class=\"elementor-widget-wrap elementor-element-populated\">\n\t\t\t\t\t\t<div class=\"elementor-element elementor-element-f5e0c45 elementor-widget elementor-widget-image\" data-id=\"f5e0c45\" data-element_type=\"widget\" data-widget_type=\"image.default\">\n\t\t\t\t<div class=\"elementor-widget-container\">\n\t\t\t\t\t\t\t\t\t\t\t\t\t\t\t<img fetchpriority=\"high\" decoding=\"async\" width=\"300\" height=\"250\" src=\"https:\/\/evodeaf.com\/wp-content\/uploads\/2023\/06\/grafica_personalizzata_salute_evodeaf_app_traduzione_lingua_segni-300x250.png\" class=\"attachment-medium size-medium wp-image-3606\" alt=\"grafica_personalizzata_salute_evodeaf_app_traduzione_lingua_segni\" srcset=\"https:\/\/evodeaf.com\/wp-content\/uploads\/2023\/06\/grafica_personalizzata_salute_evodeaf_app_traduzione_lingua_segni-300x250.png 300w, https:\/\/evodeaf.com\/wp-content\/uploads\/2023\/06\/grafica_personalizzata_salute_evodeaf_app_traduzione_lingua_segni.png 600w\" sizes=\"(max-width: 300px) 100vw, 300px\" \/>\t\t\t\t\t\t\t\t\t\t\t\t\t\t\t<\/div>\n\t\t\t\t<\/div>\n\t\t\t\t<div class=\"elementor-element elementor-element-0cd770d elementor-widget__width-initial elementor-widget elementor-widget-heading\" data-id=\"0cd770d\" data-element_type=\"widget\" data-widget_type=\"heading.default\">\n\t\t\t\t<div class=\"elementor-widget-container\">\n\t\t\t\t\t<h2 class=\"elementor-heading-title elementor-size-default\">Evodeaf helps you to take control of your health<\/h2>\t\t\t\t<\/div>\n\t\t\t\t<\/div>\n\t\t\t\t<div class=\"elementor-element elementor-element-7ef89f0 elementor-widget__width-initial elementor-widget elementor-widget-text-editor\" data-id=\"7ef89f0\" data-element_type=\"widget\" data-widget_type=\"text-editor.default\">\n\t\t\t\t<div class=\"elementor-widget-container\">\n\t\t\t\t\t\t\t\t\t<p>\u00c8 un progetto innovativo che offre un servizio di traduzione simultanea dalla lingua parlata alla lingua dei segni. Grazie a un aiuto virtuale in grado di interpretare gesti e parole, le persone con disabilit\u00e0 uditiva possono, cos\u00ec, comunicare facilmente, migliorando la qualit\u00e0 della vita e favorendo l&#8217;integrazione sociale.<\/p>\t\t\t\t\t\t\t\t<\/div>\n\t\t\t\t<\/div>\n\t\t\t\t\t<\/div>\n\t\t<\/div>\n\t\t\t\t\t<\/div>\n\t\t<\/section>\n\t\t\t\t<section class=\"elementor-section elementor-top-section elementor-element elementor-element-7d87d31 elementor-section-full_width elementor-section-height-default elementor-section-height-default\" data-id=\"7d87d31\" data-element_type=\"section\">\n\t\t\t\t\t\t<div class=\"elementor-container elementor-column-gap-default\">\n\t\t\t\t\t<div class=\"elementor-column elementor-col-100 elementor-top-column elementor-element elementor-element-c5c4d26\" data-id=\"c5c4d26\" data-element_type=\"column\">\n\t\t\t<div class=\"elementor-widget-wrap elementor-element-populated\">\n\t\t\t\t\t\t<section class=\"elementor-section elementor-inner-section elementor-element elementor-element-8cb6d26 elementor-section-height-min-height elementor-section-full_width elementor-section-height-default\" data-id=\"8cb6d26\" data-element_type=\"section\">\n\t\t\t\t\t\t<div class=\"elementor-container elementor-column-gap-default\">\n\t\t\t\t\t<div class=\"elementor-column elementor-col-33 elementor-inner-column elementor-element elementor-element-e4e8715 elementor-invisible\" data-id=\"e4e8715\" data-element_type=\"column\" data-settings=\"{&quot;background_background&quot;:&quot;classic&quot;,&quot;animation&quot;:&quot;fadeInUp&quot;}\">\n\t\t\t<div class=\"elementor-widget-wrap elementor-element-populated\">\n\t\t\t\t\t\t<div class=\"elementor-element elementor-element-1a69cae elementor-widget elementor-widget-heading\" data-id=\"1a69cae\" data-element_type=\"widget\" data-widget_type=\"heading.default\">\n\t\t\t\t<div class=\"elementor-widget-container\">\n\t\t\t\t\t<h5 class=\"elementor-heading-title elementor-size-default\">Increased patient satisfaction<\/h5>\t\t\t\t<\/div>\n\t\t\t\t<\/div>\n\t\t\t\t<div class=\"elementor-element elementor-element-0fc7cbe elementor-widget elementor-widget-text-editor\" data-id=\"0fc7cbe\" data-element_type=\"widget\" data-widget_type=\"text-editor.default\">\n\t\t\t\t<div class=\"elementor-widget-container\">\n\t\t\t\t\t\t\t\t\t<p><span style=\"color: var( --e-global-color-primary ); font-family: var( --e-global-typography-text-font-family ), Sans-serif; font-size: var( --e-global-typography-text-font-size ); font-weight: var( --e-global-typography-text-font-weight ); letter-spacing: var( --e-global-typography-text-letter-spacing );\">Tendenzialmente, le persone affette da sordit\u00e0\u00a0<\/span>sono pi\u00f9 soddisfatte della loro esperienza sanitaria se in grado di\u00a0<span style=\"color: var( --e-global-color-primary ); font-family: var( --e-global-typography-text-font-family ), Sans-serif; font-size: var( --e-global-typography-text-font-size ); font-weight: var( --e-global-typography-text-font-weight ); letter-spacing: var( --e-global-typography-text-letter-spacing );\">you can easily communicate with the doctors.<\/span><\/p><p><span style=\"color: var( --e-global-color-primary ); font-family: var( --e-global-typography-text-font-family ), Sans-serif; font-size: var( --e-global-typography-text-font-size ); font-weight: var( --e-global-typography-text-font-weight ); letter-spacing: var( --e-global-typography-text-letter-spacing );\">Questo perch\u00e9 sono in grado di esprimere le proprie preoccupazioni, porre domande e discutere del trattamento in modo chiaro e comprensibile.<\/span><\/p><p><span style=\"color: var( --e-global-color-primary ); font-family: var( --e-global-typography-text-font-family ), Sans-serif; font-size: var( --e-global-typography-text-font-size ); font-weight: var( --e-global-typography-text-font-weight ); letter-spacing: var( --e-global-typography-text-letter-spacing );\">Soddisfatte della loro esperienza sanitaria, le persone sorde sono pi\u00f9 propense a seguire i consigli medici e aderire ai trattamenti.<\/span><\/p>\t\t\t\t\t\t\t\t<\/div>\n\t\t\t\t<\/div>\n\t\t\t\t\t<\/div>\n\t\t<\/div>\n\t\t\t\t<div class=\"elementor-column elementor-col-33 elementor-inner-column elementor-element elementor-element-6ded14f elementor-invisible\" data-id=\"6ded14f\" data-element_type=\"column\" data-settings=\"{&quot;background_background&quot;:&quot;classic&quot;,&quot;animation&quot;:&quot;fadeInUp&quot;}\">\n\t\t\t<div class=\"elementor-widget-wrap elementor-element-populated\">\n\t\t\t\t\t\t<div class=\"elementor-element elementor-element-bf739bb elementor-widget elementor-widget-heading\" data-id=\"bf739bb\" data-element_type=\"widget\" data-widget_type=\"heading.default\">\n\t\t\t\t<div class=\"elementor-widget-container\">\n\t\t\t\t\t<h5 class=\"elementor-heading-title elementor-size-default\">Migliore qualit\u00e0 dell'assistenza<\/h5>\t\t\t\t<\/div>\n\t\t\t\t<\/div>\n\t\t\t\t<div class=\"elementor-element elementor-element-6d0eb57 elementor-widget elementor-widget-text-editor\" data-id=\"6d0eb57\" data-element_type=\"widget\" data-widget_type=\"text-editor.default\">\n\t\t\t\t<div class=\"elementor-widget-container\">\n\t\t\t\t\t\t\t\t\t<p>La comunit\u00e0 sorda, attraverso Evodeaf, \u00e8 in grado di recepire al meglio<span style=\"color: var( --e-global-color-primary ); font-family: var( --e-global-typography-text-font-family ), Sans-serif; font-size: var( --e-global-typography-text-font-size ); font-weight: var( --e-global-typography-text-font-weight ); letter-spacing: var( --e-global-typography-text-letter-spacing );\">\u00a0the medical information dictated by medical staff.<\/span><\/p><p>A greater awareness allows patients to understand the risks and benefits of different treatments and make informed choices about their health.<\/p><p>Quando chi \u00e8 affetto da sordit\u00e0 riceve un&#8217;assistenza di qualit\u00e0 superiore, \u00e8 anche pi\u00f9 propenso a vivere una vita pi\u00f9 lunga e sana.<\/p>\t\t\t\t\t\t\t\t<\/div>\n\t\t\t\t<\/div>\n\t\t\t\t\t<\/div>\n\t\t<\/div>\n\t\t\t\t<div class=\"elementor-column elementor-col-33 elementor-inner-column elementor-element elementor-element-0273cfa elementor-invisible\" data-id=\"0273cfa\" data-element_type=\"column\" data-settings=\"{&quot;background_background&quot;:&quot;classic&quot;,&quot;animation&quot;:&quot;fadeInUp&quot;}\">\n\t\t\t<div class=\"elementor-widget-wrap elementor-element-populated\">\n\t\t\t\t\t\t<div class=\"elementor-element elementor-element-8febb7c elementor-widget elementor-widget-heading\" data-id=\"8febb7c\" data-element_type=\"widget\" data-widget_type=\"heading.default\">\n\t\t\t\t<div class=\"elementor-widget-container\">\n\t\t\t\t\t<h5 class=\"elementor-heading-title elementor-size-default\">Greater inclusion<\/h5>\t\t\t\t<\/div>\n\t\t\t\t<\/div>\n\t\t\t\t<div class=\"elementor-element elementor-element-1c6b192 elementor-widget elementor-widget-text-editor\" data-id=\"1c6b192\" data-element_type=\"widget\" data-widget_type=\"text-editor.default\">\n\t\t\t\t<div class=\"elementor-widget-container\">\n\t\t\t\t\t\t\t\t\t<p>L&#8217;uso di Evodeaf pu\u00f2 aiutare le aziende a creare un ambiente sanitario pi\u00f9 inclusivo per le persone sorde.<\/p><p>Questo pu\u00f2 contribuire a migliorare la reputazione dell&#8217;azienda e a attirare nuovi clienti.<\/p><p>Quando le aziende sono inclusive, sono in grado di servire un pubblico pi\u00f9 ampio e di contribuire a migliorare la societ\u00e0 nel suo complesso.<\/p>\t\t\t\t\t\t\t\t<\/div>\n\t\t\t\t<\/div>\n\t\t\t\t\t<\/div>\n\t\t<\/div>\n\t\t\t\t\t<\/div>\n\t\t<\/section>\n\t\t\t\t\t<\/div>\n\t\t<\/div>\n\t\t\t\t\t<\/div>\n\t\t<\/section>\n\t\t\t\t<\/div>","protected":false},"excerpt":{"rendered":"<p>Salute Evodeaf aiuta a tenere sotto controllo il tuo stato di salute \u00c8 un progetto innovativo che offre un servizio di traduzione simultanea dalla lingua parlata alla lingua dei segni. Grazie a un aiuto virtuale in grado di interpretare gesti e parole, le persone con disabilit\u00e0 uditiva possono, cos\u00ec, comunicare facilmente, migliorando la qualit\u00e0 della [&hellip;]<\/p>","protected":false},"author":1,"featured_media":0,"parent":0,"menu_order":0,"comment_status":"closed","ping_status":"closed","template":"","meta":{"_acf_changed":false,"footnotes":""},"class_list":["post-568","page","type-page","status-publish","hentry"],"acf":[],"yoast_head":"<!-- This site is optimized with the Yoast SEO plugin v24.5 - https:\/\/yoast.com\/wordpress\/plugins\/seo\/ -->\n<title>Salute - Evodeaf<\/title>\n<meta name=\"robots\" content=\"index, follow, max-snippet:-1, max-image-preview:large, max-video-preview:-1\" \/>\n<link rel=\"canonical\" href=\"https:\/\/evodeaf.com\/en\/salute\/\" \/>\n<meta property=\"og:locale\" content=\"en_US\" \/>\n<meta property=\"og:type\" content=\"article\" \/>\n<meta property=\"og:title\" content=\"Salute - Evodeaf\" \/>\n<meta property=\"og:description\" content=\"Salute Evodeaf aiuta a tenere sotto controllo il tuo stato di salute \u00c8 un progetto innovativo che offre un servizio di traduzione simultanea dalla lingua parlata alla lingua dei segni. Grazie a un aiuto virtuale in grado di interpretare gesti e parole, le persone con disabilit\u00e0 uditiva possono, cos\u00ec, comunicare facilmente, migliorando la qualit\u00e0 della [&hellip;]\" \/>\n<meta property=\"og:url\" content=\"https:\/\/evodeaf.com\/en\/salute\/\" \/>\n<meta property=\"og:site_name\" content=\"Evodeaf\" \/>\n<meta property=\"article:modified_time\" content=\"2023-08-02T12:51:59+00:00\" \/>\n<meta property=\"og:image\" content=\"https:\/\/evodeaf.com\/wp-content\/uploads\/2023\/06\/grafica_personalizzata_salute_evodeaf_app_traduzione_lingua_segni-300x250.png\" \/>\n<meta name=\"twitter:card\" content=\"summary_large_image\" \/>\n<meta name=\"twitter:label1\" content=\"Est. reading time\" \/>\n\t<meta name=\"twitter:data1\" content=\"2 minutes\" \/>\n<script type=\"application\/ld+json\" class=\"yoast-schema-graph\">{\"@context\":\"https:\/\/schema.org\",\"@graph\":[{\"@type\":\"WebPage\",\"@id\":\"https:\/\/evodeaf.com\/salute\/\",\"url\":\"https:\/\/evodeaf.com\/salute\/\",\"name\":\"Salute - Evodeaf\",\"isPartOf\":{\"@id\":\"https:\/\/evodeaf.com\/#website\"},\"primaryImageOfPage\":{\"@id\":\"https:\/\/evodeaf.com\/salute\/#primaryimage\"},\"image\":{\"@id\":\"https:\/\/evodeaf.com\/salute\/#primaryimage\"},\"thumbnailUrl\":\"https:\/\/evodeaf.com\/wp-content\/uploads\/2023\/06\/grafica_personalizzata_salute_evodeaf_app_traduzione_lingua_segni-300x250.png\",\"datePublished\":\"2023-06-28T14:32:57+00:00\",\"dateModified\":\"2023-08-02T12:51:59+00:00\",\"breadcrumb\":{\"@id\":\"https:\/\/evodeaf.com\/salute\/#breadcrumb\"},\"inLanguage\":\"en-US\",\"potentialAction\":[{\"@type\":\"ReadAction\",\"target\":[\"https:\/\/evodeaf.com\/salute\/\"]}]},{\"@type\":\"ImageObject\",\"inLanguage\":\"en-US\",\"@id\":\"https:\/\/evodeaf.com\/salute\/#primaryimage\",\"url\":\"https:\/\/evodeaf.com\/wp-content\/uploads\/2023\/06\/grafica_personalizzata_salute_evodeaf_app_traduzione_lingua_segni-300x250.png\",\"contentUrl\":\"https:\/\/evodeaf.com\/wp-content\/uploads\/2023\/06\/grafica_personalizzata_salute_evodeaf_app_traduzione_lingua_segni-300x250.png\"},{\"@type\":\"BreadcrumbList\",\"@id\":\"https:\/\/evodeaf.com\/salute\/#breadcrumb\",\"itemListElement\":[{\"@type\":\"ListItem\",\"position\":1,\"name\":\"Home\",\"item\":\"https:\/\/evodeaf.com\/\"},{\"@type\":\"ListItem\",\"position\":2,\"name\":\"Salute\"}]},{\"@type\":\"WebSite\",\"@id\":\"https:\/\/evodeaf.com\/#website\",\"url\":\"https:\/\/evodeaf.com\/\",\"name\":\"Evodeaf\",\"description\":\"\",\"publisher\":{\"@id\":\"https:\/\/evodeaf.com\/#organization\"},\"potentialAction\":[{\"@type\":\"SearchAction\",\"target\":{\"@type\":\"EntryPoint\",\"urlTemplate\":\"https:\/\/evodeaf.com\/?s={search_term_string}\"},\"query-input\":{\"@type\":\"PropertyValueSpecification\",\"valueRequired\":true,\"valueName\":\"search_term_string\"}}],\"inLanguage\":\"en-US\"},{\"@type\":\"Organization\",\"@id\":\"https:\/\/evodeaf.com\/#organization\",\"name\":\"Evodeaf\",\"url\":\"https:\/\/evodeaf.com\/\",\"logo\":{\"@type\":\"ImageObject\",\"inLanguage\":\"en-US\",\"@id\":\"https:\/\/evodeaf.com\/#\/schema\/logo\/image\/\",\"url\":\"https:\/\/evodeaf.com\/wp-content\/uploads\/2023\/06\/logo_evodeaf_2_app_traduzione_lingua_segni.png\",\"contentUrl\":\"https:\/\/evodeaf.com\/wp-content\/uploads\/2023\/06\/logo_evodeaf_2_app_traduzione_lingua_segni.png\",\"width\":100,\"height\":132,\"caption\":\"Evodeaf\"},\"image\":{\"@id\":\"https:\/\/evodeaf.com\/#\/schema\/logo\/image\/\"}}]}<\/script>\n<!-- \/ Yoast SEO plugin. -->","yoast_head_json":{"title":"Salute - Evodeaf","robots":{"index":"index","follow":"follow","max-snippet":"max-snippet:-1","max-image-preview":"max-image-preview:large","max-video-preview":"max-video-preview:-1"},"canonical":"https:\/\/evodeaf.com\/en\/salute\/","og_locale":"en_US","og_type":"article","og_title":"Salute - Evodeaf","og_description":"Salute Evodeaf aiuta a tenere sotto controllo il tuo stato di salute \u00c8 un progetto innovativo che offre un servizio di traduzione simultanea dalla lingua parlata alla lingua dei segni. Grazie a un aiuto virtuale in grado di interpretare gesti e parole, le persone con disabilit\u00e0 uditiva possono, cos\u00ec, comunicare facilmente, migliorando la qualit\u00e0 della [&hellip;]","og_url":"https:\/\/evodeaf.com\/en\/salute\/","og_site_name":"Evodeaf","article_modified_time":"2023-08-02T12:51:59+00:00","og_image":[{"url":"https:\/\/evodeaf.com\/wp-content\/uploads\/2023\/06\/grafica_personalizzata_salute_evodeaf_app_traduzione_lingua_segni-300x250.png","type":"","width":"","height":""}],"twitter_card":"summary_large_image","twitter_misc":{"Est. reading time":"2 minutes"},"schema":{"@context":"https:\/\/schema.org","@graph":[{"@type":"WebPage","@id":"https:\/\/evodeaf.com\/salute\/","url":"https:\/\/evodeaf.com\/salute\/","name":"Salute - Evodeaf","isPartOf":{"@id":"https:\/\/evodeaf.com\/#website"},"primaryImageOfPage":{"@id":"https:\/\/evodeaf.com\/salute\/#primaryimage"},"image":{"@id":"https:\/\/evodeaf.com\/salute\/#primaryimage"},"thumbnailUrl":"https:\/\/evodeaf.com\/wp-content\/uploads\/2023\/06\/grafica_personalizzata_salute_evodeaf_app_traduzione_lingua_segni-300x250.png","datePublished":"2023-06-28T14:32:57+00:00","dateModified":"2023-08-02T12:51:59+00:00","breadcrumb":{"@id":"https:\/\/evodeaf.com\/salute\/#breadcrumb"},"inLanguage":"en-US","potentialAction":[{"@type":"ReadAction","target":["https:\/\/evodeaf.com\/salute\/"]}]},{"@type":"ImageObject","inLanguage":"en-US","@id":"https:\/\/evodeaf.com\/salute\/#primaryimage","url":"https:\/\/evodeaf.com\/wp-content\/uploads\/2023\/06\/grafica_personalizzata_salute_evodeaf_app_traduzione_lingua_segni-300x250.png","contentUrl":"https:\/\/evodeaf.com\/wp-content\/uploads\/2023\/06\/grafica_personalizzata_salute_evodeaf_app_traduzione_lingua_segni-300x250.png"},{"@type":"BreadcrumbList","@id":"https:\/\/evodeaf.com\/salute\/#breadcrumb","itemListElement":[{"@type":"ListItem","position":1,"name":"Home","item":"https:\/\/evodeaf.com\/"},{"@type":"ListItem","position":2,"name":"Salute"}]},{"@type":"WebSite","@id":"https:\/\/evodeaf.com\/#website","url":"https:\/\/evodeaf.com\/","name":"Evodeaf","description":"","publisher":{"@id":"https:\/\/evodeaf.com\/#organization"},"potentialAction":[{"@type":"SearchAction","target":{"@type":"EntryPoint","urlTemplate":"https:\/\/evodeaf.com\/?s={search_term_string}"},"query-input":{"@type":"PropertyValueSpecification","valueRequired":true,"valueName":"search_term_string"}}],"inLanguage":"en-US"},{"@type":"Organization","@id":"https:\/\/evodeaf.com\/#organization","name":"Evodeaf","url":"https:\/\/evodeaf.com\/","logo":{"@type":"ImageObject","inLanguage":"en-US","@id":"https:\/\/evodeaf.com\/#\/schema\/logo\/image\/","url":"https:\/\/evodeaf.com\/wp-content\/uploads\/2023\/06\/logo_evodeaf_2_app_traduzione_lingua_segni.png","contentUrl":"https:\/\/evodeaf.com\/wp-content\/uploads\/2023\/06\/logo_evodeaf_2_app_traduzione_lingua_segni.png","width":100,"height":132,"caption":"Evodeaf"},"image":{"@id":"https:\/\/evodeaf.com\/#\/schema\/logo\/image\/"}}]}},"_links":{"self":[{"href":"https:\/\/evodeaf.com\/en\/wp-json\/wp\/v2\/pages\/568","targetHints":{"allow":["GET"]}}],"collection":[{"href":"https:\/\/evodeaf.com\/en\/wp-json\/wp\/v2\/pages"}],"about":[{"href":"https:\/\/evodeaf.com\/en\/wp-json\/wp\/v2\/types\/page"}],"author":[{"embeddable":true,"href":"https:\/\/evodeaf.com\/en\/wp-json\/wp\/v2\/users\/1"}],"replies":[{"embeddable":true,"href":"https:\/\/evodeaf.com\/en\/wp-json\/wp\/v2\/comments?post=568"}],"version-history":[{"count":56,"href":"https:\/\/evodeaf.com\/en\/wp-json\/wp\/v2\/pages\/568\/revisions"}],"predecessor-version":[{"id":8302,"href":"https:\/\/evodeaf.com\/en\/wp-json\/wp\/v2\/pages\/568\/revisions\/8302"}],"wp:attachment":[{"href":"https:\/\/evodeaf.com\/en\/wp-json\/wp\/v2\/media?parent=568"}],"curies":[{"name":"wp","href":"https:\/\/api.w.org\/{rel}","templated":true}]}}