{"id":4400,"date":"2023-07-03T12:16:50","date_gmt":"2023-07-03T10:16:50","guid":{"rendered":"https:\/\/site.evodeaf.com\/?page_id=4400"},"modified":"2023-08-02T15:07:29","modified_gmt":"2023-08-02T13:07:29","slug":"evodeaf-map","status":"publish","type":"page","link":"https:\/\/evodeaf.com\/en\/evodeaf-map\/","title":{"rendered":"Evodeaf map"},"content":{"rendered":"<div data-elementor-type=\"wp-page\" data-elementor-id=\"4400\" class=\"elementor elementor-4400\" data-elementor-post-type=\"page\">\n\t\t\t\t\t\t<section class=\"elementor-section elementor-top-section elementor-element elementor-element-ebd829c elementor-section-height-min-height elementor-section-boxed elementor-section-height-default elementor-section-items-middle\" data-id=\"ebd829c\" data-element_type=\"section\" data-settings=\"{&quot;background_background&quot;:&quot;classic&quot;}\">\n\t\t\t\t\t\t<div class=\"elementor-container elementor-column-gap-default\">\n\t\t\t\t\t<div class=\"elementor-column elementor-col-100 elementor-top-column elementor-element elementor-element-6f8d363\" data-id=\"6f8d363\" data-element_type=\"column\">\n\t\t\t<div class=\"elementor-widget-wrap elementor-element-populated\">\n\t\t\t\t\t\t<div class=\"elementor-element elementor-element-0a9c451 elementor-widget__width-initial elementor-widget elementor-widget-heading\" data-id=\"0a9c451\" data-element_type=\"widget\" data-widget_type=\"heading.default\">\n\t\t\t\t<div class=\"elementor-widget-container\">\n\t\t\t\t\t<h1 class=\"elementor-heading-title elementor-size-default\">Evodeaf Map<\/h1>\t\t\t\t<\/div>\n\t\t\t\t<\/div>\n\t\t\t\t\t<\/div>\n\t\t<\/div>\n\t\t\t\t\t<\/div>\n\t\t<\/section>\n\t\t\t\t<section class=\"elementor-section elementor-top-section elementor-element elementor-element-9da213b elementor-section-boxed elementor-section-height-default elementor-section-height-default\" data-id=\"9da213b\" data-element_type=\"section\">\n\t\t\t\t\t\t<div class=\"elementor-container elementor-column-gap-default\">\n\t\t\t\t\t\t<\/div>\n\t\t<\/section>\n\t\t\t\t<section class=\"elementor-section elementor-top-section elementor-element elementor-element-d3eb7d5 elementor-section-height-min-height elementor-section-boxed elementor-section-height-default elementor-section-items-middle\" data-id=\"d3eb7d5\" data-element_type=\"section\">\n\t\t\t\t\t\t<div class=\"elementor-container elementor-column-gap-default\">\n\t\t\t\t\t<div class=\"elementor-column elementor-col-100 elementor-top-column elementor-element elementor-element-4d1968f\" data-id=\"4d1968f\" data-element_type=\"column\">\n\t\t\t<div class=\"elementor-widget-wrap elementor-element-populated\">\n\t\t\t\t\t\t<div class=\"elementor-element elementor-element-133bcc0 elementor-widget elementor-widget-image\" data-id=\"133bcc0\" data-element_type=\"widget\" data-widget_type=\"image.default\">\n\t\t\t\t<div class=\"elementor-widget-container\">\n\t\t\t\t\t\t\t\t\t\t\t\t\t\t\t<img fetchpriority=\"high\" decoding=\"async\" width=\"300\" height=\"300\" src=\"https:\/\/evodeaf.com\/wp-content\/uploads\/2023\/07\/EvodeafMaps-300x300.png\" class=\"attachment-medium size-medium wp-image-5880\" alt=\"\" srcset=\"https:\/\/evodeaf.com\/wp-content\/uploads\/2023\/07\/EvodeafMaps-300x300.png 300w, https:\/\/evodeaf.com\/wp-content\/uploads\/2023\/07\/EvodeafMaps-100x100.png 100w, https:\/\/evodeaf.com\/wp-content\/uploads\/2023\/07\/EvodeafMaps-150x150.png 150w, https:\/\/evodeaf.com\/wp-content\/uploads\/2023\/07\/EvodeafMaps.png 500w\" sizes=\"(max-width: 300px) 100vw, 300px\" \/>\t\t\t\t\t\t\t\t\t\t\t\t\t\t\t<\/div>\n\t\t\t\t<\/div>\n\t\t\t\t<div class=\"elementor-element elementor-element-2307597 elementor-widget__width-initial elementor-widget elementor-widget-text-editor\" data-id=\"2307597\" data-element_type=\"widget\" data-widget_type=\"text-editor.default\">\n\t\t\t\t<div class=\"elementor-widget-container\">\n\t\t\t\t\t\t\t\t\t<p>Evodeaf Map \u00e8 una funzione che consente agli utenti di cercare attivit\u00e0 sensibili al mondo dei sordi. Attraverso questa funzione, \u00e8 possibile individuare e scoprire facilmente attivit\u00e0, luoghi e servizi che utilizzano o adottano tecnologie hardware e software di Evodeaf per rendere l&#8217;esperienza accessibile a chiunque. Evodeaf Map offre una mappa interattiva e intuitiva che mostra una variet\u00e0 di attivit\u00e0 sensibili al mondo dei sordi, creando un ambiente inclusivo e consapevole delle varie esigenze. Gli utenti possono cercare attivit\u00e0 nella loro zona o in una destinazione specifica, pianificando la quotidianit\u00e0 o viaggi in modo sicuro e senza problemi.<\/p>\t\t\t\t\t\t\t\t<\/div>\n\t\t\t\t<\/div>\n\t\t\t\t\t<\/div>\n\t\t<\/div>\n\t\t\t\t\t<\/div>\n\t\t<\/section>\n\t\t\t\t<section class=\"elementor-section elementor-top-section elementor-element elementor-element-71b02c1 elementor-section-full_width elementor-section-height-default elementor-section-height-default\" data-id=\"71b02c1\" data-element_type=\"section\">\n\t\t\t\t\t\t<div class=\"elementor-container elementor-column-gap-default\">\n\t\t\t\t\t<div class=\"elementor-column elementor-col-100 elementor-top-column elementor-element elementor-element-d27f79f\" data-id=\"d27f79f\" data-element_type=\"column\">\n\t\t\t<div class=\"elementor-widget-wrap elementor-element-populated\">\n\t\t\t\t\t\t<section class=\"elementor-section elementor-inner-section elementor-element elementor-element-f1be2ea elementor-section-height-min-height elementor-section-boxed elementor-section-height-default\" data-id=\"f1be2ea\" data-element_type=\"section\">\n\t\t\t\t\t\t<div class=\"elementor-container elementor-column-gap-default\">\n\t\t\t\t\t<div class=\"elementor-column elementor-col-33 elementor-inner-column elementor-element elementor-element-978d3d6 elementor-invisible\" data-id=\"978d3d6\" data-element_type=\"column\" data-settings=\"{&quot;background_background&quot;:&quot;classic&quot;,&quot;animation&quot;:&quot;fadeInUp&quot;}\">\n\t\t\t<div class=\"elementor-widget-wrap elementor-element-populated\">\n\t\t\t\t\t\t<div class=\"elementor-element elementor-element-7600aa2 elementor-widget elementor-widget-heading\" data-id=\"7600aa2\" data-element_type=\"widget\" data-widget_type=\"heading.default\">\n\t\t\t\t<div class=\"elementor-widget-container\">\n\t\t\t\t\t<h5 class=\"elementor-heading-title elementor-size-default\">Accessibiit\u00e0 migliorata<\/h5>\t\t\t\t<\/div>\n\t\t\t\t<\/div>\n\t\t\t\t<div class=\"elementor-element elementor-element-66f1670 elementor-widget elementor-widget-text-editor\" data-id=\"66f1670\" data-element_type=\"widget\" data-widget_type=\"text-editor.default\">\n\t\t\t\t<div class=\"elementor-widget-container\">\n\t\t\t\t\t\t\t\t\t<p>Utilizzare Evodeaf Map consente alle persone sorde di individuare facilmente attivit\u00e0 e luoghi che comprendono e supportano le loro esigenze.<\/p><p>Questa funzione aiuta a creare un ambiente inclusivo dove chiunque possa accedere a servizi, luoghi di interesse e attivit\u00e0 che utilizzino le tecnologie di Evodeaf per migliorare l&#8217;accessibilit\u00e0.<\/p>\t\t\t\t\t\t\t\t<\/div>\n\t\t\t\t<\/div>\n\t\t\t\t\t<\/div>\n\t\t<\/div>\n\t\t\t\t<div class=\"elementor-column elementor-col-33 elementor-inner-column elementor-element elementor-element-f037752 elementor-invisible\" data-id=\"f037752\" data-element_type=\"column\" data-settings=\"{&quot;background_background&quot;:&quot;classic&quot;,&quot;animation&quot;:&quot;fadeInUp&quot;}\">\n\t\t\t<div class=\"elementor-widget-wrap elementor-element-populated\">\n\t\t\t\t\t\t<div class=\"elementor-element elementor-element-a259f1a elementor-widget elementor-widget-heading\" data-id=\"a259f1a\" data-element_type=\"widget\" data-widget_type=\"heading.default\">\n\t\t\t\t<div class=\"elementor-widget-container\">\n\t\t\t\t\t<h5 class=\"elementor-heading-title elementor-size-default\">Predictive search<\/h5>\t\t\t\t<\/div>\n\t\t\t\t<\/div>\n\t\t\t\t<div class=\"elementor-element elementor-element-4aabac3 elementor-widget elementor-widget-text-editor\" data-id=\"4aabac3\" data-element_type=\"widget\" data-widget_type=\"text-editor.default\">\n\t\t\t\t<div class=\"elementor-widget-container\">\n\t\t\t\t\t\t\t\t\t<p>Evodeaf Map offre una mappa interattiva e intuitiva che semplifica la ricerca di attivit\u00e0 sensibili al mondo dei sordi.<\/p><p>Users can search for places and services in their local area or in a desired destination, saving you time and effort in the search of places accessible.\u00a0<\/p>\t\t\t\t\t\t\t\t<\/div>\n\t\t\t\t<\/div>\n\t\t\t\t\t<\/div>\n\t\t<\/div>\n\t\t\t\t<div class=\"elementor-column elementor-col-33 elementor-inner-column elementor-element elementor-element-e63a801 elementor-invisible\" data-id=\"e63a801\" data-element_type=\"column\" data-settings=\"{&quot;background_background&quot;:&quot;classic&quot;,&quot;animation&quot;:&quot;fadeInUp&quot;}\">\n\t\t\t<div class=\"elementor-widget-wrap elementor-element-populated\">\n\t\t\t\t\t\t<div class=\"elementor-element elementor-element-033fd55 elementor-widget elementor-widget-heading\" data-id=\"033fd55\" data-element_type=\"widget\" data-widget_type=\"heading.default\">\n\t\t\t\t<div class=\"elementor-widget-container\">\n\t\t\t\t\t<h5 class=\"elementor-heading-title elementor-size-default\">The promotion of inclusion<\/h5>\t\t\t\t<\/div>\n\t\t\t\t<\/div>\n\t\t\t\t<div class=\"elementor-element elementor-element-3238aba elementor-widget elementor-widget-text-editor\" data-id=\"3238aba\" data-element_type=\"widget\" data-widget_type=\"text-editor.default\">\n\t\t\t\t<div class=\"elementor-widget-container\">\n\t\t\t\t\t\t\t\t\t<p>La funzione Evodeaf Map aiuta a creare consapevolezza e connessione tra le comunit\u00e0 udenti e sorde, incoraggiando la collaborazione e la creazione di un ambiente pi\u00f9 inclusivo per tutti.<\/p>\n<p>Le attivit\u00e0 che compaiono su Evodeaf Map dimostrano il loro impegno nell&#8217;accogliere le persone sorde e nell&#8217;offrire servizi accessibili.<\/p>\t\t\t\t\t\t\t\t<\/div>\n\t\t\t\t<\/div>\n\t\t\t\t\t<\/div>\n\t\t<\/div>\n\t\t\t\t\t<\/div>\n\t\t<\/section>\n\t\t\t\t\t<\/div>\n\t\t<\/div>\n\t\t\t\t\t<\/div>\n\t\t<\/section>\n\t\t\t\t<\/div>","protected":false},"excerpt":{"rendered":"<p>Evodeaf Map Evodeaf Map \u00e8 una funzione che consente agli utenti di cercare attivit\u00e0 sensibili al mondo dei sordi. Attraverso questa funzione, \u00e8 possibile individuare e scoprire facilmente attivit\u00e0, luoghi e servizi che utilizzano o adottano tecnologie hardware e software di Evodeaf per rendere l&#8217;esperienza accessibile a chiunque. Evodeaf Map offre una mappa interattiva e [&hellip;]<\/p>","protected":false},"author":1,"featured_media":0,"parent":0,"menu_order":0,"comment_status":"closed","ping_status":"closed","template":"","meta":{"_acf_changed":false,"footnotes":""},"class_list":["post-4400","page","type-page","status-publish","hentry"],"acf":[],"yoast_head":"<!-- This site is optimized with the Yoast SEO plugin v24.5 - https:\/\/yoast.com\/wordpress\/plugins\/seo\/ -->\n<title>Evodeaf map - Evodeaf<\/title>\n<meta name=\"robots\" content=\"index, follow, max-snippet:-1, max-image-preview:large, max-video-preview:-1\" \/>\n<link rel=\"canonical\" href=\"https:\/\/evodeaf.com\/en\/evodeaf-map\/\" \/>\n<meta property=\"og:locale\" content=\"en_US\" \/>\n<meta property=\"og:type\" content=\"article\" \/>\n<meta property=\"og:title\" content=\"Evodeaf map - Evodeaf\" \/>\n<meta property=\"og:description\" content=\"Evodeaf Map Evodeaf Map \u00e8 una funzione che consente agli utenti di cercare attivit\u00e0 sensibili al mondo dei sordi. Attraverso questa funzione, \u00e8 possibile individuare e scoprire facilmente attivit\u00e0, luoghi e servizi che utilizzano o adottano tecnologie hardware e software di Evodeaf per rendere l&#8217;esperienza accessibile a chiunque. Evodeaf Map offre una mappa interattiva e [&hellip;]\" \/>\n<meta property=\"og:url\" content=\"https:\/\/evodeaf.com\/en\/evodeaf-map\/\" \/>\n<meta property=\"og:site_name\" content=\"Evodeaf\" \/>\n<meta property=\"article:modified_time\" content=\"2023-08-02T13:07:29+00:00\" \/>\n<meta property=\"og:image\" content=\"https:\/\/evodeaf.com\/wp-content\/uploads\/2023\/07\/EvodeafMaps-300x300.png\" \/>\n<meta name=\"twitter:card\" content=\"summary_large_image\" \/>\n<meta name=\"twitter:label1\" content=\"Est. reading time\" \/>\n\t<meta name=\"twitter:data1\" content=\"2 minutes\" \/>\n<script type=\"application\/ld+json\" class=\"yoast-schema-graph\">{\"@context\":\"https:\/\/schema.org\",\"@graph\":[{\"@type\":\"WebPage\",\"@id\":\"https:\/\/evodeaf.com\/evodeaf-map\/\",\"url\":\"https:\/\/evodeaf.com\/evodeaf-map\/\",\"name\":\"Evodeaf map - Evodeaf\",\"isPartOf\":{\"@id\":\"https:\/\/evodeaf.com\/#website\"},\"primaryImageOfPage\":{\"@id\":\"https:\/\/evodeaf.com\/evodeaf-map\/#primaryimage\"},\"image\":{\"@id\":\"https:\/\/evodeaf.com\/evodeaf-map\/#primaryimage\"},\"thumbnailUrl\":\"https:\/\/evodeaf.com\/wp-content\/uploads\/2023\/07\/EvodeafMaps-300x300.png\",\"datePublished\":\"2023-07-03T10:16:50+00:00\",\"dateModified\":\"2023-08-02T13:07:29+00:00\",\"breadcrumb\":{\"@id\":\"https:\/\/evodeaf.com\/evodeaf-map\/#breadcrumb\"},\"inLanguage\":\"en-US\",\"potentialAction\":[{\"@type\":\"ReadAction\",\"target\":[\"https:\/\/evodeaf.com\/evodeaf-map\/\"]}]},{\"@type\":\"ImageObject\",\"inLanguage\":\"en-US\",\"@id\":\"https:\/\/evodeaf.com\/evodeaf-map\/#primaryimage\",\"url\":\"https:\/\/evodeaf.com\/wp-content\/uploads\/2023\/07\/EvodeafMaps-300x300.png\",\"contentUrl\":\"https:\/\/evodeaf.com\/wp-content\/uploads\/2023\/07\/EvodeafMaps-300x300.png\"},{\"@type\":\"BreadcrumbList\",\"@id\":\"https:\/\/evodeaf.com\/evodeaf-map\/#breadcrumb\",\"itemListElement\":[{\"@type\":\"ListItem\",\"position\":1,\"name\":\"Home\",\"item\":\"https:\/\/evodeaf.com\/\"},{\"@type\":\"ListItem\",\"position\":2,\"name\":\"Evodeaf map\"}]},{\"@type\":\"WebSite\",\"@id\":\"https:\/\/evodeaf.com\/#website\",\"url\":\"https:\/\/evodeaf.com\/\",\"name\":\"Evodeaf\",\"description\":\"\",\"publisher\":{\"@id\":\"https:\/\/evodeaf.com\/#organization\"},\"potentialAction\":[{\"@type\":\"SearchAction\",\"target\":{\"@type\":\"EntryPoint\",\"urlTemplate\":\"https:\/\/evodeaf.com\/?s={search_term_string}\"},\"query-input\":{\"@type\":\"PropertyValueSpecification\",\"valueRequired\":true,\"valueName\":\"search_term_string\"}}],\"inLanguage\":\"en-US\"},{\"@type\":\"Organization\",\"@id\":\"https:\/\/evodeaf.com\/#organization\",\"name\":\"Evodeaf\",\"url\":\"https:\/\/evodeaf.com\/\",\"logo\":{\"@type\":\"ImageObject\",\"inLanguage\":\"en-US\",\"@id\":\"https:\/\/evodeaf.com\/#\/schema\/logo\/image\/\",\"url\":\"https:\/\/evodeaf.com\/wp-content\/uploads\/2023\/06\/logo_evodeaf_2_app_traduzione_lingua_segni.png\",\"contentUrl\":\"https:\/\/evodeaf.com\/wp-content\/uploads\/2023\/06\/logo_evodeaf_2_app_traduzione_lingua_segni.png\",\"width\":100,\"height\":132,\"caption\":\"Evodeaf\"},\"image\":{\"@id\":\"https:\/\/evodeaf.com\/#\/schema\/logo\/image\/\"}}]}<\/script>\n<!-- \/ Yoast SEO plugin. -->","yoast_head_json":{"title":"Evodeaf map - Evodeaf","robots":{"index":"index","follow":"follow","max-snippet":"max-snippet:-1","max-image-preview":"max-image-preview:large","max-video-preview":"max-video-preview:-1"},"canonical":"https:\/\/evodeaf.com\/en\/evodeaf-map\/","og_locale":"en_US","og_type":"article","og_title":"Evodeaf map - Evodeaf","og_description":"Evodeaf Map Evodeaf Map \u00e8 una funzione che consente agli utenti di cercare attivit\u00e0 sensibili al mondo dei sordi. Attraverso questa funzione, \u00e8 possibile individuare e scoprire facilmente attivit\u00e0, luoghi e servizi che utilizzano o adottano tecnologie hardware e software di Evodeaf per rendere l&#8217;esperienza accessibile a chiunque. Evodeaf Map offre una mappa interattiva e [&hellip;]","og_url":"https:\/\/evodeaf.com\/en\/evodeaf-map\/","og_site_name":"Evodeaf","article_modified_time":"2023-08-02T13:07:29+00:00","og_image":[{"url":"https:\/\/evodeaf.com\/wp-content\/uploads\/2023\/07\/EvodeafMaps-300x300.png","type":"","width":"","height":""}],"twitter_card":"summary_large_image","twitter_misc":{"Est. reading time":"2 minutes"},"schema":{"@context":"https:\/\/schema.org","@graph":[{"@type":"WebPage","@id":"https:\/\/evodeaf.com\/evodeaf-map\/","url":"https:\/\/evodeaf.com\/evodeaf-map\/","name":"Evodeaf map - Evodeaf","isPartOf":{"@id":"https:\/\/evodeaf.com\/#website"},"primaryImageOfPage":{"@id":"https:\/\/evodeaf.com\/evodeaf-map\/#primaryimage"},"image":{"@id":"https:\/\/evodeaf.com\/evodeaf-map\/#primaryimage"},"thumbnailUrl":"https:\/\/evodeaf.com\/wp-content\/uploads\/2023\/07\/EvodeafMaps-300x300.png","datePublished":"2023-07-03T10:16:50+00:00","dateModified":"2023-08-02T13:07:29+00:00","breadcrumb":{"@id":"https:\/\/evodeaf.com\/evodeaf-map\/#breadcrumb"},"inLanguage":"en-US","potentialAction":[{"@type":"ReadAction","target":["https:\/\/evodeaf.com\/evodeaf-map\/"]}]},{"@type":"ImageObject","inLanguage":"en-US","@id":"https:\/\/evodeaf.com\/evodeaf-map\/#primaryimage","url":"https:\/\/evodeaf.com\/wp-content\/uploads\/2023\/07\/EvodeafMaps-300x300.png","contentUrl":"https:\/\/evodeaf.com\/wp-content\/uploads\/2023\/07\/EvodeafMaps-300x300.png"},{"@type":"BreadcrumbList","@id":"https:\/\/evodeaf.com\/evodeaf-map\/#breadcrumb","itemListElement":[{"@type":"ListItem","position":1,"name":"Home","item":"https:\/\/evodeaf.com\/"},{"@type":"ListItem","position":2,"name":"Evodeaf map"}]},{"@type":"WebSite","@id":"https:\/\/evodeaf.com\/#website","url":"https:\/\/evodeaf.com\/","name":"Evodeaf","description":"","publisher":{"@id":"https:\/\/evodeaf.com\/#organization"},"potentialAction":[{"@type":"SearchAction","target":{"@type":"EntryPoint","urlTemplate":"https:\/\/evodeaf.com\/?s={search_term_string}"},"query-input":{"@type":"PropertyValueSpecification","valueRequired":true,"valueName":"search_term_string"}}],"inLanguage":"en-US"},{"@type":"Organization","@id":"https:\/\/evodeaf.com\/#organization","name":"Evodeaf","url":"https:\/\/evodeaf.com\/","logo":{"@type":"ImageObject","inLanguage":"en-US","@id":"https:\/\/evodeaf.com\/#\/schema\/logo\/image\/","url":"https:\/\/evodeaf.com\/wp-content\/uploads\/2023\/06\/logo_evodeaf_2_app_traduzione_lingua_segni.png","contentUrl":"https:\/\/evodeaf.com\/wp-content\/uploads\/2023\/06\/logo_evodeaf_2_app_traduzione_lingua_segni.png","width":100,"height":132,"caption":"Evodeaf"},"image":{"@id":"https:\/\/evodeaf.com\/#\/schema\/logo\/image\/"}}]}},"_links":{"self":[{"href":"https:\/\/evodeaf.com\/en\/wp-json\/wp\/v2\/pages\/4400","targetHints":{"allow":["GET"]}}],"collection":[{"href":"https:\/\/evodeaf.com\/en\/wp-json\/wp\/v2\/pages"}],"about":[{"href":"https:\/\/evodeaf.com\/en\/wp-json\/wp\/v2\/types\/page"}],"author":[{"embeddable":true,"href":"https:\/\/evodeaf.com\/en\/wp-json\/wp\/v2\/users\/1"}],"replies":[{"embeddable":true,"href":"https:\/\/evodeaf.com\/en\/wp-json\/wp\/v2\/comments?post=4400"}],"version-history":[{"count":48,"href":"https:\/\/evodeaf.com\/en\/wp-json\/wp\/v2\/pages\/4400\/revisions"}],"predecessor-version":[{"id":8330,"href":"https:\/\/evodeaf.com\/en\/wp-json\/wp\/v2\/pages\/4400\/revisions\/8330"}],"wp:attachment":[{"href":"https:\/\/evodeaf.com\/en\/wp-json\/wp\/v2\/media?parent=4400"}],"curies":[{"name":"wp","href":"https:\/\/api.w.org\/{rel}","templated":true}]}}